{"id":1047,"date":"2022-03-14T16:51:39","date_gmt":"2022-03-14T19:51:39","guid":{"rendered":"https:\/\/pos.uel.br\/gbm\/?page_id=1047"},"modified":"2022-03-14T16:56:15","modified_gmt":"2022-03-14T19:56:15","slug":"regulamentacao-da-pos-stricto-sensu","status":"publish","type":"page","link":"https:\/\/pos.uel.br\/gbm\/regulamentacao-da-pos-stricto-sensu\/","title":{"rendered":"Regulamenta\u00e7\u00e3o da P\u00f3s stricto sensu"},"content":{"rendered":"\n<p><a href=\"https:\/\/pos.uel.br\/gbm\/wp-content\/uploads\/2022\/03\/RegulamentoStrictosensu-2016-2-CEPE-37-2016.pdf\" data-type=\"URL\" data-id=\"https:\/\/pos.uel.br\/gbm\/wp-content\/uploads\/2022\/03\/RegulamentoStrictosensu-2016-2-CEPE-37-2016.pdf\" target=\"_blank\" rel=\"noreferrer noopener\">baixe a regulamenta\u00e7\u00e3o em pdf<\/a><\/p>\n","protected":false},"excerpt":{"rendered":"<p>baixe a regulamenta\u00e7\u00e3o em pdf<\/p>\n","protected":false},"author":8,"featured_media":0,"parent":0,"menu_order":0,"comment_status":"closed","ping_status":"closed","template":"","meta":{"footnotes":""},"class_list":["post-1047","page","type-page","status-publish","hentry"],"_links":{"self":[{"href":"https:\/\/pos.uel.br\/gbm\/wp-json\/wp\/v2\/pages\/1047","targetHints":{"allow":["GET"]}}],"collection":[{"href":"https:\/\/pos.uel.br\/gbm\/wp-json\/wp\/v2\/pages"}],"about":[{"href":"https:\/\/pos.uel.br\/gbm\/wp-json\/wp\/v2\/types\/page"}],"author":[{"embeddable":true,"href":"https:\/\/pos.uel.br\/gbm\/wp-json\/wp\/v2\/users\/8"}],"replies":[{"embeddable":true,"href":"https:\/\/pos.uel.br\/gbm\/wp-json\/wp\/v2\/comments?post=1047"}],"version-history":[{"count":3,"href":"https:\/\/pos.uel.br\/gbm\/wp-json\/wp\/v2\/pages\/1047\/revisions"}],"predecessor-version":[{"id":1052,"href":"https:\/\/pos.uel.br\/gbm\/wp-json\/wp\/v2\/pages\/1047\/revisions\/1052"}],"wp:attachment":[{"href":"https:\/\/pos.uel.br\/gbm\/wp-json\/wp\/v2\/media?parent=1047"}],"curies":[{"name":"wp","href":"https:\/\/api.w.org\/{rel}","templated":true}]}}