{"id":8,"date":"2021-04-29T13:56:29","date_gmt":"2021-04-29T16:56:29","guid":{"rendered":"https:\/\/pos.uel.br\/fisica\/?page_id=8"},"modified":"2026-01-27T15:33:07","modified_gmt":"2026-01-27T18:33:07","slug":"sobre-o-programa","status":"publish","type":"page","link":"https:\/\/pos.uel.br\/fisica\/posts\/sobre-o-programa\/","title":{"rendered":"Sobre o programa"},"content":{"rendered":"<div class=\"wp-block-image\">\n<figure class=\"aligncenter size-large is-resized\"><img loading=\"lazy\" decoding=\"async\" width=\"1024\" height=\"523\" src=\"https:\/\/pos.uel.br\/fisica\/wp-content\/uploads\/2026\/01\/LogoPPG_Nota5-1024x523.jpg\" alt=\"\" class=\"wp-image-1387\" style=\"width:734px;height:363px\" srcset=\"https:\/\/pos.uel.br\/fisica\/wp-content\/uploads\/2026\/01\/LogoPPG_Nota5-1024x523.jpg 1024w, https:\/\/pos.uel.br\/fisica\/wp-content\/uploads\/2026\/01\/LogoPPG_Nota5-300x153.jpg 300w, https:\/\/pos.uel.br\/fisica\/wp-content\/uploads\/2026\/01\/LogoPPG_Nota5-768x392.jpg 768w, https:\/\/pos.uel.br\/fisica\/wp-content\/uploads\/2026\/01\/LogoPPG_Nota5-1536x785.jpg 1536w, https:\/\/pos.uel.br\/fisica\/wp-content\/uploads\/2026\/01\/LogoPPG_Nota5-2048x1046.jpg 2048w\" sizes=\"auto, (max-width: 1024px) 100vw, 1024px\" \/><\/figure>\n<\/div>\n\n\n<p class=\"has-text-align-center\"><strong>\u00c1rea de concentra\u00e7\u00e3o:<\/strong> F\u00edsica\/Astronomia<br><strong>Conceito CAPES:<\/strong> 4<br><strong>Coordenador:<\/strong> Prof. Dr. Edson Laureto<br><strong>Vice-coordenador:<\/strong> Prof. Dr. Sandro Vitenti<br><strong>E-mail:<\/strong> <a href=\"mailto:posfisica@uel.br\">posfisica@uel.br<\/a> \/ <a href=\"mailto:spg@cce.uel.br\">spg@cce.uel.br<\/a><br><strong>Telefone:<\/strong> (43) 3371-4711<\/p>\n","protected":false},"excerpt":{"rendered":"<p>\u00c1rea de concentra\u00e7\u00e3o: F\u00edsica\/AstronomiaConceito CAPES: 4Coordenador: Prof. Dr. Edson LauretoVice-coordenador: Prof. Dr. Sandro VitentiE-mail: posfisica@uel.br \/ spg@cce.uel.brTelefone: (43) 3371-4711<\/p>\n","protected":false},"author":7,"featured_media":0,"parent":449,"menu_order":0,"comment_status":"closed","ping_status":"closed","template":"","meta":{"_acf_changed":false,"footnotes":""},"class_list":["post-8","page","type-page","status-publish","hentry"],"acf":[],"_links":{"self":[{"href":"https:\/\/pos.uel.br\/fisica\/wp-json\/wp\/v2\/pages\/8","targetHints":{"allow":["GET"]}}],"collection":[{"href":"https:\/\/pos.uel.br\/fisica\/wp-json\/wp\/v2\/pages"}],"about":[{"href":"https:\/\/pos.uel.br\/fisica\/wp-json\/wp\/v2\/types\/page"}],"author":[{"embeddable":true,"href":"https:\/\/pos.uel.br\/fisica\/wp-json\/wp\/v2\/users\/7"}],"replies":[{"embeddable":true,"href":"https:\/\/pos.uel.br\/fisica\/wp-json\/wp\/v2\/comments?post=8"}],"version-history":[{"count":7,"href":"https:\/\/pos.uel.br\/fisica\/wp-json\/wp\/v2\/pages\/8\/revisions"}],"predecessor-version":[{"id":1389,"href":"https:\/\/pos.uel.br\/fisica\/wp-json\/wp\/v2\/pages\/8\/revisions\/1389"}],"up":[{"embeddable":true,"href":"https:\/\/pos.uel.br\/fisica\/wp-json\/wp\/v2\/pages\/449"}],"wp:attachment":[{"href":"https:\/\/pos.uel.br\/fisica\/wp-json\/wp\/v2\/media?parent=8"}],"curies":[{"name":"wp","href":"https:\/\/api.w.org\/{rel}","templated":true}]}}