{"id":738,"date":"2021-10-04T21:34:35","date_gmt":"2021-10-05T00:34:35","guid":{"rendered":"https:\/\/pos.uel.br\/fisica\/?page_id=738"},"modified":"2021-10-04T21:35:26","modified_gmt":"2021-10-05T00:35:26","slug":"contatco","status":"publish","type":"page","link":"https:\/\/pos.uel.br\/fisica\/es\/acerca-del-programa\/contatco\/","title":{"rendered":"Contacto"},"content":{"rendered":"\n<p><strong>Coordinaci\u00f3n del programa <\/strong><\/p>\n\n\n\n<p>Coordinador: Prof. Dr. Edson Laureto <br>Vice-coordinador: Prof. Dr. Sandro Vitenti <br>Colegiado: Prof. Dr. Pedro Gomes <\/p>\n\n\n\n<p><strong>Secretario<\/strong><br>Tel\u00e9fono: (43) 3371-4711 \/ 3371-4879<br>correo electr\u00f3nico: spgcce@uel.br<\/p>\n\n\n\n<p><strong>Horas de oficina <\/strong><br>De lunes a viernes, de 8 a 12h y de 14 a 18h. <\/p>\n\n\n\n<p><strong>Direcci\u00f3n para correspondencia<\/strong><br>Universidad Estatal de Londrina <br>Departamento de F\u00edsica. Carretera Celso Garc\u00eda Cid | Pr 445 Km 380 | Campus universitario <br>Buz\u00f3n 6001 | CEP 86051-990 | Londrina &#8211; PR<\/p>\n","protected":false},"excerpt":{"rendered":"<p>Coordinaci\u00f3n del programa Coordinador: Prof. Dr. Edson Laureto Vice-coordinador: Prof. Dr. Sandro Vitenti Colegiado: Prof. Dr. Pedro Gomes SecretarioTel\u00e9fono: (43) 3371-4711 \/ 3371-4879correo electr\u00f3nico: spgcce@uel.br Horas de oficina De lunes a viernes, de 8 a 12h y de 14 a 18h. Direcci\u00f3n para correspondenciaUniversidad Estatal de Londrina Departamento de F\u00edsica. Carretera Celso Garc\u00eda Cid | [&hellip;]<\/p>\n","protected":false},"author":8,"featured_media":0,"parent":708,"menu_order":0,"comment_status":"closed","ping_status":"closed","template":"","meta":{"_acf_changed":false,"footnotes":""},"class_list":["post-738","page","type-page","status-publish","hentry"],"acf":[],"_links":{"self":[{"href":"https:\/\/pos.uel.br\/fisica\/wp-json\/wp\/v2\/pages\/738","targetHints":{"allow":["GET"]}}],"collection":[{"href":"https:\/\/pos.uel.br\/fisica\/wp-json\/wp\/v2\/pages"}],"about":[{"href":"https:\/\/pos.uel.br\/fisica\/wp-json\/wp\/v2\/types\/page"}],"author":[{"embeddable":true,"href":"https:\/\/pos.uel.br\/fisica\/wp-json\/wp\/v2\/users\/8"}],"replies":[{"embeddable":true,"href":"https:\/\/pos.uel.br\/fisica\/wp-json\/wp\/v2\/comments?post=738"}],"version-history":[{"count":2,"href":"https:\/\/pos.uel.br\/fisica\/wp-json\/wp\/v2\/pages\/738\/revisions"}],"predecessor-version":[{"id":740,"href":"https:\/\/pos.uel.br\/fisica\/wp-json\/wp\/v2\/pages\/738\/revisions\/740"}],"up":[{"embeddable":true,"href":"https:\/\/pos.uel.br\/fisica\/wp-json\/wp\/v2\/pages\/708"}],"wp:attachment":[{"href":"https:\/\/pos.uel.br\/fisica\/wp-json\/wp\/v2\/media?parent=738"}],"curies":[{"name":"wp","href":"https:\/\/api.w.org\/{rel}","templated":true}]}}