{"id":736,"date":"2021-10-04T21:30:06","date_gmt":"2021-10-05T00:30:06","guid":{"rendered":"https:\/\/pos.uel.br\/fisica\/?page_id=736"},"modified":"2021-10-04T21:30:06","modified_gmt":"2021-10-05T00:30:06","slug":"infraestructura","status":"publish","type":"page","link":"https:\/\/pos.uel.br\/fisica\/es\/acerca-del-programa\/infraestructura\/","title":{"rendered":"Infraestructura"},"content":{"rendered":"\n<p><\/p>\n\n\n\n<h4 class=\"wp-block-heading\">Laborat\u00f3rios de Investigaci\u00f3n<\/h4>\n\n\n\n<ul class=\"wp-block-list\"><li><a rel=\"noreferrer noopener\" href=\"http:\/\/www.fisica.uel.br\/gfna\/\" target=\"_blank\">Laboratorio de F\u00edsica Nuclear Aplicada<\/a><\/li><li><a rel=\"noreferrer noopener\" href=\"http:\/\/www.uel.br\/cce\/fisica\/goo\/portal\/\" target=\"_blank\">Laboratorio de \u00d3ptica y Optoelectr\u00f3nica<\/a><\/li><li><a rel=\"noreferrer noopener\" href=\"http:\/\/www.uel.br\/laboratorios\/filmat\/\" target=\"_blank\">Laboratorio de Pel\u00edculas y Materiales Delgados<\/a><\/li><li>Laboratorio de Fluoresc\u00eancia y Resonancia Paramagn\u00e9tica Eletr\u00f3nica<\/li><li><a rel=\"noreferrer noopener\" href=\"http:\/\/www.uel.br\/grupo-pesquisa\/atomol\/portal\/\" target=\"_blank\">LBMM \u2013 Laboratorio de Biof\u00edsica y Mec\u00e1nica Molecular<\/a><\/li><li><a rel=\"noreferrer noopener\" href=\"https:\/\/larxgestao.wixsite.com\/larx-uel\" data-type=\"URL\" data-id=\"https:\/\/larxgestao.wixsite.com\/larx-uel\" target=\"_blank\">Laboratorios de An\u00e1lisis de Rayos X<\/a><\/li><\/ul>\n\n\n\n<h4 class=\"wp-block-heading\">Laboratorios de Apoyo<\/h4>\n\n\n\n<ul class=\"wp-block-list\"><li>Oficina Mecanica;<\/li><li>Taller de Vidrio;<\/li><li>Laboratorio de Eletr\u00f3nica;<\/li><li>Laboratorio de Inform\u00e1tica.<\/li><\/ul>\n\n\n\n<h4 class=\"wp-block-heading\">Bibliotecas<\/h4>\n\n\n\n<p><a href=\"http:\/\/www.uel.br\/bc\/portal\/\" target=\"_blank\" rel=\"noreferrer noopener\">Sistema de Bibliotecas UEL<\/a><\/p>\n","protected":false},"excerpt":{"rendered":"<p>Laborat\u00f3rios de Investigaci\u00f3n Laboratorio de F\u00edsica Nuclear Aplicada Laboratorio de \u00d3ptica y Optoelectr\u00f3nica Laboratorio de Pel\u00edculas y Materiales Delgados Laboratorio de Fluoresc\u00eancia y Resonancia Paramagn\u00e9tica Eletr\u00f3nica LBMM \u2013 Laboratorio de Biof\u00edsica y Mec\u00e1nica Molecular Laboratorios de An\u00e1lisis de Rayos X Laboratorios de Apoyo Oficina Mecanica; Taller de Vidrio; Laboratorio de Eletr\u00f3nica; Laboratorio de Inform\u00e1tica. Bibliotecas [&hellip;]<\/p>\n","protected":false},"author":8,"featured_media":0,"parent":708,"menu_order":0,"comment_status":"closed","ping_status":"closed","template":"","meta":{"_acf_changed":false,"footnotes":""},"class_list":["post-736","page","type-page","status-publish","hentry"],"acf":[],"_links":{"self":[{"href":"https:\/\/pos.uel.br\/fisica\/wp-json\/wp\/v2\/pages\/736","targetHints":{"allow":["GET"]}}],"collection":[{"href":"https:\/\/pos.uel.br\/fisica\/wp-json\/wp\/v2\/pages"}],"about":[{"href":"https:\/\/pos.uel.br\/fisica\/wp-json\/wp\/v2\/types\/page"}],"author":[{"embeddable":true,"href":"https:\/\/pos.uel.br\/fisica\/wp-json\/wp\/v2\/users\/8"}],"replies":[{"embeddable":true,"href":"https:\/\/pos.uel.br\/fisica\/wp-json\/wp\/v2\/comments?post=736"}],"version-history":[{"count":1,"href":"https:\/\/pos.uel.br\/fisica\/wp-json\/wp\/v2\/pages\/736\/revisions"}],"predecessor-version":[{"id":737,"href":"https:\/\/pos.uel.br\/fisica\/wp-json\/wp\/v2\/pages\/736\/revisions\/737"}],"up":[{"embeddable":true,"href":"https:\/\/pos.uel.br\/fisica\/wp-json\/wp\/v2\/pages\/708"}],"wp:attachment":[{"href":"https:\/\/pos.uel.br\/fisica\/wp-json\/wp\/v2\/media?parent=736"}],"curies":[{"name":"wp","href":"https:\/\/api.w.org\/{rel}","templated":true}]}}