{"id":732,"date":"2021-10-04T21:16:48","date_gmt":"2021-10-05T00:16:48","guid":{"rendered":"https:\/\/pos.uel.br\/fisica\/?page_id=732"},"modified":"2021-10-04T22:05:18","modified_gmt":"2021-10-05T01:05:18","slug":"grupos-de-pesquisa-2","status":"publish","type":"page","link":"https:\/\/pos.uel.br\/fisica\/es\/grupos-de-pesquisa-2\/","title":{"rendered":"Grupos de Investigaci\u00f3n"},"content":{"rendered":"\n<p><a href=\"https:\/\/pos.uel.br\/fisica\/es\/grupos-de-pesquisa-2\/astrofisica-gravitacion-y-cosmologia\/\" data-type=\"page\" data-id=\"730\">Astrof\u00edsica, Gravitaci\u00f3n y Cosmolog\u00eda<\/a><\/p>\n\n\n\n<p><a href=\"https:\/\/pos.uel.br\/fisica\/es\/grupos-de-pesquisa-2\/fisica-nuclear-aplicada\/\" data-type=\"page\" data-id=\"727\">F\u00edsica Nuclear Aplicada<\/a><\/p>\n\n\n\n<p><a href=\"https:\/\/pos.uel.br\/fisica\/es\/grupos-de-pesquisa-2\/fisica-de-la-materia-condensada\/\" data-type=\"page\" data-id=\"725\">Fisica de la Materia Condensada<\/a><\/p>\n\n\n\n<p><a href=\"https:\/\/pos.uel.br\/fisica\/es\/grupos-de-pesquisa-2\/particulas-e-campos\/\" data-type=\"URL\" data-id=\"https:\/\/pos.uel.br\/fisica\/es\/grupos-de-pesquisa-2\/particulas-e-campos\/\">Particulas y Campos<\/a><\/p>\n","protected":false},"excerpt":{"rendered":"<p>Astrof\u00edsica, Gravitaci\u00f3n y Cosmolog\u00eda F\u00edsica Nuclear Aplicada Fisica de la Materia Condensada Particulas y Campos<\/p>\n","protected":false},"author":8,"featured_media":0,"parent":0,"menu_order":0,"comment_status":"closed","ping_status":"closed","template":"","meta":{"_acf_changed":false,"footnotes":""},"class_list":["post-732","page","type-page","status-publish","hentry"],"acf":[],"_links":{"self":[{"href":"https:\/\/pos.uel.br\/fisica\/wp-json\/wp\/v2\/pages\/732","targetHints":{"allow":["GET"]}}],"collection":[{"href":"https:\/\/pos.uel.br\/fisica\/wp-json\/wp\/v2\/pages"}],"about":[{"href":"https:\/\/pos.uel.br\/fisica\/wp-json\/wp\/v2\/types\/page"}],"author":[{"embeddable":true,"href":"https:\/\/pos.uel.br\/fisica\/wp-json\/wp\/v2\/users\/8"}],"replies":[{"embeddable":true,"href":"https:\/\/pos.uel.br\/fisica\/wp-json\/wp\/v2\/comments?post=732"}],"version-history":[{"count":3,"href":"https:\/\/pos.uel.br\/fisica\/wp-json\/wp\/v2\/pages\/732\/revisions"}],"predecessor-version":[{"id":776,"href":"https:\/\/pos.uel.br\/fisica\/wp-json\/wp\/v2\/pages\/732\/revisions\/776"}],"wp:attachment":[{"href":"https:\/\/pos.uel.br\/fisica\/wp-json\/wp\/v2\/media?parent=732"}],"curies":[{"name":"wp","href":"https:\/\/api.w.org\/{rel}","templated":true}]}}