{"id":730,"date":"2021-10-04T21:15:47","date_gmt":"2021-10-05T00:15:47","guid":{"rendered":"https:\/\/pos.uel.br\/fisica\/?page_id=730"},"modified":"2021-10-04T21:19:28","modified_gmt":"2021-10-05T00:19:28","slug":"astrofisica-gravitacion-y-cosmologia","status":"publish","type":"page","link":"https:\/\/pos.uel.br\/fisica\/es\/grupos-de-pesquisa-2\/astrofisica-gravitacion-y-cosmologia\/","title":{"rendered":"Astrof\u00edsica, Gravitaci\u00f3n y Cosmolog\u00eda"},"content":{"rendered":"\n<p>El grupo de Gravitaci\u00f3n, Cosmolog\u00eda y Astropart\u00edculas desarrolla investigaciones en varios frentes del gran campo de la astronom\u00eda, tanto de forma aut\u00f3noma como en colaboraci\u00f3n con universidades del pa\u00eds y del mundo. Los intereses del grupo son amplios, desde aspectos formales de la gravitaci\u00f3n cl\u00e1sica, como la termodin\u00e1mica de los agujeros negros, pasando por aspectos observacionales de la cosmolog\u00eda, cosmolog\u00eda num\u00e9rica, teor\u00eda de campos en espaciotiempo curvo y gravedad cu\u00e1ntica, adem\u00e1s de la f\u00edsica y la astrof\u00edsica de part\u00edculas elementales. El grupo tambi\u00e9n destaca por su participaci\u00f3n en importantes colaboraciones cient\u00edficas internacionales, como el Large Synoptic Survey Telescope (LSST), el Dark Energy Survey (DES) y el Jiangmen Underground Neutrino Observatory (JUNO). En los \u00faltimos a\u00f1os, los miembros del grupo han ido produciendo trabajos de relevancia internacional, con publicaciones en las revistas Journal of Cosmology y Astroarticle Physics, Physical Review D, Physics of the Dark Universe, entre otras.<\/p>\n","protected":false},"excerpt":{"rendered":"<p>El grupo de Gravitaci\u00f3n, Cosmolog\u00eda y Astropart\u00edculas desarrolla investigaciones en varios frentes del gran campo de la astronom\u00eda, tanto de forma aut\u00f3noma como en colaboraci\u00f3n con universidades del pa\u00eds y del mundo. Los intereses del grupo son amplios, desde aspectos formales de la gravitaci\u00f3n cl\u00e1sica, como la termodin\u00e1mica de los agujeros negros, pasando por aspectos [&hellip;]<\/p>\n","protected":false},"author":8,"featured_media":0,"parent":732,"menu_order":0,"comment_status":"closed","ping_status":"closed","template":"","meta":{"_acf_changed":false,"footnotes":""},"class_list":["post-730","page","type-page","status-publish","hentry"],"acf":[],"_links":{"self":[{"href":"https:\/\/pos.uel.br\/fisica\/wp-json\/wp\/v2\/pages\/730","targetHints":{"allow":["GET"]}}],"collection":[{"href":"https:\/\/pos.uel.br\/fisica\/wp-json\/wp\/v2\/pages"}],"about":[{"href":"https:\/\/pos.uel.br\/fisica\/wp-json\/wp\/v2\/types\/page"}],"author":[{"embeddable":true,"href":"https:\/\/pos.uel.br\/fisica\/wp-json\/wp\/v2\/users\/8"}],"replies":[{"embeddable":true,"href":"https:\/\/pos.uel.br\/fisica\/wp-json\/wp\/v2\/comments?post=730"}],"version-history":[{"count":1,"href":"https:\/\/pos.uel.br\/fisica\/wp-json\/wp\/v2\/pages\/730\/revisions"}],"predecessor-version":[{"id":731,"href":"https:\/\/pos.uel.br\/fisica\/wp-json\/wp\/v2\/pages\/730\/revisions\/731"}],"up":[{"embeddable":true,"href":"https:\/\/pos.uel.br\/fisica\/wp-json\/wp\/v2\/pages\/732"}],"wp:attachment":[{"href":"https:\/\/pos.uel.br\/fisica\/wp-json\/wp\/v2\/media?parent=730"}],"curies":[{"name":"wp","href":"https:\/\/api.w.org\/{rel}","templated":true}]}}