{"id":725,"date":"2021-10-04T21:14:53","date_gmt":"2021-10-05T00:14:53","guid":{"rendered":"https:\/\/pos.uel.br\/fisica\/?page_id=725"},"modified":"2021-10-04T22:05:34","modified_gmt":"2021-10-05T01:05:34","slug":"fisica-de-la-materia-condensada","status":"publish","type":"page","link":"https:\/\/pos.uel.br\/fisica\/es\/grupos-de-pesquisa-2\/fisica-de-la-materia-condensada\/","title":{"rendered":"Fisica de la Materia Condensada"},"content":{"rendered":"\n<p>El \u00e1rea de F\u00edsica de la Materia Condensada cuenta con investigadores que trabajan en varias l\u00edneas, centrandose en la investigaci\u00f3n de las propiedades de nuevos materiales y su aplicaci\u00f3n en una variedad de dispositivos. Hay un predominio de la actividad experimental en el \u00e1rea, pero tambi\u00e9n se exploran las propiedades de las estructuras moleculares a trav\u00e9s de simulaciones por computadora, as\u00ed como los aspectos reol\u00f3gicos y termodin\u00e1micos de los cristales l\u00edquidos. Para ello, los investigadores cuentan con una infraestructura en cuanto a equipos y t\u00e9cnicas disponibles en los laboratorios de investigaci\u00f3n, tanto aquellos ubicados en el propio departamento de F\u00edsica, como aquellos laboratorios multiusuario administrados por la Decanatura de Investigaci\u00f3n y Posgrado (PROPPG). Tambi\u00e9n hay colaboraciones con otros departamentos de la universidad, como el Departamento de Qu\u00edmica, Biolog\u00eda y Bioqu\u00edmica y Biotecnolog\u00eda, adem\u00e1s de la participaci\u00f3n de investigadores en las redes estatales y nacionales, como el Hub de Nanotecnolog\u00eda de Paran\u00e1 y el Instituto Nacional de Electr\u00f3nica Org\u00e1nica (INEO ).<\/p>\n","protected":false},"excerpt":{"rendered":"<p>El \u00e1rea de F\u00edsica de la Materia Condensada cuenta con investigadores que trabajan en varias l\u00edneas, centrandose en la investigaci\u00f3n de las propiedades de nuevos materiales y su aplicaci\u00f3n en una variedad de dispositivos. Hay un predominio de la actividad experimental en el \u00e1rea, pero tambi\u00e9n se exploran las propiedades de las estructuras moleculares a [&hellip;]<\/p>\n","protected":false},"author":8,"featured_media":0,"parent":732,"menu_order":0,"comment_status":"closed","ping_status":"closed","template":"","meta":{"_acf_changed":false,"footnotes":""},"class_list":["post-725","page","type-page","status-publish","hentry"],"acf":[],"_links":{"self":[{"href":"https:\/\/pos.uel.br\/fisica\/wp-json\/wp\/v2\/pages\/725","targetHints":{"allow":["GET"]}}],"collection":[{"href":"https:\/\/pos.uel.br\/fisica\/wp-json\/wp\/v2\/pages"}],"about":[{"href":"https:\/\/pos.uel.br\/fisica\/wp-json\/wp\/v2\/types\/page"}],"author":[{"embeddable":true,"href":"https:\/\/pos.uel.br\/fisica\/wp-json\/wp\/v2\/users\/8"}],"replies":[{"embeddable":true,"href":"https:\/\/pos.uel.br\/fisica\/wp-json\/wp\/v2\/comments?post=725"}],"version-history":[{"count":2,"href":"https:\/\/pos.uel.br\/fisica\/wp-json\/wp\/v2\/pages\/725\/revisions"}],"predecessor-version":[{"id":777,"href":"https:\/\/pos.uel.br\/fisica\/wp-json\/wp\/v2\/pages\/725\/revisions\/777"}],"up":[{"embeddable":true,"href":"https:\/\/pos.uel.br\/fisica\/wp-json\/wp\/v2\/pages\/732"}],"wp:attachment":[{"href":"https:\/\/pos.uel.br\/fisica\/wp-json\/wp\/v2\/media?parent=725"}],"curies":[{"name":"wp","href":"https:\/\/api.w.org\/{rel}","templated":true}]}}