{"id":721,"date":"2021-10-04T21:13:31","date_gmt":"2021-10-05T00:13:31","guid":{"rendered":"https:\/\/pos.uel.br\/fisica\/?page_id=721"},"modified":"2021-10-04T21:41:15","modified_gmt":"2021-10-05T00:41:15","slug":"estructura-curricular","status":"publish","type":"page","link":"https:\/\/pos.uel.br\/fisica\/es\/programa-de-maestria-y-doctorado-en-fisica\/estructura-curricular\/","title":{"rendered":"Estructura Curricular"},"content":{"rendered":"\n<p>Para obtener el t\u00edtulo de M\u00e1ster, el alumno deber\u00e1 completar al menos 1.500 (mil quinientas) horas, correspondientes a 100 cr\u00e9ditos, siendo 12 (doce) cr\u00e9ditos en materias b\u00e1sicas, 18 (dieciocho) cr\u00e9ditos en materias optativas, 04 (cuatro) cr\u00e9ditos en seminarios y 66 (sesenta y seis) cr\u00e9ditos en la disertaci\u00f3n (es decir, proyecto de investigaci\u00f3n).<\/p>\n\n\n\n<p>De igual manera, para obtener el t\u00edtulo de Doctor, el alumno deber\u00e1 cursar al menos 2.400 (dos mil cuatrocientas) horas, correspondientes a 160 cr\u00e9ditos, con 24 (veinticuatro) cr\u00e9ditos en materias b\u00e1sicas, 16 (dieciocho) cr\u00e9ditos en materias optativas. y 120 (ciento veinte) cr\u00e9ditos en la tesis (es decir, proyecto de investigaci\u00f3n).<\/p>\n","protected":false},"excerpt":{"rendered":"<p>Para obtener el t\u00edtulo de M\u00e1ster, el alumno deber\u00e1 completar al menos 1.500 (mil quinientas) horas, correspondientes a 100 cr\u00e9ditos, siendo 12 (doce) cr\u00e9ditos en materias b\u00e1sicas, 18 (dieciocho) cr\u00e9ditos en materias optativas, 04 (cuatro) cr\u00e9ditos en seminarios y 66 (sesenta y seis) cr\u00e9ditos en la disertaci\u00f3n (es decir, proyecto de investigaci\u00f3n). De igual manera, [&hellip;]<\/p>\n","protected":false},"author":8,"featured_media":0,"parent":743,"menu_order":0,"comment_status":"closed","ping_status":"closed","template":"","meta":{"_acf_changed":false,"footnotes":""},"class_list":["post-721","page","type-page","status-publish","hentry"],"acf":[],"_links":{"self":[{"href":"https:\/\/pos.uel.br\/fisica\/wp-json\/wp\/v2\/pages\/721","targetHints":{"allow":["GET"]}}],"collection":[{"href":"https:\/\/pos.uel.br\/fisica\/wp-json\/wp\/v2\/pages"}],"about":[{"href":"https:\/\/pos.uel.br\/fisica\/wp-json\/wp\/v2\/types\/page"}],"author":[{"embeddable":true,"href":"https:\/\/pos.uel.br\/fisica\/wp-json\/wp\/v2\/users\/8"}],"replies":[{"embeddable":true,"href":"https:\/\/pos.uel.br\/fisica\/wp-json\/wp\/v2\/comments?post=721"}],"version-history":[{"count":1,"href":"https:\/\/pos.uel.br\/fisica\/wp-json\/wp\/v2\/pages\/721\/revisions"}],"predecessor-version":[{"id":722,"href":"https:\/\/pos.uel.br\/fisica\/wp-json\/wp\/v2\/pages\/721\/revisions\/722"}],"up":[{"embeddable":true,"href":"https:\/\/pos.uel.br\/fisica\/wp-json\/wp\/v2\/pages\/743"}],"wp:attachment":[{"href":"https:\/\/pos.uel.br\/fisica\/wp-json\/wp\/v2\/media?parent=721"}],"curies":[{"name":"wp","href":"https:\/\/api.w.org\/{rel}","templated":true}]}}