{"id":719,"date":"2021-10-04T21:13:01","date_gmt":"2021-10-05T00:13:01","guid":{"rendered":"https:\/\/pos.uel.br\/fisica\/?page_id=719"},"modified":"2021-10-04T21:13:02","modified_gmt":"2021-10-05T00:13:02","slug":"estudiante-especial","status":"publish","type":"page","link":"https:\/\/pos.uel.br\/fisica\/es\/ingreso\/estudiante-especial\/","title":{"rendered":"Estudiante Especial"},"content":{"rendered":"\n<p>El PPG-F\u00edsica ofrece vacantes en la categor\u00eda de estudiante especial cada semestre. El alumno especial no necesita tutor ni proyecto de investigaci\u00f3n. Sin embargo, en esta categor\u00eda el estudiante puede cursar las asignaturas del programa junto con los estudiantes regulares. La categor\u00eda de estudiante especial tiene como objetivo atender a los estudiantes que no pudieron inscribirse en el proceso de selecci\u00f3n normal, ya sea por falta de documentaci\u00f3n o porque no alcanzaron hacer la inscripci\u00f3n a tiempo, pero que quieren adelantar sus actividades de investigaci\u00f3n en la fase de culminaci\u00f3n de las asignaturas. Los alumnos especiales que cursen y aprueben asignaturas del programa y que, dado el caso se conviertan en alumnos regulares, podr\u00e1n solicitar la convalidaci\u00f3n de estas asignaturas, eliminando as\u00ed una etapa de su curso.<\/p>\n","protected":false},"excerpt":{"rendered":"<p>El PPG-F\u00edsica ofrece vacantes en la categor\u00eda de estudiante especial cada semestre. El alumno especial no necesita tutor ni proyecto de investigaci\u00f3n. Sin embargo, en esta categor\u00eda el estudiante puede cursar las asignaturas del programa junto con los estudiantes regulares. La categor\u00eda de estudiante especial tiene como objetivo atender a los estudiantes que no pudieron [&hellip;]<\/p>\n","protected":false},"author":8,"featured_media":0,"parent":713,"menu_order":0,"comment_status":"closed","ping_status":"closed","template":"","meta":{"_acf_changed":false,"footnotes":""},"class_list":["post-719","page","type-page","status-publish","hentry"],"acf":[],"_links":{"self":[{"href":"https:\/\/pos.uel.br\/fisica\/wp-json\/wp\/v2\/pages\/719","targetHints":{"allow":["GET"]}}],"collection":[{"href":"https:\/\/pos.uel.br\/fisica\/wp-json\/wp\/v2\/pages"}],"about":[{"href":"https:\/\/pos.uel.br\/fisica\/wp-json\/wp\/v2\/types\/page"}],"author":[{"embeddable":true,"href":"https:\/\/pos.uel.br\/fisica\/wp-json\/wp\/v2\/users\/8"}],"replies":[{"embeddable":true,"href":"https:\/\/pos.uel.br\/fisica\/wp-json\/wp\/v2\/comments?post=719"}],"version-history":[{"count":1,"href":"https:\/\/pos.uel.br\/fisica\/wp-json\/wp\/v2\/pages\/719\/revisions"}],"predecessor-version":[{"id":720,"href":"https:\/\/pos.uel.br\/fisica\/wp-json\/wp\/v2\/pages\/719\/revisions\/720"}],"up":[{"embeddable":true,"href":"https:\/\/pos.uel.br\/fisica\/wp-json\/wp\/v2\/pages\/713"}],"wp:attachment":[{"href":"https:\/\/pos.uel.br\/fisica\/wp-json\/wp\/v2\/media?parent=719"}],"curies":[{"name":"wp","href":"https:\/\/api.w.org\/{rel}","templated":true}]}}