{"id":717,"date":"2021-10-04T21:12:39","date_gmt":"2021-10-05T00:12:39","guid":{"rendered":"https:\/\/pos.uel.br\/fisica\/?page_id=717"},"modified":"2021-10-04T21:36:50","modified_gmt":"2021-10-05T00:36:50","slug":"examen-unificado","status":"publish","type":"page","link":"https:\/\/pos.uel.br\/fisica\/es\/ingreso\/examen-unificado\/","title":{"rendered":"Examen Unificado de Posgrado en F\u00edsica"},"content":{"rendered":"\n<p>La admisi\u00f3n de nuevos estudiantes en el Programa es hecha con base en la nota del Examen Unificado de Posgrado en F\u00edsica. El examen se aplica dos veces al a\u00f1o, y el aspirante al PPG-F\u00edsica es totalmente responsable de inscribirse en el EUF y realizar el examen. Vale recalcar que las fechas del EUF son completamente independientes de los instructivos del PPG-F\u00edsica. Por lo tanto, los aspirantes deben prestar atenci\u00f3n a las fechas oficiales del EUF, para que las notas est\u00e9n disponibles a tiempo en la inscripci\u00f3n en el PPG-F\u00edsica.<\/p>\n\n\n\n<p>El PPG-F\u00edsica establece un per\u00edodo de validez de dos a\u00f1os para los ex\u00e1menes, y una nota de corte igual a 1.0 (uno punto cero). Debido a las diferencias en las fechas de los instructivos del PPG-F\u00edsica y del EUF, se pueden aceptar, en casos excepcionales, ex\u00e1menes con fechas de 2 a\u00f1os y 6 meses.<\/p>\n","protected":false},"excerpt":{"rendered":"<p>La admisi\u00f3n de nuevos estudiantes en el Programa es hecha con base en la nota del Examen Unificado de Posgrado en F\u00edsica. El examen se aplica dos veces al a\u00f1o, y el aspirante al PPG-F\u00edsica es totalmente responsable de inscribirse en el EUF y realizar el examen. Vale recalcar que las fechas del EUF son [&hellip;]<\/p>\n","protected":false},"author":8,"featured_media":0,"parent":713,"menu_order":0,"comment_status":"closed","ping_status":"closed","template":"","meta":{"_acf_changed":false,"footnotes":""},"class_list":["post-717","page","type-page","status-publish","hentry"],"acf":[],"_links":{"self":[{"href":"https:\/\/pos.uel.br\/fisica\/wp-json\/wp\/v2\/pages\/717","targetHints":{"allow":["GET"]}}],"collection":[{"href":"https:\/\/pos.uel.br\/fisica\/wp-json\/wp\/v2\/pages"}],"about":[{"href":"https:\/\/pos.uel.br\/fisica\/wp-json\/wp\/v2\/types\/page"}],"author":[{"embeddable":true,"href":"https:\/\/pos.uel.br\/fisica\/wp-json\/wp\/v2\/users\/8"}],"replies":[{"embeddable":true,"href":"https:\/\/pos.uel.br\/fisica\/wp-json\/wp\/v2\/comments?post=717"}],"version-history":[{"count":2,"href":"https:\/\/pos.uel.br\/fisica\/wp-json\/wp\/v2\/pages\/717\/revisions"}],"predecessor-version":[{"id":741,"href":"https:\/\/pos.uel.br\/fisica\/wp-json\/wp\/v2\/pages\/717\/revisions\/741"}],"up":[{"embeddable":true,"href":"https:\/\/pos.uel.br\/fisica\/wp-json\/wp\/v2\/pages\/713"}],"wp:attachment":[{"href":"https:\/\/pos.uel.br\/fisica\/wp-json\/wp\/v2\/media?parent=717"}],"curies":[{"name":"wp","href":"https:\/\/api.w.org\/{rel}","templated":true}]}}