{"id":715,"date":"2021-10-04T21:11:58","date_gmt":"2021-10-05T00:11:58","guid":{"rendered":"https:\/\/pos.uel.br\/fisica\/?page_id=715"},"modified":"2021-10-04T21:11:59","modified_gmt":"2021-10-05T00:11:59","slug":"proceso-de-seleccion","status":"publish","type":"page","link":"https:\/\/pos.uel.br\/fisica\/es\/ingreso\/proceso-de-seleccion\/","title":{"rendered":"Proceso de selecci\u00f3n"},"content":{"rendered":"\n<p>El Programa de Posgrado en F\u00edsica de la UEL ofrece anualmente 15 vacantes para el curso de Maestr\u00eda y 10 vacantes para el curso de Doctorado. Las vacantes se ofertan, en su totalidad, a trav\u00e9s de un instructivo que normalmente se publica al comienzo de cada a\u00f1o o al final del a\u00f1o anterior. Las eventuales vacantes que sobren, se ofertan iguamente mediante un instructivo, entre la mitad y al final del primer semestre de cada a\u00f1o. Las fechas espec\u00edficas de los instructivos de selecci\u00f3n var\u00edan de un a\u00f1o a otro y son divulgadas en este sitio web y en los boletines de la SBF y SAB.<\/p>\n\n\n\n<p>La clasificaci\u00f3n de los aspirantes consta de tres etapas:<\/p>\n\n\n\n<ol class=\"wp-block-list\"><li>Entrevista (presencial);<\/li><li>Curriculum Vitae (no presencial);<\/li><li>Nota del Examen Unificado de Posgrado en F\u00edsica &#8211; EUF (realizado por el aspirante);<\/li><\/ol>\n\n\n\n<p>Las vacantes se reparten seg\u00fan el orden de clasificaci\u00f3n. Las becas de maestr\u00eda y doctorado, cuando est\u00e1n disponibles, se reparten de acuerdo con las reglas definidas en el instructivo de selecci\u00f3n.<\/p>\n\n\n\n<p>La documentaci\u00f3n requerida para la inscripci\u00f3n se puede encontrar en el instructivo de selecci\u00f3n. Sin embargo, vale la pena destacar dos documentos que los estudiantes deben presentar con mucha antelaci\u00f3n:<\/p>\n\n\n\n<ol class=\"wp-block-list\"><li><strong><u>Proyecto de investigaci\u00f3n.<\/u><\/strong><strong> <\/strong>Para ello, el aspirante debe ponerse en contacto con los profesores del programa y comprobar su disponibilidad para la direccion del proyecto. Por lo general, el proyecto es propuesto por el tutor, y escrito por el tutor o por ambos. El Programa recomienda que ese contacto se haga al menos 02 meses antes de la selecci\u00f3n.<\/li><li><strong><u>Nota d<\/u><\/strong><strong><u>el<\/u><\/strong><strong><u> <\/u><\/strong><strong>EUF. <\/strong>Para el proceso de selecci\u00f3n del PPG-F\u00edsica, el aspirante debe enviar un comprobante oficial de participaci\u00f3n en el examen EUF, con vigencia no mayor a dos a\u00f1os. El aspirante es el \u00fanico responsable de inscribirse en el EUF y realizar el examen. Cabe destacar que las fechas del EUF son completamente independientes de los instructivos del PPG-F\u00edsica de la UEL. Por lo tanto, los canditados deben estar pendientes de las fechas oficiales de realizaci\u00f3n del EUF, para que las notas est\u00e9n disponibles a tiempo cuando el aspirante realize la inscripci\u00f3n en el PPG-F\u00edsica.<\/li><\/ol>\n","protected":false},"excerpt":{"rendered":"<p>El Programa de Posgrado en F\u00edsica de la UEL ofrece anualmente 15 vacantes para el curso de Maestr\u00eda y 10 vacantes para el curso de Doctorado. Las vacantes se ofertan, en su totalidad, a trav\u00e9s de un instructivo que normalmente se publica al comienzo de cada a\u00f1o o al final del a\u00f1o anterior. Las eventuales [&hellip;]<\/p>\n","protected":false},"author":8,"featured_media":0,"parent":713,"menu_order":0,"comment_status":"closed","ping_status":"closed","template":"","meta":{"_acf_changed":false,"footnotes":""},"class_list":["post-715","page","type-page","status-publish","hentry"],"acf":[],"_links":{"self":[{"href":"https:\/\/pos.uel.br\/fisica\/wp-json\/wp\/v2\/pages\/715","targetHints":{"allow":["GET"]}}],"collection":[{"href":"https:\/\/pos.uel.br\/fisica\/wp-json\/wp\/v2\/pages"}],"about":[{"href":"https:\/\/pos.uel.br\/fisica\/wp-json\/wp\/v2\/types\/page"}],"author":[{"embeddable":true,"href":"https:\/\/pos.uel.br\/fisica\/wp-json\/wp\/v2\/users\/8"}],"replies":[{"embeddable":true,"href":"https:\/\/pos.uel.br\/fisica\/wp-json\/wp\/v2\/comments?post=715"}],"version-history":[{"count":1,"href":"https:\/\/pos.uel.br\/fisica\/wp-json\/wp\/v2\/pages\/715\/revisions"}],"predecessor-version":[{"id":716,"href":"https:\/\/pos.uel.br\/fisica\/wp-json\/wp\/v2\/pages\/715\/revisions\/716"}],"up":[{"embeddable":true,"href":"https:\/\/pos.uel.br\/fisica\/wp-json\/wp\/v2\/pages\/713"}],"wp:attachment":[{"href":"https:\/\/pos.uel.br\/fisica\/wp-json\/wp\/v2\/media?parent=715"}],"curies":[{"name":"wp","href":"https:\/\/api.w.org\/{rel}","templated":true}]}}