{"id":708,"date":"2021-10-04T21:07:00","date_gmt":"2021-10-05T00:07:00","guid":{"rendered":"https:\/\/pos.uel.br\/fisica\/?page_id=708"},"modified":"2021-10-04T22:00:37","modified_gmt":"2021-10-05T01:00:37","slug":"acerca-del-programa","status":"publish","type":"page","link":"https:\/\/pos.uel.br\/fisica\/es\/acerca-del-programa\/","title":{"rendered":"Acerca del Programa"},"content":{"rendered":"\n<p><a href=\"https:\/\/pos.uel.br\/fisica\/es\/acerca-del-programa\/historia-mision-y-objetivos\/\" data-type=\"page\" data-id=\"710\">Historia, misi\u00f3n y objetivos<\/a><\/p>\n\n\n\n<p><a href=\"https:\/\/pos.uel.br\/fisica\/es\/acerca-del-programa\/areas-de-investigacion\/\" data-type=\"page\" data-id=\"711\">\u00c1reas de investigaci\u00f3n<\/a><\/p>\n\n\n\n<p><a href=\"https:\/\/pos.uel.br\/fisica\/es\/acerca-del-programa\/infraestructura\/\" data-type=\"page\" data-id=\"736\">Infraestructura<\/a><\/p>\n\n\n\n<p><a href=\"https:\/\/pos.uel.br\/fisica\/es\/grupos-de-pesquisa-2\/\" data-type=\"page\" data-id=\"732\">Grupos de Investigaci\u00f3n<\/a><\/p>\n","protected":false},"excerpt":{"rendered":"<p>Historia, misi\u00f3n y objetivos \u00c1reas de investigaci\u00f3n Infraestructura Grupos de Investigaci\u00f3n<\/p>\n","protected":false},"author":8,"featured_media":0,"parent":0,"menu_order":0,"comment_status":"closed","ping_status":"closed","template":"","meta":{"_acf_changed":false,"footnotes":""},"class_list":["post-708","page","type-page","status-publish","hentry"],"acf":[],"_links":{"self":[{"href":"https:\/\/pos.uel.br\/fisica\/wp-json\/wp\/v2\/pages\/708","targetHints":{"allow":["GET"]}}],"collection":[{"href":"https:\/\/pos.uel.br\/fisica\/wp-json\/wp\/v2\/pages"}],"about":[{"href":"https:\/\/pos.uel.br\/fisica\/wp-json\/wp\/v2\/types\/page"}],"author":[{"embeddable":true,"href":"https:\/\/pos.uel.br\/fisica\/wp-json\/wp\/v2\/users\/8"}],"replies":[{"embeddable":true,"href":"https:\/\/pos.uel.br\/fisica\/wp-json\/wp\/v2\/comments?post=708"}],"version-history":[{"count":2,"href":"https:\/\/pos.uel.br\/fisica\/wp-json\/wp\/v2\/pages\/708\/revisions"}],"predecessor-version":[{"id":771,"href":"https:\/\/pos.uel.br\/fisica\/wp-json\/wp\/v2\/pages\/708\/revisions\/771"}],"wp:attachment":[{"href":"https:\/\/pos.uel.br\/fisica\/wp-json\/wp\/v2\/media?parent=708"}],"curies":[{"name":"wp","href":"https:\/\/api.w.org\/{rel}","templated":true}]}}