{"id":392,"date":"2021-06-23T11:34:04","date_gmt":"2021-06-23T14:34:04","guid":{"rendered":"https:\/\/pos.uel.br\/fisica\/?page_id=392"},"modified":"2021-09-21T10:44:17","modified_gmt":"2021-09-21T13:44:17","slug":"teses-e-dissertacoes","status":"publish","type":"page","link":"https:\/\/pos.uel.br\/fisica\/posts\/sobre-o-programa\/teses-e-dissertacoes\/","title":{"rendered":"Teses e disserta\u00e7\u00f5es"},"content":{"rendered":"\n<p><a href=\"https:\/\/pos.uel.br\/fisica\/teses-dissertacoes\/\" data-type=\"URL\" data-id=\"https:\/\/pos.uel.br\/fisica\/teses-dissertacoes\/\" target=\"_blank\" rel=\"noreferrer noopener\">Teses e disserta\u00e7\u00f5es a partir de 2017<br><\/a><a href=\"http:\/\/www.bibliotecadigital.uel.br\/document\/list.php?tid=36\" data-type=\"URL\" data-id=\"http:\/\/www.bibliotecadigital.uel.br\/document\/list.php?tid=36\" target=\"_blank\" rel=\"noreferrer noopener\">Teses e disserta\u00e7\u00f5es anteriores a 2017<\/a><\/p>\n","protected":false},"excerpt":{"rendered":"<p>Teses e disserta\u00e7\u00f5es a partir de 2017Teses e disserta\u00e7\u00f5es anteriores a 2017<\/p>\n","protected":false},"author":8,"featured_media":0,"parent":8,"menu_order":0,"comment_status":"closed","ping_status":"closed","template":"","meta":{"_acf_changed":false,"footnotes":""},"class_list":["post-392","page","type-page","status-publish","hentry"],"acf":[],"_links":{"self":[{"href":"https:\/\/pos.uel.br\/fisica\/wp-json\/wp\/v2\/pages\/392","targetHints":{"allow":["GET"]}}],"collection":[{"href":"https:\/\/pos.uel.br\/fisica\/wp-json\/wp\/v2\/pages"}],"about":[{"href":"https:\/\/pos.uel.br\/fisica\/wp-json\/wp\/v2\/types\/page"}],"author":[{"embeddable":true,"href":"https:\/\/pos.uel.br\/fisica\/wp-json\/wp\/v2\/users\/8"}],"replies":[{"embeddable":true,"href":"https:\/\/pos.uel.br\/fisica\/wp-json\/wp\/v2\/comments?post=392"}],"version-history":[{"count":1,"href":"https:\/\/pos.uel.br\/fisica\/wp-json\/wp\/v2\/pages\/392\/revisions"}],"predecessor-version":[{"id":393,"href":"https:\/\/pos.uel.br\/fisica\/wp-json\/wp\/v2\/pages\/392\/revisions\/393"}],"up":[{"embeddable":true,"href":"https:\/\/pos.uel.br\/fisica\/wp-json\/wp\/v2\/pages\/8"}],"wp:attachment":[{"href":"https:\/\/pos.uel.br\/fisica\/wp-json\/wp\/v2\/media?parent=392"}],"curies":[{"name":"wp","href":"https:\/\/api.w.org\/{rel}","templated":true}]}}