{"id":215,"date":"2021-06-09T20:58:48","date_gmt":"2021-06-09T23:58:48","guid":{"rendered":"https:\/\/pos.uel.br\/fisica\/?page_id=215"},"modified":"2024-05-02T17:58:47","modified_gmt":"2024-05-02T20:58:47","slug":"ementas","status":"publish","type":"page","link":"https:\/\/pos.uel.br\/fisica\/mestrado-e-doutorado\/ementas\/","title":{"rendered":"Ementas"},"content":{"rendered":"\n<h3 class=\"wp-block-heading\">Disciplinas B\u00e1sicas<\/h3>\n\n\n\n<h4 class=\"has-primary-text-color has-text-color wp-block-heading\">2 FIS 097 \u2013 Mec\u00e2nica Qu\u00e2ntica I&nbsp; |<em>&nbsp;06 cr\u00e9ditos 90 horas<\/em><\/h4>\n\n\n\n<p class=\"has-primary-text-color has-text-color\">As bases f\u00edsicas da mec\u00e2nica qu\u00e2ntica. Equa\u00e7\u00e3o de onda de Schrodinger. Autofun\u00e7\u00f5es e autovalores. Autovalores discretos: estados ligados. Autovalores cont\u00ednuos: teoria das colis\u00f5es. Formula\u00e7\u00e3o matricial da mec\u00e2nica qu\u00e2ntica. Simetria na mec\u00e2nica qu\u00e2ntica. M\u00e9todos aproximativos para estados ligados. M\u00e9todos aproximativos na teoria das colis\u00f5es. Part\u00edculas id\u00eanticas e Spin.<\/p>\n\n\n\n<h4 class=\"wp-block-heading\">2 FIS 098 \u2013 Mec\u00e2nica Qu\u00e2ntica II |&nbsp;<em>06 cr\u00e9ditos 90horas<\/em><\/h4>\n\n\n\n<p>Aproxima\u00e7\u00f5es semicl\u00e1ssicas. \u00c1tomos, Mol\u00e9culas e n\u00facleos at\u00f4micos. Quantiza\u00e7\u00e3o do campo eletromagn\u00e9tico. Equa\u00e7\u00e3o de Dirac. Part\u00edculas e antiparticulas. El\u00e9tron num campo exterior. Radia\u00e7\u00e3o. Integrais de percurso. Diagramas de Feynman.<\/p>\n\n\n\n<h4 class=\"wp-block-heading\">2 FIS 099 \u2013 Eletrodin\u00e2mica I |&nbsp;<em>06 cr\u00e9ditos 90horas<\/em><\/h4>\n\n\n\n<p>Eletrodin\u00e2mica no v\u00e1cuo. Eletrost\u00e1tica: for\u00e7a de Lorentz; condi\u00e7\u00f5es de contorno. Expans\u00e3o multipolar. Equa\u00e7\u00f5es de Laplace e Poisson. Eletrodin\u00e2mica: equa\u00e7\u00f5es de Maxwell; fun\u00e7\u00f5es potenciais; autoenergia e Fun\u00e7\u00e3o de Lagrange de part\u00edculas carregadas ondas eletromagn\u00e9ticas. Potenciais de Lienard-Wiechert e radia\u00e7\u00e3o. Sistemas radiantes simples.<\/p>\n\n\n\n<h4 class=\"wp-block-heading\">2 FIS 143 \u2013 Mec\u00e2nica Estat\u00edstica |&nbsp;<em>06 cr\u00e9ditos 90horas<\/em><\/h4>\n\n\n\n<p>Mec\u00e2nica estat\u00edstica cl\u00e1ssica; postulados b\u00e1sicos, ensembles, teorema e equa\u00e7\u00e3o de Liouville. O algoritmo de Gibbs e osesembles estat\u00edsticos. Gases ideais e reais, l\u00edquidos. Mec\u00e2nica estat\u00edstica qu\u00e2ntica, aplica\u00e7\u00e3o e modelos simples; sistem de osciladores, c\u00e1lculo de calores espec\u00edficos. Paramagnetismo. Equil\u00edbrio qu\u00edmico. Gases ideais de Fermi e Bose.<\/p>\n\n\n\n<h4 class=\"wp-block-heading\">2 FIS 112 \u2013 SEMIN\u00c1RIOS I 02 cr 30 h<\/h4>\n\n\n\n<p>Em aberto.<\/p>\n\n\n\n<h4 class=\"wp-block-heading\">2 FIS 113 \u2013 SEMIN\u00c1RIOS II 02 cr 30 h<\/h4>\n\n\n\n<p>Em aberto.<\/p>\n\n\n\n<h4 class=\"wp-block-heading\">2 FIS 147 \u2013 EST\u00c1GIO DE DOC\u00caNCIA NA GRADUA\u00c7\u00c3O 02 cr 30 h<\/h4>\n\n\n\n<p class=\"has-text-align-left\">Participa\u00e7\u00e3o em aulas de gradua\u00e7\u00e3o, treinamento de estagi\u00e1rios de inicia\u00e7\u00e3o cient\u00edfica e outras atividades correlatas a crit\u00e9rio e acompanhamento da Comiss\u00e3o Coordenadora, com supervis\u00e3o do orientador e com a presen\u00e7a do professor respons\u00e1vel pela disciplina. <\/p>\n\n\n\n<h4 class=\"wp-block-heading\">2 FIS 277 \u2013 EST\u00c1GIO DE DOC\u00caNCIA NA GRADUA\u00c7\u00c3O II 2 cr 30 h<\/h4>\n\n\n\n<p>Participa\u00e7\u00e3o em aulas de gradua\u00e7\u00e3o, treinamento de estagi\u00e1rios de inicia\u00e7\u00e3o cient\u00edfica e outras atividades correlatas a crit\u00e9rio e acompanhamento da Comiss\u00e3o Coordenadora, com supervis\u00e3o do orientador e com a presen\u00e7a do professor respons\u00e1vel pela disciplina.<\/p>\n\n\n\n<h3 class=\"wp-block-heading\">Disciplinas Optativas<\/h3>\n\n\n\n<h4 class=\"wp-block-heading\">2FIS376 \u2013 ELETRODIN\u00c2MICA II |&nbsp;<em>04 cr\u00e9ditos 60 horas<\/em><\/h4>\n\n\n\n<p>Eletrodin\u00e2mica dos meios cont\u00ednuos. Eletrost\u00e1tica e magnetost\u00e1tica dos meios cont\u00ednuos. Condi\u00e7\u00f5es de contorno. Ondas eletromagn\u00e9ticas: polariza\u00e7\u00e3o, reflex\u00e3o e refra\u00e7\u00e3o; propaga\u00e7\u00e3o em meios condutores. Guias de onda e cavidades. Plasmas. Interfer\u00eancia. Difra\u00e7\u00e3o. Relatividade especial. Mec\u00e2nica relativ\u00edstica.<\/p>\n\n\n\n<h4 class=\"wp-block-heading\">2FIS106 \u2013 F\u00cdSICA NUCLEAR |&nbsp;<em>04 cr\u00e9ditos 60 horas<\/em><\/h4>\n\n\n\n<p>Propriedades do n\u00facleo at\u00f4mico. Estabilidade nuclear e f\u00f3rmulas semi-emp\u00edricas de massa. For\u00e7as nucleares. Modelos nucleares de part\u00edculas. Modelos coletivos.<\/p>\n\n\n\n<h4 class=\"wp-block-heading\">2FIS108 \u2013 F\u00cdSICA DE SEMICONDUTORES |<em>&nbsp;04 cr\u00e9ditos 60 horas<\/em><\/h4>\n\n\n\n<p>Propriedades elementares do semicondutores, estruturas de banda, estat\u00edstica em semicondutores, propriedades de transporte, espalhamento, processos f\u00edsicos em portadores de carga. Propriedades \u00f3ticas, hetero-estruturas.<\/p>\n\n\n\n<h4 class=\"wp-block-heading\">2FIS109 \u2013 F\u00cdSICA DOS CRISTAIS L\u00cdQUIDOS&nbsp;|&nbsp;<em>04 cr\u00e9ditos 60 horas<\/em><\/h4>\n\n\n\n<p>Propriedades f\u00edsico-qu\u00edmicas dos cristais l\u00edquidos. Teoria el\u00e1stico-cont\u00ednua para cristais l\u00edquidos nem\u00e1ticos. Teoria de landau-deGennes para os cristais l\u00edquidos. Efeitos de superf\u00edcie em cristais. instabilidades. T\u00e9cnicas experimentais: microscopia \u00f3ptica, densitometria, conoscopia, transmit\u00e2ncia, reologia.<\/p>\n\n\n\n<h4 class=\"wp-block-heading\">2FIS144 \u2013 F\u00cdSICA DO ESTADO S\u00d3LIDO I |&nbsp;<em>04 cr\u00e9ditos 60 horas<\/em><\/h4>\n\n\n\n<p>Estrutura peri\u00f3dica. Ondas na rede. Estados eletr\u00f4nicos. Propriedades est\u00e1ticas dos s\u00f3lidos. Intera\u00e7\u00e3o el\u00e9tron-el\u00e9tron.<\/p>\n\n\n\n<h4 class=\"wp-block-heading\">2FIS369 \u2013 INTRODU\u00c7\u00c3O AO PROCESSAMENTO DE INFORMA\u00c7\u00c3O QU\u00c2NTICA |&nbsp;<em>04 cr\u00e9ditos 60 horas<\/em><\/h4>\n\n\n\n<p>Superposi\u00e7\u00e3o qu\u00e2ntica e interfer\u00eancia, bits qu\u00e2nticos, portas l\u00f3gicas, registros qu\u00e2nticos. Circuitos qu\u00e2nticos. Matriz densidade. Emaranhamento, Algarismos qu\u00e2nticos. Sistemas qu\u00e2nticos f\u00edsicos par implanta\u00e7\u00e3o de processador qu\u00e2ntico. Criptografia qu\u00e2ntica, comunica\u00e7\u00e3o qu\u00e2ntica.<\/p>\n\n\n\n<h4 class=\"wp-block-heading\">2FIS114 \u2013 \u00d3PTICA QU\u00c2NTICA |<em>&nbsp;04 cr\u00e9ditos 60 horas<\/em><\/h4>\n\n\n\n<p>Teoremas e postulados b\u00e1sicos da mec\u00e2nica qu\u00e2ntica. Algumas solu\u00e7\u00f5es da equa\u00e7\u00e3o de Schroginger independente do termo. Formula\u00e7\u00e3o matricial da mec\u00e2nica qu\u00e2ntica. Campos eletromagn\u00e9ticos e quantiza\u00e7\u00e3o dos mesmos. Propaga\u00e7\u00e3o de \u00f3ticos em meios homog\u00eaneos e em meios que atuam como lentes. Ressonadores \u00f3ticos. Intera\u00e7\u00e3o da radia\u00e7\u00e3o com sistemas at\u00f4micos. Oscila\u00e7\u00e3o laser. Descri\u00e7\u00e3o de alguns sistemas espec\u00edficos.<\/p>\n\n\n\n<h4 class=\"wp-block-heading\">2FIS120 \u2013 ELETRODIN\u00c2MICA QU\u00c2NTICA&nbsp;|&nbsp;<em>04 cr\u00e9ditos 60 horas<\/em><\/h4>\n\n\n\n<p>Mec\u00e2nica qu\u00e2ntica relativ\u00edstica. Campos relativ\u00edsticos. Equa\u00e7\u00e3o de Dirac. Intera\u00e7\u00e3o eletromagn\u00e9tica. Quantiza\u00e7\u00e3o. Propagadores de Feynmann. Espalhamentos. Renormaliza\u00e7\u00e3o.<\/p>\n\n\n\n<h4 class=\"wp-block-heading\">2FIS122 \u2013 CI\u00caNCIA E TECNOLOGIA DAS RADIA\u00c7\u00d5ES&nbsp;|&nbsp;<em>04 cr\u00e9ditos 60 horas<\/em><\/h4>\n\n\n\n<p>Detetores de radia\u00e7\u00e3o. Aceleradores de part\u00edculas. Medidas associadas. Testes n\u00e3o destrutivos. T\u00e9cnicas de irradia\u00e7\u00e3o de materiais. Tecnologia de fronteira das radia\u00e7\u00f5es.<\/p>\n\n\n\n<h4 class=\"wp-block-heading\">2FIS127 \u2013 PROPRIEDADES \u00d3PTICAS DE SEMICONDUTORES&nbsp;|&nbsp;<em>04 cr\u00e9ditos 60 horas<\/em><\/h4>\n\n\n\n<p>Estruturas das bandas. Estados de impurezas. Exitons. Absor\u00e7\u00e3o \u00f3ptica. Transi\u00e7\u00f5es permitidas e proibidas. Transi\u00e7\u00f5es diretas e indiretas. Constantes \u00f3pticas. Transi\u00e7\u00f5es radiativas. Recombina\u00e7\u00e3o n\u00e3o radiativa. Processos em jun\u00e7\u00e3o p-n. aplica\u00e7\u00f5es. Modula\u00e7\u00e3o de reflect\u00e2ncia.<\/p>\n\n\n\n<h4 class=\"wp-block-heading\">2FIS128 \u2013 DISPOSITIVOS DE MATERIAIS SEMICONDUTORES&nbsp;|&nbsp;<em>04 cr\u00e9ditos 60 horas<\/em><\/h4>\n\n\n\n<p>Propriedades dos materiais semicondutores, dispositivos bipolares. Jun\u00e7\u00e3o p-n, transistores bipolares, dispositivos unipolares, jun\u00e7\u00e3o metal semicondutor, transistores de efeito de campo.<\/p>\n\n\n\n<h4 class=\"wp-block-heading\">2FIS130 \u2013 INTRODU\u00c7\u00c3O \u00c0S TRANSI\u00c7\u00d5ES DE FASE E&nbsp;FEN\u00d4MENOS CR\u00cdTICOS&nbsp;|&nbsp;<em>04 cr\u00e9ditos 60 horas<\/em><\/h4>\n\n\n\n<p>Conceitos b\u00e1sicos da Mec\u00e2nica Estat\u00edstica. Transi\u00e7\u00f5es de fase 1\u00aa e 2\u00aa ordem. Expoentes cr\u00edticos. Modelos de rede. M\u00e9todos de campo m\u00e9dio. Grupo de renormaliza\u00e7\u00e3o.<\/p>\n\n\n\n<h4 class=\"wp-block-heading\">2FIS146 \u2013 F\u00cdSICA DO ESTADO S\u00d3LIDO II&nbsp; |&nbsp;<em>04 cr\u00e9ditos 60 horas<\/em><\/h4>\n\n\n\n<p>Din\u00e2mica de el\u00e9trons. Propriedades de transporte. Propriedades \u00f3pticas. Superf\u00edcie de Fermi. Magnetismo. Supercondutividade.<\/p>\n\n\n\n<h4 class=\"wp-block-heading\">2FIS370 \u2013 CURSO AVAN\u00c7ADO DE PROCESSAMENTO DE&nbsp;INFORMA\u00c7\u00c3O QU\u00c2NTICA&nbsp;|&nbsp;<em>04 cr\u00e9ditos 60 horas<\/em><\/h4>\n\n\n\n<p>Introdu\u00e7\u00e3o a teoria de informa\u00e7\u00e3o qu\u00e2ntica e comunica\u00e7\u00e3o segura. Sistemas qu\u00e2nticas f\u00edsicos. Perda de coer\u00eancia de sistemas qu\u00e2nticas. Criptografia qu\u00e2ntica, comunica\u00e7\u00e3o qu\u00e2ntica segura, circuitos qu\u00e2nticos, purifica\u00e7\u00e3o de emaranhamento e aplica\u00e7\u00f5es.<\/p>\n\n\n\n<h4 class=\"wp-block-heading\">2FIS159 \u2013 PROPRIEDADES ELETR\u00d4NICAS E \u00d3PTICAS DE&nbsp;HETEROESTRUTURAS SEMICONDUTORAS&nbsp;|&nbsp;<em>06 cr\u00e9ditos 90 horas<\/em><\/h4>\n\n\n\n<p>Estrutura de bandas de ligas semicondutoras. Po\u00e7os qu\u00e2nticos isolados e duplos. Superredes. Excitons e impurezas em po\u00e7os qu\u00e2nticos. Transi\u00e7\u00f5es \u00f3pticas em semicondutores volum\u00e9tricos e em po\u00e7os qu\u00e2nticos. Transi\u00e7\u00f5es excit\u00f4nicas.<\/p>\n\n\n\n<h4 class=\"wp-block-heading\">2FIS372 \u2013 POL\u00cdMEROS SEMICONDUTORES A&nbsp;|&nbsp;<em>06 cr\u00e9ditos 90 horas<\/em><\/h4>\n\n\n\n<p>Qu\u00edmica do carbono. Mol\u00e9culas org\u00e2nicas. Estrutura molecular dos pol\u00edmeros. Pol\u00edmeros&nbsp;conjugados. Propriedades vibracionais dos pol\u00edmeros. Processos \u00f3pticos em pol\u00edmeros conjugados. Dispositivos Org\u00e2nicos.<\/p>\n\n\n\n<h4 class=\"wp-block-heading\">2FIS278 a&nbsp; 2FIS335 \u2013 T\u00d3PICOS ESPECIAIS EM F\u00cdSICA | Cr\u00e9ditos vari\u00e1veis<\/h4>\n\n\n\n<p>Ementa em aberto.<\/p>\n\n\n\n<h4 class=\"wp-block-heading\">2FIS180 a&nbsp; 2FIS200 \u2013 SEMIN\u00c1RIOS EM F\u00cdSICA&nbsp;| Cr\u00e9ditos vari\u00e1veis<\/h4>\n\n\n\n<p>Ementa em aberto.<\/p>\n\n\n\n<h4 class=\"has-primary-text-color has-text-color wp-block-heading\">2FIS336 a&nbsp; 2FIS368 \u2013 SEMIN\u00c1RIOS EM F\u00cdSICA&nbsp;| Cr\u00e9ditos vari\u00e1veis<\/h4>\n\n\n\n<p>Ementa em aberto.<\/p>\n","protected":false},"excerpt":{"rendered":"<p>Disciplinas B\u00e1sicas 2 FIS 097 \u2013 Mec\u00e2nica Qu\u00e2ntica I&nbsp; |&nbsp;06 cr\u00e9ditos 90 horas As bases f\u00edsicas da mec\u00e2nica qu\u00e2ntica. Equa\u00e7\u00e3o de onda de Schrodinger. Autofun\u00e7\u00f5es e autovalores. Autovalores discretos: estados ligados. Autovalores cont\u00ednuos: teoria das colis\u00f5es. Formula\u00e7\u00e3o matricial da mec\u00e2nica qu\u00e2ntica. Simetria na mec\u00e2nica qu\u00e2ntica. M\u00e9todos aproximativos para estados ligados. M\u00e9todos aproximativos na teoria das [&hellip;]<\/p>\n","protected":false},"author":8,"featured_media":0,"parent":1098,"menu_order":0,"comment_status":"closed","ping_status":"closed","template":"","meta":{"_acf_changed":false,"footnotes":""},"class_list":["post-215","page","type-page","status-publish","hentry"],"acf":[],"_links":{"self":[{"href":"https:\/\/pos.uel.br\/fisica\/wp-json\/wp\/v2\/pages\/215","targetHints":{"allow":["GET"]}}],"collection":[{"href":"https:\/\/pos.uel.br\/fisica\/wp-json\/wp\/v2\/pages"}],"about":[{"href":"https:\/\/pos.uel.br\/fisica\/wp-json\/wp\/v2\/types\/page"}],"author":[{"embeddable":true,"href":"https:\/\/pos.uel.br\/fisica\/wp-json\/wp\/v2\/users\/8"}],"replies":[{"embeddable":true,"href":"https:\/\/pos.uel.br\/fisica\/wp-json\/wp\/v2\/comments?post=215"}],"version-history":[{"count":9,"href":"https:\/\/pos.uel.br\/fisica\/wp-json\/wp\/v2\/pages\/215\/revisions"}],"predecessor-version":[{"id":1088,"href":"https:\/\/pos.uel.br\/fisica\/wp-json\/wp\/v2\/pages\/215\/revisions\/1088"}],"up":[{"embeddable":true,"href":"https:\/\/pos.uel.br\/fisica\/wp-json\/wp\/v2\/pages\/1098"}],"wp:attachment":[{"href":"https:\/\/pos.uel.br\/fisica\/wp-json\/wp\/v2\/media?parent=215"}],"curies":[{"name":"wp","href":"https:\/\/api.w.org\/{rel}","templated":true}]}}