{"id":178,"date":"2021-06-09T17:14:38","date_gmt":"2021-06-09T20:14:38","guid":{"rendered":"https:\/\/pos.uel.br\/fisica\/?page_id=178"},"modified":"2021-06-09T17:49:44","modified_gmt":"2021-06-09T20:49:44","slug":"gravitacao-e-cosmologia","status":"publish","type":"page","link":"https:\/\/pos.uel.br\/fisica\/posts\/grupos-de-pesquisa\/gravitacao-e-cosmologia\/","title":{"rendered":"Astrof\u00edsica, Gravita\u00e7\u00e3o e Cosmologia"},"content":{"rendered":"\n<p>O grupo de Gravita\u00e7\u00e3o, Cosmologia e Astropart\u00edculas desenvolve pesquisas em diversas frentes da grande \u00e1rea da astronomia, tanto de forma aut\u00f4noma quanto em colabora\u00e7\u00e3o com universidades do pa\u00eds e do mundo. Os interesses do grupo s\u00e3o amplos, e incluem desde aspectos formais da gravita\u00e7\u00e3o cl\u00e1ssica, tal como a termodin\u00e2mica de buracos negros, passando por aspectos observacionais da cosmologia, <a href=\"https:\/\/numcosmo.github.io\/\" data-type=\"URL\" data-id=\"https:\/\/numcosmo.github.io\/\" target=\"_blank\" rel=\"noreferrer noopener\">cosmologia num\u00e9rica<\/a>, teoria de campos em espa\u00e7os-tempo curvos e gravita\u00e7\u00e3o qu\u00e2ntica, al\u00e9m da f\u00edsica e astrof\u00edsica de part\u00edculas elementares. O grupo tamb\u00e9m se destaca pela participa\u00e7\u00e3o em grandes colabora\u00e7\u00f5es cient\u00edficas internacionais, como o <a rel=\"noreferrer noopener\" href=\"https:\/\/www.lsst.org\/\" data-type=\"URL\" data-id=\"https:\/\/www.lsst.org\/\" target=\"_blank\">Large Synoptic Survey Telescope (LSST)<\/a>, o <a rel=\"noreferrer noopener\" href=\"https:\/\/www.darkenergysurvey.org\/\" data-type=\"URL\" data-id=\"https:\/\/www.darkenergysurvey.org\/\" target=\"_blank\">Dark Energy Survey (DES)<\/a> e a <a rel=\"noreferrer noopener\" href=\"http:\/\/juno.ihep.cas.cn\/\" data-type=\"URL\" data-id=\"http:\/\/juno.ihep.cas.cn\/\" target=\"_blank\">Jiangmen Underground Neutrino Observatory (JUNO)<\/a>. Nos \u00faltimos anos os membros do grupo v\u00eam produzindo trabalhos de relev\u00e2ncia internacional, com publica\u00e7\u00f5es nos peri\u00f3dicos Journal of Cosmology and Astroparticle Physics, Physical Review D, Physics of the Dark Universe, dentre outros. Atualmente, as principais frentes de pesquisa do grupo s\u00e3o:<\/p>\n\n\n\n<ul class=\"wp-block-list\"><li>Aspectos termodin\u00e2micos da gravidade<\/li><li>Termodin\u00e2mica de sistemas bos\u00f4nicos<\/li><li>Quantiza\u00e7\u00e3o em espa\u00e7os-tempo curvos<\/li><li>Cria\u00e7\u00e3o de part\u00edculas em universos em expans\u00e3o<\/li><li>Modelos cosmol\u00f3gicos anisotr\u00f3picos<\/li><li>Modelos cosmol\u00f3gicos com ricochete<\/li><li>Testes estat\u00edsticos de homogeneidade e isotropia do universo<\/li><li>Cosmologia num\u00e9rica<\/li><li>Estudo de massas e \u00e2ngulos de mistura de neutrinos<\/li><li>Detec\u00e7\u00e3o de neutrinos em reatores nucleares<\/li><\/ul>\n","protected":false},"excerpt":{"rendered":"<p>O grupo de Gravita\u00e7\u00e3o, Cosmologia e Astropart\u00edculas desenvolve pesquisas em diversas frentes da grande \u00e1rea da astronomia, tanto de forma aut\u00f4noma quanto em colabora\u00e7\u00e3o com universidades do pa\u00eds e do mundo. Os interesses do grupo s\u00e3o amplos, e incluem desde aspectos formais da gravita\u00e7\u00e3o cl\u00e1ssica, tal como a termodin\u00e2mica de buracos negros, passando por aspectos [&hellip;]<\/p>\n","protected":false},"author":8,"featured_media":0,"parent":61,"menu_order":0,"comment_status":"closed","ping_status":"closed","template":"","meta":{"_acf_changed":false,"footnotes":""},"class_list":["post-178","page","type-page","status-publish","hentry"],"acf":[],"_links":{"self":[{"href":"https:\/\/pos.uel.br\/fisica\/wp-json\/wp\/v2\/pages\/178","targetHints":{"allow":["GET"]}}],"collection":[{"href":"https:\/\/pos.uel.br\/fisica\/wp-json\/wp\/v2\/pages"}],"about":[{"href":"https:\/\/pos.uel.br\/fisica\/wp-json\/wp\/v2\/types\/page"}],"author":[{"embeddable":true,"href":"https:\/\/pos.uel.br\/fisica\/wp-json\/wp\/v2\/users\/8"}],"replies":[{"embeddable":true,"href":"https:\/\/pos.uel.br\/fisica\/wp-json\/wp\/v2\/comments?post=178"}],"version-history":[{"count":6,"href":"https:\/\/pos.uel.br\/fisica\/wp-json\/wp\/v2\/pages\/178\/revisions"}],"predecessor-version":[{"id":197,"href":"https:\/\/pos.uel.br\/fisica\/wp-json\/wp\/v2\/pages\/178\/revisions\/197"}],"up":[{"embeddable":true,"href":"https:\/\/pos.uel.br\/fisica\/wp-json\/wp\/v2\/pages\/61"}],"wp:attachment":[{"href":"https:\/\/pos.uel.br\/fisica\/wp-json\/wp\/v2\/media?parent=178"}],"curies":[{"name":"wp","href":"https:\/\/api.w.org\/{rel}","templated":true}]}}