{"id":17,"date":"2021-04-29T13:56:29","date_gmt":"2021-04-29T16:56:29","guid":{"rendered":"https:\/\/pos.uel.br\/fisica\/?page_id=17"},"modified":"2026-04-16T15:22:44","modified_gmt":"2026-04-16T18:22:44","slug":"regimento-resolucoes-e-normas","status":"publish","type":"page","link":"https:\/\/pos.uel.br\/fisica\/mestrado-e-doutorado\/regimento-resolucoes-e-normas\/","title":{"rendered":"Regimento, resolu\u00e7\u00f5es e normas"},"content":{"rendered":"\n<p><a href=\"https:\/\/pos.uel.br\/fisica\/wp-content\/uploads\/2021\/11\/Resolucao-CEPE-92-2018-Regimento-PPG-Fisica.pdf\" target=\"_blank\" rel=\"noreferrer noopener\"><a href=\"https:\/\/pos.uel.br\/fisica\/wp-content\/uploads\/2025\/07\/Regimento-PPG-Fisica-Res-CEPE-50-2024-mesclado.pdf\" target=\"_blank\" rel=\"noreferrer noopener\">Regimento geral do Programa (Resolu\u00e7\u00e3o CEPE 50\/2024)<\/a><\/a><\/p>\n\n\n\n<p><a href=\"https:\/\/pos.uel.br\/fisica\/wp-content\/uploads\/2021\/07\/RegulamentoStrictosensu-2016-2-CEPE-37-2016.pdf\" target=\"_blank\" rel=\"noreferrer noopener\">Regimento da P\u00f3s-gradua\u00e7\u00e3o da UEL (Resolu\u00e7\u00e3o CEPE 37\/2016)<\/a><\/p>\n\n\n\n<p><a href=\"https:\/\/pos.uel.br\/fisica\/wp-content\/uploads\/2025\/10\/NormativaInterna001-2025_CriteriosPermanenciaDocentes_assinado.pdf\" data-type=\"attachment\" data-id=\"1362\">Normativa interna 001\/2025 &#8211; Crit\u00e9rios para docentes permanentes<\/a><\/p>\n\n\n\n<p><a href=\"https:\/\/pos.uel.br\/fisica\/wp-content\/uploads\/2025\/10\/NormativaInterna002-2025_ProficienciaEmLinguaEstrangeira_assinado.pdf\" data-type=\"attachment\" data-id=\"1363\">Normativa interna 002\/2025 &#8211; Profici\u00eancia em l\u00edngua estrangeira<\/a><\/p>\n\n\n\n<p><a href=\"https:\/\/pos.uel.br\/fisica\/wp-content\/uploads\/2025\/12\/NormativaInterna003-2025_CriteriosPermanenciaIngressoDocentesColaboradores.pdf\">Normativa interna 003\/2025 &#8211; Crit\u00e9rios para docentes colaboradores<\/a><\/p>\n\n\n\n<p><\/p>\n","protected":false},"excerpt":{"rendered":"<p>Regimento geral do Programa (Resolu\u00e7\u00e3o CEPE 50\/2024) Regimento da P\u00f3s-gradua\u00e7\u00e3o da UEL (Resolu\u00e7\u00e3o CEPE 37\/2016) Normativa interna 001\/2025 &#8211; Crit\u00e9rios para docentes permanentes Normativa interna 002\/2025 &#8211; Profici\u00eancia em l\u00edngua estrangeira Normativa interna 003\/2025 &#8211; Crit\u00e9rios para docentes colaboradores<\/p>\n","protected":false},"author":7,"featured_media":0,"parent":1098,"menu_order":0,"comment_status":"closed","ping_status":"closed","template":"","meta":{"_acf_changed":false,"footnotes":""},"class_list":["post-17","page","type-page","status-publish","hentry"],"acf":[],"_links":{"self":[{"href":"https:\/\/pos.uel.br\/fisica\/wp-json\/wp\/v2\/pages\/17","targetHints":{"allow":["GET"]}}],"collection":[{"href":"https:\/\/pos.uel.br\/fisica\/wp-json\/wp\/v2\/pages"}],"about":[{"href":"https:\/\/pos.uel.br\/fisica\/wp-json\/wp\/v2\/types\/page"}],"author":[{"embeddable":true,"href":"https:\/\/pos.uel.br\/fisica\/wp-json\/wp\/v2\/users\/7"}],"replies":[{"embeddable":true,"href":"https:\/\/pos.uel.br\/fisica\/wp-json\/wp\/v2\/comments?post=17"}],"version-history":[{"count":11,"href":"https:\/\/pos.uel.br\/fisica\/wp-json\/wp\/v2\/pages\/17\/revisions"}],"predecessor-version":[{"id":1425,"href":"https:\/\/pos.uel.br\/fisica\/wp-json\/wp\/v2\/pages\/17\/revisions\/1425"}],"up":[{"embeddable":true,"href":"https:\/\/pos.uel.br\/fisica\/wp-json\/wp\/v2\/pages\/1098"}],"wp:attachment":[{"href":"https:\/\/pos.uel.br\/fisica\/wp-json\/wp\/v2\/media?parent=17"}],"curies":[{"name":"wp","href":"https:\/\/api.w.org\/{rel}","templated":true}]}}