{"id":168,"date":"2021-06-09T16:59:42","date_gmt":"2021-06-09T19:59:42","guid":{"rendered":"https:\/\/pos.uel.br\/fisica\/?page_id=168"},"modified":"2021-06-16T15:36:53","modified_gmt":"2021-06-16T18:36:53","slug":"autoavaliacao","status":"publish","type":"page","link":"https:\/\/pos.uel.br\/fisica\/posts\/sobre-o-programa\/autoavaliacao\/","title":{"rendered":"Autoavalia\u00e7\u00e3o"},"content":{"rendered":"\n<h4 class=\"wp-block-heading\">Autoavalia\u00e7\u00e3o e Planejamento Estrat\u00e9gico<\/h4>\n\n\n\n<p>A Comiss\u00e3o de Autoavalia\u00e7\u00e3o (CAA) do PPG-F\u00edsica foi institu\u00edda em mar\u00e7o de 2021 com o intuito de se adequar \u00e0 nova metodologia de avalia\u00e7\u00e3o da CAPES, a qual entra em vigor a partir do quadri\u00eanio iniciado em 2021. Com base nas diretrizes do relat\u00f3rio do Grupo de Trabalho (GT) da CAPES, e do relat\u00f3rio da Comiss\u00e3o Institucional de Autoavalia\u00e7\u00e3o (CIAPG) da UEL, o PPG-F\u00edsica preparou um projeto de autoavalia\u00e7\u00e3o a ser conduzido durante o bi\u00eanio 2021-2022, com a previs\u00e3o de reformula\u00e7\u00e3o do mesmo para aplica\u00e7\u00e3o no bi\u00eanio 2023-2024.<\/p>\n\n\n\n<p><a href=\"https:\/\/pos.uel.br\/fisica\/wp-content\/uploads\/2021\/06\/1-autoavaliacao-de-programas-de-pos-graduacao-pdf.pdf\" data-type=\"URL\" data-id=\"https:\/\/pos.uel.br\/fisica\/wp-content\/uploads\/2021\/06\/1-autoavaliacao-de-programas-de-pos-graduacao-pdf.pdf\" target=\"_blank\" rel=\"noreferrer noopener\">Relat\u00f3rio do Grupo de Trabalho da CAPES<\/a><br><a rel=\"noreferrer noopener\" href=\"https:\/\/pos.uel.br\/fisica\/wp-content\/uploads\/2021\/06\/2-Planejamento-de-Autoavaliacao-dos-PPG_UEL-_Gestao-2019-2021.pdf\" target=\"_blank\">Relat\u00f3rio do Grupo de Trabalho da CIAPG<\/a><br><a rel=\"noreferrer noopener\" href=\"https:\/\/pos.uel.br\/fisica\/wp-content\/uploads\/2021\/06\/Projeto_CAA_vfinal.pdf\" target=\"_blank\">Projeto de Autoavalia\u00e7\u00e3o do PPG-F\u00edsica<\/a><\/p>\n","protected":false},"excerpt":{"rendered":"<p>Autoavalia\u00e7\u00e3o e Planejamento Estrat\u00e9gico A Comiss\u00e3o de Autoavalia\u00e7\u00e3o (CAA) do PPG-F\u00edsica foi institu\u00edda em mar\u00e7o de 2021 com o intuito de se adequar \u00e0 nova metodologia de avalia\u00e7\u00e3o da CAPES, a qual entra em vigor a partir do quadri\u00eanio iniciado em 2021. Com base nas diretrizes do relat\u00f3rio do Grupo de Trabalho (GT) da CAPES, [&hellip;]<\/p>\n","protected":false},"author":8,"featured_media":0,"parent":8,"menu_order":0,"comment_status":"closed","ping_status":"closed","template":"","meta":{"_acf_changed":false,"footnotes":""},"class_list":["post-168","page","type-page","status-publish","hentry"],"acf":[],"_links":{"self":[{"href":"https:\/\/pos.uel.br\/fisica\/wp-json\/wp\/v2\/pages\/168","targetHints":{"allow":["GET"]}}],"collection":[{"href":"https:\/\/pos.uel.br\/fisica\/wp-json\/wp\/v2\/pages"}],"about":[{"href":"https:\/\/pos.uel.br\/fisica\/wp-json\/wp\/v2\/types\/page"}],"author":[{"embeddable":true,"href":"https:\/\/pos.uel.br\/fisica\/wp-json\/wp\/v2\/users\/8"}],"replies":[{"embeddable":true,"href":"https:\/\/pos.uel.br\/fisica\/wp-json\/wp\/v2\/comments?post=168"}],"version-history":[{"count":5,"href":"https:\/\/pos.uel.br\/fisica\/wp-json\/wp\/v2\/pages\/168\/revisions"}],"predecessor-version":[{"id":335,"href":"https:\/\/pos.uel.br\/fisica\/wp-json\/wp\/v2\/pages\/168\/revisions\/335"}],"up":[{"embeddable":true,"href":"https:\/\/pos.uel.br\/fisica\/wp-json\/wp\/v2\/pages\/8"}],"wp:attachment":[{"href":"https:\/\/pos.uel.br\/fisica\/wp-json\/wp\/v2\/media?parent=168"}],"curies":[{"name":"wp","href":"https:\/\/api.w.org\/{rel}","templated":true}]}}