{"id":153,"date":"2021-06-09T16:21:12","date_gmt":"2021-06-09T19:21:12","guid":{"rendered":"https:\/\/pos.uel.br\/fisica\/?page_id=153"},"modified":"2024-05-02T18:18:58","modified_gmt":"2024-05-02T21:18:58","slug":"ingresso","status":"publish","type":"page","link":"https:\/\/pos.uel.br\/fisica\/posts\/ingresso\/","title":{"rendered":"Ingresso"},"content":{"rendered":"\n<p><a href=\"https:\/\/pos.uel.br\/fisica\/posts\/ingresso\/processo-de-selecao\/\" data-type=\"page\" data-id=\"140\">Processo de Sele\u00e7\u00e3o<\/a><\/p>\n\n\n\n<p><a href=\"https:\/\/pos.uel.br\/fisica\/posts\/ingresso\/exame-unificado\/\" data-type=\"page\" data-id=\"132\">Exame Unificado (EUF)<\/a><\/p>\n\n\n\n<p><a href=\"https:\/\/pos.uel.br\/fisica\/posts\/ingresso\/estudante-especial\/\" data-type=\"page\" data-id=\"137\">Estudante Especial<\/a><\/p>\n\n\n\n<p><a href=\"https:\/\/pos.uel.br\/fisica\/posts\/ingresso\/formularios\/\" data-type=\"page\" data-id=\"18\">Formul\u00e1rios<\/a><\/p>\n","protected":false},"excerpt":{"rendered":"<p>Processo de Sele\u00e7\u00e3o Exame Unificado (EUF) Estudante Especial Formul\u00e1rios<\/p>\n","protected":false},"author":8,"featured_media":0,"parent":449,"menu_order":0,"comment_status":"closed","ping_status":"closed","template":"","meta":{"_acf_changed":false,"footnotes":""},"class_list":["post-153","page","type-page","status-publish","hentry"],"acf":[],"_links":{"self":[{"href":"https:\/\/pos.uel.br\/fisica\/wp-json\/wp\/v2\/pages\/153","targetHints":{"allow":["GET"]}}],"collection":[{"href":"https:\/\/pos.uel.br\/fisica\/wp-json\/wp\/v2\/pages"}],"about":[{"href":"https:\/\/pos.uel.br\/fisica\/wp-json\/wp\/v2\/types\/page"}],"author":[{"embeddable":true,"href":"https:\/\/pos.uel.br\/fisica\/wp-json\/wp\/v2\/users\/8"}],"replies":[{"embeddable":true,"href":"https:\/\/pos.uel.br\/fisica\/wp-json\/wp\/v2\/comments?post=153"}],"version-history":[{"count":5,"href":"https:\/\/pos.uel.br\/fisica\/wp-json\/wp\/v2\/pages\/153\/revisions"}],"predecessor-version":[{"id":1109,"href":"https:\/\/pos.uel.br\/fisica\/wp-json\/wp\/v2\/pages\/153\/revisions\/1109"}],"up":[{"embeddable":true,"href":"https:\/\/pos.uel.br\/fisica\/wp-json\/wp\/v2\/pages\/449"}],"wp:attachment":[{"href":"https:\/\/pos.uel.br\/fisica\/wp-json\/wp\/v2\/media?parent=153"}],"curies":[{"name":"wp","href":"https:\/\/api.w.org\/{rel}","templated":true}]}}