{"id":15,"date":"2021-04-29T13:56:29","date_gmt":"2021-04-29T16:56:29","guid":{"rendered":"https:\/\/pos.uel.br\/fisica\/?page_id=15"},"modified":"2026-04-17T16:13:04","modified_gmt":"2026-04-17T19:13:04","slug":"estrutura-curricular","status":"publish","type":"page","link":"https:\/\/pos.uel.br\/fisica\/mestrado-e-doutorado\/estrutura-curricular\/","title":{"rendered":"Estrutura curricular"},"content":{"rendered":"\n<p>Para a obten\u00e7\u00e3o do t\u00edtulo de Mestre, o estudante dever\u00e1 cursar pelo menos 1.500 (mil e quinhentas) horas, correspondentes a 100 cr\u00e9ditos, sendo 16 (dezesseis) cr\u00e9ditos em disciplinas do n\u00facleo obrigat\u00f3rio, 18 (dezoito) cr\u00e9ditos em disciplinas do n\u00facleo b\u00e1sico ou optativas, e 66 (sessenta e seis) cr\u00e9ditos em Disserta\u00e7\u00e3o (i.e., projeto de pesquisa).<\/p>\n\n\n\n<p>Analogamente, para a obten\u00e7\u00e3o do t\u00edtulo de Doutora, o estudante dever\u00e1 cursar pelo menos 2.400 (duas mil e quatrocentas) horas, correspondentes a 160 cr\u00e9ditos, sendo 12 (doze ) cr\u00e9ditos em disciplinas do n\u00facleo obrigat\u00f3rio, 12 (doze) cr\u00e9ditos em disciplinas do n\u00facleo b\u00e1sico, 16 (dezesseis) cr\u00e9ditos em disciplinas optativas e 120 (cento e vinte) cr\u00e9ditos em Tese (i.e., projeto de pesquisa).<\/p>\n\n\n\n<h4 class=\"wp-block-heading\">Disciplinas do N\u00facleo Obrigat\u00f3rio<\/h4>\n\n\n\n<p>2FIS097 Mec\u00e2nica Qu\u00e2ntica I |\u00a0<em>06 cr\u00e9ditos 90 horas<\/em><\/p>\n\n\n\n<p>2FIS099 Eletrodin\u00e2mica I | <em>06 cr\u00e9ditos 90 horas<\/em><\/p>\n\n\n\n<p>2FIS112 Semin\u00e1rios I |&nbsp;<em>02 cr\u00e9ditos 60 horas<\/em><\/p>\n\n\n\n<p>2FIS113 Semin\u00e1rios II |&nbsp;<em>02 cr\u00e9ditos 60 horas<\/em><\/p>\n\n\n\n<p><\/p>\n\n\n\n<h4 class=\"wp-block-heading\">Disciplinas do N\u00facleo B\u00e1sico<\/h4>\n\n\n\n<p>2FIS098 Mec\u00e2nica Qu\u00e2ntica II | <em>06 cr\u00e9ditos 90 horas<\/em> <\/p>\n\n\n\n<p>2FIS143 Mec\u00e2nica Estat\u00edstica |\u00a0<em>06 cr\u00e9ditos 90 horas<\/em><\/p>\n\n\n\n<p>2FIS106 F\u00edsica Nuclear |&nbsp;<em>04 cr\u00e9ditos 60 horas<\/em><\/p>\n\n\n\n<p>2FIS144 F\u00edsica do Estado S\u00f3lido I | <em>04 cr\u00e9ditos 60 horas<\/em><\/p>\n\n\n\n<p>2 FIS 441 Relatividade Geral | 6 cr 90 h<\/p>\n\n\n\n<p>2FIS122 Ci\u00eancia e Tecnologia das Radia\u00e7\u00f5es | <em>04 cr\u00e9ditos 60 horas<\/em><\/p>\n\n\n\n<p>2FIS120 Eletrodin\u00e2mica Qu\u00e2ntica | <em>04 cr\u00e9ditos 60 horas<\/em><\/p>\n\n\n\n<p><\/p>\n\n\n\n<p><strong>Disciplinas Optativas<\/strong><\/p>\n\n\n\n<p>2FIS369 Introdu\u00e7\u00e3o ao Processamento de Informa\u00e7\u00e3o Qu\u00e2ntica | <em>04 cr\u00e9ditos 60 horas<\/em><\/p>\n\n\n\n<p>2FIS114 \u00d3ptica Qu\u00e2ntica&nbsp; | <em>04 cr\u00e9ditos 60 horas<\/em><\/p>\n\n\n\n<p>2FIS076 Eletrodin\u00e2mica II | <em>04 cr\u00e9ditos 60 horas<\/em><\/p>\n\n\n\n<p>2FIS127 Propriedades \u00d3pticas de Semicondutores | <em>04 cr\u00e9ditos 60 horas<\/em><\/p>\n\n\n\n<p>2FIS128 Dispositivos de Materiais Semicondutores&nbsp; | <em>04 cr\u00e9ditos 60 horas<\/em><\/p>\n\n\n\n<p>2FIS130&nbsp;Introdu\u00e7\u00e3o \u00e0s Transi\u00e7\u00f5es de Fase e Fen\u00f4menos Cr\u00edticos |<em> 04 cr\u00e9ditos 60 horas<\/em><\/p>\n\n\n\n<p>2FIS146 F\u00edsica do Estado S\u00f3lido II | <em>04 cr\u00e9ditos 60 horas<\/em><\/p>\n\n\n\n<p>2FIS370 Curso Avan\u00e7ado de Processamento de Informa\u00e7\u00e3o Qu\u00e2ntica | <em>04 cr\u00e9ditos 60 horas<\/em><\/p>\n\n\n\n<p>2FIS108 F\u00edsica de Semicondutores |<em>04 cr\u00e9ditos 60 horas<\/em><\/p>\n\n\n\n<p>2FIS109 F\u00edsica de Cristais L\u00edquidos | <em>04 cr\u00e9ditos 60 horas<\/em><\/p>\n\n\n\n<p>2FIS159 Propriedades Eletr\u00f4nicas e \u00d3pticas de Heteroestruturas Semicondutoras | <em>04 cr\u00e9ditos 60 horas<\/em><\/p>\n\n\n\n<p>2FIS278 A 2FIS335 T\u00f3picos Especiais em F\u00edsica | <em>Cr\u00e9ditos vari\u00e1veis<\/em><\/p>\n\n\n\n<p>2FIS180 A 2FIS200 Semin\u00e1rios em F\u00edsica | <em>Cr\u00e9ditos vari\u00e1veis<\/em><\/p>\n\n\n\n<p>2FIS336 A 2FIS368 Semin\u00e1rios em F\u00edsica | <em>Cr\u00e9ditos vari\u00e1veis<\/em><\/p>\n\n\n\n<p>2FIS372 Pol\u00edmeros Semicondutores A | <em>06 cr\u00e9ditos 90 horas<\/em><\/p>\n\n\n\n<p><\/p>\n\n\n\n<p><strong>Atividades Obrigat\u00f3rias para bolsistas CAPES<\/strong><\/p>\n\n\n\n<p>2FIS277&nbsp;Est\u00e1gio de Doc\u00eancia na Gradua\u00e7\u00e3o II |&nbsp;<em>02 cr\u00e9ditos 30 horas<\/em><\/p>\n\n\n\n<p>2FIS147 Est\u00e1gio de Doc\u00eancia na Gradua\u00e7\u00e3o I |&nbsp;<em>02 cr\u00e9ditos 30 horas<\/em><\/p>\n\n\n\n<p><\/p>\n\n\n\n<h4 class=\"wp-block-heading\">Disserta\u00e7\u00e3o de Mestrado (Exigem-se 66 cr\u00e9ditos)<\/h4>\n\n\n\n<p>2FIS100 Disserta\u00e7\u00e3o I | <em>15 cr\u00e9ditos 225 horas<\/em><\/p>\n\n\n\n<p>2FIS101 Disserta\u00e7\u00e3o II | <em>15 cr\u00e9ditos 225 horas<\/em><\/p>\n\n\n\n<p>2FIS102 Disserta\u00e7\u00e3o III | <em>18 cr\u00e9ditos 270 horas<\/em><\/p>\n\n\n\n<p>2FIS103 Disserta\u00e7\u00e3o IV | <em>18 cr\u00e9ditos 270 horas<\/em><\/p>\n\n\n\n<h4 class=\"wp-block-heading\">Tese de Doutorado (Exigem-se 120 cr\u00e9ditos)<\/h4>\n\n\n\n<p>2FIS134 Tese I | <em>15 cr\u00e9ditos 225 horas<\/em><\/p>\n\n\n\n<p>2FIS135 Tese II | <em>15 cr\u00e9ditos 225 horas<\/em><\/p>\n\n\n\n<p>2FIS136 Tese III| <em>15 cr\u00e9ditos 225 horas<\/em><\/p>\n\n\n\n<p>2FIS137 Tese IV | <em>15 cr\u00e9ditos 225 horas<\/em><\/p>\n\n\n\n<p>2FIS138 Tese V | <em>15 cr\u00e9ditos 225 horas<\/em><\/p>\n\n\n\n<p>2FIS139 Tese VI | <em>15 cr\u00e9ditos 225 horas<\/em><\/p>\n\n\n\n<p>2FIS140 Tese VII | <em>15 cr\u00e9ditos 225 horas<\/em><\/p>\n\n\n\n<p>2FIS141 Tese VIII | <em>15 cr\u00e9ditos 225 horas<\/em><\/p>\n","protected":false},"excerpt":{"rendered":"<p>Para a obten\u00e7\u00e3o do t\u00edtulo de Mestre, o estudante dever\u00e1 cursar pelo menos 1.500 (mil e quinhentas) horas, correspondentes a 100 cr\u00e9ditos, sendo 16 (dezesseis) cr\u00e9ditos em disciplinas do n\u00facleo obrigat\u00f3rio, 18 (dezoito) cr\u00e9ditos em disciplinas do n\u00facleo b\u00e1sico ou optativas, e 66 (sessenta e seis) cr\u00e9ditos em Disserta\u00e7\u00e3o (i.e., projeto de pesquisa). Analogamente, para [&hellip;]<\/p>\n","protected":false},"author":7,"featured_media":0,"parent":1098,"menu_order":0,"comment_status":"closed","ping_status":"closed","template":"","meta":{"_acf_changed":false,"footnotes":""},"class_list":["post-15","page","type-page","status-publish","hentry"],"acf":[],"_links":{"self":[{"href":"https:\/\/pos.uel.br\/fisica\/wp-json\/wp\/v2\/pages\/15","targetHints":{"allow":["GET"]}}],"collection":[{"href":"https:\/\/pos.uel.br\/fisica\/wp-json\/wp\/v2\/pages"}],"about":[{"href":"https:\/\/pos.uel.br\/fisica\/wp-json\/wp\/v2\/types\/page"}],"author":[{"embeddable":true,"href":"https:\/\/pos.uel.br\/fisica\/wp-json\/wp\/v2\/users\/7"}],"replies":[{"embeddable":true,"href":"https:\/\/pos.uel.br\/fisica\/wp-json\/wp\/v2\/comments?post=15"}],"version-history":[{"count":5,"href":"https:\/\/pos.uel.br\/fisica\/wp-json\/wp\/v2\/pages\/15\/revisions"}],"predecessor-version":[{"id":1432,"href":"https:\/\/pos.uel.br\/fisica\/wp-json\/wp\/v2\/pages\/15\/revisions\/1432"}],"up":[{"embeddable":true,"href":"https:\/\/pos.uel.br\/fisica\/wp-json\/wp\/v2\/pages\/1098"}],"wp:attachment":[{"href":"https:\/\/pos.uel.br\/fisica\/wp-json\/wp\/v2\/media?parent=15"}],"curies":[{"name":"wp","href":"https:\/\/api.w.org\/{rel}","templated":true}]}}