{"id":140,"date":"2021-05-20T14:55:37","date_gmt":"2021-05-20T17:55:37","guid":{"rendered":"https:\/\/pos.uel.br\/fisica\/?page_id=140"},"modified":"2024-05-02T18:14:26","modified_gmt":"2024-05-02T21:14:26","slug":"processo-de-selecao","status":"publish","type":"page","link":"https:\/\/pos.uel.br\/fisica\/posts\/ingresso\/processo-de-selecao\/","title":{"rendered":"Processo de Sele\u00e7\u00e3o"},"content":{"rendered":"\n<p>O Programa de P\u00f3s-gradua\u00e7\u00e3o em F\u00edsica da UEL oferece anualmente 15 vagas para o curso de mestrado e 10 vagas para o curso de doutorado. As vagas s\u00e3o ofertadas, em sua totalidade, atrav\u00e9s de edital publicado tipicamente no in\u00edcio de cada ano ou no final do ano anterior. Eventuais vagas remanescentes s\u00e3o ofertadas, tamb\u00e9m via edital, entre o meio e o final do primeiro semestre de cada ano. As datas espec\u00edficas dos editais de sele\u00e7\u00e3o variam de ano a ano, e s\u00e3o divulgadas neste site e tamb\u00e9m nos boletins da <a href=\"http:\/\/sbfisica.org.br\/v1\/euf\/\">SBF<\/a> e <a href=\"https:\/\/sab-astro.org.br\/\">SAB<\/a>.<\/p>\n\n\n\n<p>A classifica\u00e7\u00e3o dos candidatos \u00e9 composta de tr\u00eas etapas:<\/p>\n\n\n\n<ol class=\"wp-block-list\"><li>Entrevista (avalia\u00e7\u00e3o presencial);<\/li><li>Curriculum Vitae (avalia\u00e7\u00e3o n\u00e3o-presencial);<\/li><li>Nota do Exame Unificado das P\u00f3s-gradua\u00e7\u00f5es em F\u00edsica \u2014 EUF (avalia\u00e7\u00e3o feita pelo candidato junto ao EUF);<\/li><\/ol>\n\n\n\n<p>As vagas s\u00e3o distribu\u00eddas de acordo com a ordem de classifica\u00e7\u00e3o. As bolsas de Mestrado e Doutorado, quando dispon\u00edveis, s\u00e3o distribu\u00eddas de acordo com regras definidas no edital de sele\u00e7\u00e3o.<\/p>\n\n\n\n<p>A documenta\u00e7\u00e3o necess\u00e1ria para a inscri\u00e7\u00e3o \u00e9 apresentada em todo edital de sele\u00e7\u00e3o. Por\u00e9m, cabe destacar dois documentos que precisam ser providenciados pelos alunos com bastante anteced\u00eancia:<\/p>\n\n\n\n<ol class=\"wp-block-list\"><li><strong>Projeto de pesquisa.<\/strong> Para isso, o candidato precisa entrar em contato com os orientadores do programa e checar a disponibilidade de orienta\u00e7\u00e3o. Normalmente o projeto \u00e9 proposto pelo orientador, e escrito pelo orientador ou pelo orientador e o candidato. O Programa recomenda que este contato seja feito pelo menos 02 meses antes da sele\u00e7\u00e3o.<\/li><li><strong>Nota do EUF.<\/strong> Para o processo de sele\u00e7\u00e3o do PPG-F\u00edsica o candidato precisa enviar um comprovante oficial de participa\u00e7\u00e3o no EUF, com validade de dois anos. O candidato \u00e9 inteiramente respons\u00e1vel por se inscrever no EUF e realizar o exame. Vale ressaltar que as datas do EUF s\u00e3o completamente independentes dos editais do PPG-F\u00edsica da UEL. Assim, os candidatos devem se atentar aos prazos oficiais do EUF, de modo que as notas estejam dispon\u00edveis a tempo para a inscri\u00e7\u00e3o no PPG-F\u00edsica [1].<\/li><\/ol>\n\n\n\n<p>[1] Devido \u00e0s diferen\u00e7as nas datas dos editais de sele\u00e7\u00e3o do PPG-F\u00edsica e a realiza\u00e7\u00e3o do EUF, O PPG-F\u00edsica aceita em car\u00e1ter excepcional exames com no m\u00e1ximo 2 anos e 6 meses de validade.<\/p>\n\n\n\n<p><strong>Maiores informa\u00e7\u00f5es:<\/strong> e-mail para <a href=\"mailto:spgcce@uel.br\">spgcce@uel.br<\/a>, ou pelo telefone (43) 3371-4889<\/p>\n","protected":false},"excerpt":{"rendered":"<p>O Programa de P\u00f3s-gradua\u00e7\u00e3o em F\u00edsica da UEL oferece anualmente 15 vagas para o curso de mestrado e 10 vagas para o curso de doutorado. As vagas s\u00e3o ofertadas, em sua totalidade, atrav\u00e9s de edital publicado tipicamente no in\u00edcio de cada ano ou no final do ano anterior. Eventuais vagas remanescentes s\u00e3o ofertadas, tamb\u00e9m via [&hellip;]<\/p>\n","protected":false},"author":8,"featured_media":0,"parent":153,"menu_order":0,"comment_status":"closed","ping_status":"closed","template":"","meta":{"_acf_changed":false,"footnotes":""},"class_list":["post-140","page","type-page","status-publish","hentry"],"acf":[],"_links":{"self":[{"href":"https:\/\/pos.uel.br\/fisica\/wp-json\/wp\/v2\/pages\/140","targetHints":{"allow":["GET"]}}],"collection":[{"href":"https:\/\/pos.uel.br\/fisica\/wp-json\/wp\/v2\/pages"}],"about":[{"href":"https:\/\/pos.uel.br\/fisica\/wp-json\/wp\/v2\/types\/page"}],"author":[{"embeddable":true,"href":"https:\/\/pos.uel.br\/fisica\/wp-json\/wp\/v2\/users\/8"}],"replies":[{"embeddable":true,"href":"https:\/\/pos.uel.br\/fisica\/wp-json\/wp\/v2\/comments?post=140"}],"version-history":[{"count":2,"href":"https:\/\/pos.uel.br\/fisica\/wp-json\/wp\/v2\/pages\/140\/revisions"}],"predecessor-version":[{"id":204,"href":"https:\/\/pos.uel.br\/fisica\/wp-json\/wp\/v2\/pages\/140\/revisions\/204"}],"up":[{"embeddable":true,"href":"https:\/\/pos.uel.br\/fisica\/wp-json\/wp\/v2\/pages\/153"}],"wp:attachment":[{"href":"https:\/\/pos.uel.br\/fisica\/wp-json\/wp\/v2\/media?parent=140"}],"curies":[{"name":"wp","href":"https:\/\/api.w.org\/{rel}","templated":true}]}}