{"id":137,"date":"2021-05-20T14:50:19","date_gmt":"2021-05-20T17:50:19","guid":{"rendered":"https:\/\/pos.uel.br\/fisica\/?page_id=137"},"modified":"2021-06-09T16:38:41","modified_gmt":"2021-06-09T19:38:41","slug":"estudante-especial","status":"publish","type":"page","link":"https:\/\/pos.uel.br\/fisica\/posts\/ingresso\/estudante-especial\/","title":{"rendered":"Estudante Especial"},"content":{"rendered":"\n<p>O PPG-F\u00edsica oferece todo semestre vagas para a categoria de estudante especial. O estudante especial n\u00e3o precisa de orientador ou projeto de pesquisa. Por\u00e9m, nesta categoria o estudante pode acompanhar as disciplinas do programa juntamente com estudantes regulares. A categoria de estudante especial visa atender alunos que n\u00e3o puderam se inscrever em editais regulares, seja por falta de documenta\u00e7\u00e3o ou por n\u00e3o atendimento de prazos, mas que gostariam de antecipar suas atividades de pesquisa eliminando as etapas de conclus\u00e3o das disciplinas. Os estudantes especiais que cursam e s\u00e3o aprovados em mat\u00e9rias do programa e que, em uma etapa futura, se tornam estudantes regulares, podem solicitar o aproveitamento destas mat\u00e9rias, eliminando assim uma etapa do seu curso.<\/p>\n\n\n\n<p>Os editais para estudante especial s\u00e3o publicados duas vezes ao ano neste site.<\/p>\n","protected":false},"excerpt":{"rendered":"<p>O PPG-F\u00edsica oferece todo semestre vagas para a categoria de estudante especial. O estudante especial n\u00e3o precisa de orientador ou projeto de pesquisa. Por\u00e9m, nesta categoria o estudante pode acompanhar as disciplinas do programa juntamente com estudantes regulares. A categoria de estudante especial visa atender alunos que n\u00e3o puderam se inscrever em editais regulares, seja [&hellip;]<\/p>\n","protected":false},"author":8,"featured_media":0,"parent":153,"menu_order":0,"comment_status":"closed","ping_status":"closed","template":"","meta":{"_acf_changed":false,"footnotes":""},"class_list":["post-137","page","type-page","status-publish","hentry"],"acf":[],"_links":{"self":[{"href":"https:\/\/pos.uel.br\/fisica\/wp-json\/wp\/v2\/pages\/137","targetHints":{"allow":["GET"]}}],"collection":[{"href":"https:\/\/pos.uel.br\/fisica\/wp-json\/wp\/v2\/pages"}],"about":[{"href":"https:\/\/pos.uel.br\/fisica\/wp-json\/wp\/v2\/types\/page"}],"author":[{"embeddable":true,"href":"https:\/\/pos.uel.br\/fisica\/wp-json\/wp\/v2\/users\/8"}],"replies":[{"embeddable":true,"href":"https:\/\/pos.uel.br\/fisica\/wp-json\/wp\/v2\/comments?post=137"}],"version-history":[{"count":4,"href":"https:\/\/pos.uel.br\/fisica\/wp-json\/wp\/v2\/pages\/137\/revisions"}],"predecessor-version":[{"id":162,"href":"https:\/\/pos.uel.br\/fisica\/wp-json\/wp\/v2\/pages\/137\/revisions\/162"}],"up":[{"embeddable":true,"href":"https:\/\/pos.uel.br\/fisica\/wp-json\/wp\/v2\/pages\/153"}],"wp:attachment":[{"href":"https:\/\/pos.uel.br\/fisica\/wp-json\/wp\/v2\/media?parent=137"}],"curies":[{"name":"wp","href":"https:\/\/api.w.org\/{rel}","templated":true}]}}