{"id":13,"date":"2021-04-29T13:56:29","date_gmt":"2021-04-29T16:56:29","guid":{"rendered":"https:\/\/pos.uel.br\/fisica\/?page_id=13"},"modified":"2021-09-21T10:43:26","modified_gmt":"2021-09-21T13:43:26","slug":"contatos","status":"publish","type":"page","link":"https:\/\/pos.uel.br\/fisica\/posts\/sobre-o-programa\/contatos\/","title":{"rendered":"Contatos"},"content":{"rendered":"\n<p><strong>Coordena\u00e7\u00e3o do Programa<br><\/strong>Coordenador: Prof. Dr. Edson Laureto<br>Vice-coordenador: Prof. Dr. Sandro Vitenti<br>Colegiado: Prof. Dr. Pedro Gomes<\/p>\n\n\n\n<p><strong>Secretaria<\/strong><br>Fone: (43) 3371-4711 \/ 3371-4879<br>e-mail: spgcce@uel.br<\/p>\n\n\n\n<p><strong>Hor\u00e1rio de funcionamento<br><\/strong>Segunda a Sexta, das 8h \u00e0s 12h, e das 14h \u00e0s 18h. <\/p>\n\n\n\n<p><strong>Endere\u00e7o para Correspond\u00eancia<br><\/strong>Universidade Estadual de Londrina<br>Departamento de F\u00edsica.<br>Rodovia Celso Garcia Cid | Pr 445 Km 380 | Campus Universit\u00e1rio<br>Cx. Postal 6001 | CEP 86051-990 | Londrina \u2013 PR<\/p>\n\n\n\n<p><a href=\"https:\/\/goo.gl\/maps\/v68nWcp3jgKhGJev5\" data-type=\"URL\" data-id=\"https:\/\/goo.gl\/maps\/v68nWcp3jgKhGJev5\" target=\"_blank\" rel=\"noreferrer noopener\">Ver Mapa<\/a><\/p>\n\n\n","protected":false},"excerpt":{"rendered":"<p>Coordena\u00e7\u00e3o do ProgramaCoordenador: Prof. Dr. Edson LauretoVice-coordenador: Prof. Dr. Sandro VitentiColegiado: Prof. Dr. Pedro Gomes SecretariaFone: (43) 3371-4711 \/ 3371-4879e-mail: spgcce@uel.br Hor\u00e1rio de funcionamentoSegunda a Sexta, das 8h \u00e0s 12h, e das 14h \u00e0s 18h. Endere\u00e7o para Correspond\u00eanciaUniversidade Estadual de LondrinaDepartamento de F\u00edsica.Rodovia Celso Garcia Cid | Pr 445 Km 380 | Campus Universit\u00e1rioCx. Postal [&hellip;]<\/p>\n","protected":false},"author":7,"featured_media":0,"parent":8,"menu_order":0,"comment_status":"closed","ping_status":"closed","template":"","meta":{"_acf_changed":false,"footnotes":""},"class_list":["post-13","page","type-page","status-publish","hentry"],"acf":[],"_links":{"self":[{"href":"https:\/\/pos.uel.br\/fisica\/wp-json\/wp\/v2\/pages\/13","targetHints":{"allow":["GET"]}}],"collection":[{"href":"https:\/\/pos.uel.br\/fisica\/wp-json\/wp\/v2\/pages"}],"about":[{"href":"https:\/\/pos.uel.br\/fisica\/wp-json\/wp\/v2\/types\/page"}],"author":[{"embeddable":true,"href":"https:\/\/pos.uel.br\/fisica\/wp-json\/wp\/v2\/users\/7"}],"replies":[{"embeddable":true,"href":"https:\/\/pos.uel.br\/fisica\/wp-json\/wp\/v2\/comments?post=13"}],"version-history":[{"count":7,"href":"https:\/\/pos.uel.br\/fisica\/wp-json\/wp\/v2\/pages\/13\/revisions"}],"predecessor-version":[{"id":549,"href":"https:\/\/pos.uel.br\/fisica\/wp-json\/wp\/v2\/pages\/13\/revisions\/549"}],"up":[{"embeddable":true,"href":"https:\/\/pos.uel.br\/fisica\/wp-json\/wp\/v2\/pages\/8"}],"wp:attachment":[{"href":"https:\/\/pos.uel.br\/fisica\/wp-json\/wp\/v2\/media?parent=13"}],"curies":[{"name":"wp","href":"https:\/\/api.w.org\/{rel}","templated":true}]}}