{"id":1010,"date":"2023-08-15T16:15:51","date_gmt":"2023-08-15T19:15:51","guid":{"rendered":"https:\/\/pos.uel.br\/fisica\/?page_id=1010"},"modified":"2024-05-02T18:03:17","modified_gmt":"2024-05-02T21:03:17","slug":"documentos-para-auxilio","status":"publish","type":"page","link":"https:\/\/pos.uel.br\/fisica\/posts\/sobre-o-programa\/documentos-para-auxilio\/","title":{"rendered":"Documentos para aux\u00edlio"},"content":{"rendered":"\n<p><a href=\"https:\/\/pos.uel.br\/fisica\/wp-content\/uploads\/2023\/08\/Auxilio-estudantes-de-PG-para-atividades-de-coleta-de-dados-no-pais-2023.doc\">Aux\u00edlio estudantes de p\u00f3s-gradua\u00e7\u00e3o para atividades de coleta de dados no pa\u00eds.<\/a><\/p>\n\n\n\n<p><a href=\"https:\/\/pos.uel.br\/fisica\/wp-content\/uploads\/2023\/08\/Auxilio-estudantes-de-PG-para-atividades-de-coleta-de-dados-no-pais-relatorio-de-viagem-2023.doc\">Aux\u00edlio estudantes de p\u00f3s-gradua\u00e7\u00e3o para atividades de coleta de dados no pa\u00eds &#8211; relat\u00f3rio.<\/a><\/p>\n\n\n\n<p><a href=\"https:\/\/pos.uel.br\/fisica\/wp-content\/uploads\/2023\/08\/Auxilio-estudantes-de-PG-para-evento-cientifico-2023.doc\">Aux\u00edlio estudantes de p\u00f3s-gradua\u00e7\u00e3o para evento cient\u00edfico.<\/a><\/p>\n\n\n\n<p><a href=\"https:\/\/pos.uel.br\/fisica\/wp-content\/uploads\/2023\/08\/Auxilio-estudantes-de-PG-para-evento-cientifico-relatorio-de-viagem-2023.doc\">Aux\u00edlio estudantes de p\u00f3s-gradua\u00e7\u00e3o para evento cient\u00edfico &#8211; relat\u00f3rio.<\/a><\/p>\n","protected":false},"excerpt":{"rendered":"<p>Aux\u00edlio estudantes de p\u00f3s-gradua\u00e7\u00e3o para atividades de coleta de dados no pa\u00eds. Aux\u00edlio estudantes de p\u00f3s-gradua\u00e7\u00e3o para atividades de coleta de dados no pa\u00eds &#8211; relat\u00f3rio. Aux\u00edlio estudantes de p\u00f3s-gradua\u00e7\u00e3o para evento cient\u00edfico. Aux\u00edlio estudantes de p\u00f3s-gradua\u00e7\u00e3o para evento cient\u00edfico &#8211; relat\u00f3rio.<\/p>\n","protected":false},"author":10,"featured_media":0,"parent":8,"menu_order":0,"comment_status":"closed","ping_status":"closed","template":"","meta":{"_acf_changed":false,"footnotes":""},"class_list":["post-1010","page","type-page","status-publish","hentry"],"acf":[],"_links":{"self":[{"href":"https:\/\/pos.uel.br\/fisica\/wp-json\/wp\/v2\/pages\/1010","targetHints":{"allow":["GET"]}}],"collection":[{"href":"https:\/\/pos.uel.br\/fisica\/wp-json\/wp\/v2\/pages"}],"about":[{"href":"https:\/\/pos.uel.br\/fisica\/wp-json\/wp\/v2\/types\/page"}],"author":[{"embeddable":true,"href":"https:\/\/pos.uel.br\/fisica\/wp-json\/wp\/v2\/users\/10"}],"replies":[{"embeddable":true,"href":"https:\/\/pos.uel.br\/fisica\/wp-json\/wp\/v2\/comments?post=1010"}],"version-history":[{"count":4,"href":"https:\/\/pos.uel.br\/fisica\/wp-json\/wp\/v2\/pages\/1010\/revisions"}],"predecessor-version":[{"id":1100,"href":"https:\/\/pos.uel.br\/fisica\/wp-json\/wp\/v2\/pages\/1010\/revisions\/1100"}],"up":[{"embeddable":true,"href":"https:\/\/pos.uel.br\/fisica\/wp-json\/wp\/v2\/pages\/8"}],"wp:attachment":[{"href":"https:\/\/pos.uel.br\/fisica\/wp-json\/wp\/v2\/media?parent=1010"}],"curies":[{"name":"wp","href":"https:\/\/api.w.org\/{rel}","templated":true}]}}