{"id":678,"date":"2025-07-09T14:42:30","date_gmt":"2025-07-09T17:42:30","guid":{"rendered":"https:\/\/pos.uel.br\/financas\/?page_id=678"},"modified":"2025-10-09T08:56:26","modified_gmt":"2025-10-09T11:56:26","slug":"corpo-docente","status":"publish","type":"page","link":"https:\/\/pos.uel.br\/financas\/corpo-docente\/","title":{"rendered":"Corpo Docente"},"content":{"rendered":"\n<figure class=\"wp-block-table is-style-stripes has-small-font-size\"><table class=\"has-fixed-layout\"><tbody><tr><td><strong>Nome<\/strong><\/td><td><strong>Titula\u00e7\u00e3o<\/strong><\/td><td><strong>Institui\u00e7\u00e3o<\/strong><\/td><td><strong>Departamento<\/strong><\/td><\/tr><tr><td>Cassio Chia Jang Tsay<\/td><td>Mestre<\/td><td>UEL<\/td><td>Administra\u00e7\u00e3o<\/td><\/tr><tr><td>Daniel Ramos Nogueira<\/td><td>Doutor<\/td><td>UEL<\/td><td>Ci\u00eancias Cont\u00e1beis<\/td><\/tr><tr><td>Eduardo Augusto do Ros\u00e1rio Contani<\/td><td>Doutor<\/td><td>UEL<\/td><td>Administra\u00e7\u00e3o<\/td><\/tr><tr><td>Eric Ferreira dos Santos<\/td><td>Mestre<\/td><td>UEM<\/td><td>Ci\u00eancias Cont\u00e1beis<\/td><\/tr><tr><td>Federico Natalio Madkur<\/td><td>Doutor<\/td><td>UEL<\/td><td>Administra\u00e7\u00e3o<\/td><\/tr><tr><td>Jos\u00e9 Adrian Pintos Payeras<\/td><td>Doutor<\/td><td>UEL<\/td><td>Economia<\/td><\/tr><tr><td>Luciano Gomes dos Reis<\/td><td>Doutor<\/td><td>UEL<\/td><td>Ci\u00eancias Cont\u00e1beis<\/td><\/tr><tr><td>Nelson Luis Vidotto<\/td><td>Doutor<\/td><td>UEL<\/td><td>Administra\u00e7\u00e3o<\/td><\/tr><tr><td>Regis Garcia<\/td><td>Doutor<\/td><td>UEL<\/td><td>Ci\u00eancias Cont\u00e1beis<\/td><\/tr><tr><td>Saulo Fabiano A. Vieira<\/td><td>Doutor<\/td><td>UEL<\/td><td>Administra\u00e7\u00e3o<\/td><\/tr><\/tbody><\/table><\/figure>\n\n\n\n<div class=\"wp-block-columns is-layout-flex wp-container-core-columns-is-layout-9d6595d7 wp-block-columns-is-layout-flex\">\n<div class=\"wp-block-column is-layout-flow wp-block-column-is-layout-flow\"><\/div>\n<\/div>\n","protected":false},"excerpt":{"rendered":"<p>Nome Titula\u00e7\u00e3o Institui\u00e7\u00e3o Departamento Cassio Chia Jang Tsay Mestre UEL Administra\u00e7\u00e3o Daniel Ramos Nogueira Doutor UEL Ci\u00eancias Cont\u00e1beis Eduardo Augusto do Ros\u00e1rio Contani Doutor UEL Administra\u00e7\u00e3o Eric Ferreira dos Santos Mestre UEM Ci\u00eancias Cont\u00e1beis Federico Natalio Madkur Doutor UEL Administra\u00e7\u00e3o Jos\u00e9 Adrian Pintos Payeras Doutor UEL Economia Luciano Gomes dos Reis Doutor UEL Ci\u00eancias Cont\u00e1beis [&hellip;]<\/p>\n","protected":false},"author":9,"featured_media":0,"parent":0,"menu_order":0,"comment_status":"closed","ping_status":"closed","template":"","meta":{"_acf_changed":false,"_themeisle_gutenberg_block_has_review":false,"footnotes":""},"class_list":["post-678","page","type-page","status-publish","hentry"],"acf":[],"_links":{"self":[{"href":"https:\/\/pos.uel.br\/financas\/wp-json\/wp\/v2\/pages\/678","targetHints":{"allow":["GET"]}}],"collection":[{"href":"https:\/\/pos.uel.br\/financas\/wp-json\/wp\/v2\/pages"}],"about":[{"href":"https:\/\/pos.uel.br\/financas\/wp-json\/wp\/v2\/types\/page"}],"author":[{"embeddable":true,"href":"https:\/\/pos.uel.br\/financas\/wp-json\/wp\/v2\/users\/9"}],"replies":[{"embeddable":true,"href":"https:\/\/pos.uel.br\/financas\/wp-json\/wp\/v2\/comments?post=678"}],"version-history":[{"count":5,"href":"https:\/\/pos.uel.br\/financas\/wp-json\/wp\/v2\/pages\/678\/revisions"}],"predecessor-version":[{"id":752,"href":"https:\/\/pos.uel.br\/financas\/wp-json\/wp\/v2\/pages\/678\/revisions\/752"}],"wp:attachment":[{"href":"https:\/\/pos.uel.br\/financas\/wp-json\/wp\/v2\/media?parent=678"}],"curies":[{"name":"wp","href":"https:\/\/api.w.org\/{rel}","templated":true}]}}