{"id":31,"date":"2022-08-30T17:01:41","date_gmt":"2022-08-30T20:01:41","guid":{"rendered":"https:\/\/pos.uel.br\/direitocivil\/?page_id=31"},"modified":"2025-10-09T08:37:29","modified_gmt":"2025-10-09T11:37:29","slug":"regulamento","status":"publish","type":"page","link":"https:\/\/pos.uel.br\/financas\/regulamento\/","title":{"rendered":"Resolu\u00e7\u00f5es | Delibera\u00e7\u00f5es"},"content":{"rendered":"\n<hr class=\"wp-block-separator has-text-color has-secondary-accent-color has-alpha-channel-opacity has-secondary-accent-background-color has-background is-style-wide\" \/>\n\n\n\n<div class=\"wp-block-columns has-primary-text-color has-text-color is-layout-flex wp-container-core-columns-is-layout-9d6595d7 wp-block-columns-is-layout-flex\">\n<div class=\"wp-block-column is-layout-flow wp-block-column-is-layout-flow\">\n<p style=\"font-size:16px\"><strong>Vigente<\/strong><\/p>\n\n\n\n<ul class=\"wp-block-list has-small-font-size\">\n<li><a href=\"https:\/\/pos.uel.br\/financas\/wp-content\/uploads\/2023\/08\/Deliberacao-06-2023-Reest-Esp-Financas-Corporativas.pdf\" data-type=\"link\" data-id=\"https:\/\/pos.uel.br\/financas\/wp-content\/uploads\/2023\/08\/Deliberacao-06-2023-Reest-Esp-Financas-Corporativas.pdf\" target=\"_blank\" rel=\"noreferrer noopener\">Delibera\u00e7\u00e3o_06_2023-FIN-Reestrutura\u00e7\u00e3o<\/a><\/li>\n\n\n\n<li><a href=\"https:\/\/pos.uel.br\/financas\/wp-content\/uploads\/2023\/08\/Mensalid-Esp-Financas-Corporativas-Res-CA-53-2023.pdf\" data-type=\"link\" data-id=\"https:\/\/pos.uel.br\/financas\/wp-content\/uploads\/2023\/08\/Mensalid-Esp-Financas-Corporativas-Res-CA-53-2023.pdf\" target=\"_blank\" rel=\"noreferrer noopener\">Resolu\u00e7\u00e3o 053_2023-FIN-Mensalidade<\/a><\/li>\n\n\n\n<li><a href=\"https:\/\/pos.uel.br\/financas\/wp-content\/uploads\/2023\/08\/Res-CEPE-55-2023-Vagas-Esp-Financas-Corportativas.pdf\" data-type=\"link\" data-id=\"https:\/\/pos.uel.br\/financas\/wp-content\/uploads\/2023\/08\/Res-CEPE-55-2023-Vagas-Esp-Financas-Corportativas.pdf\" target=\"_blank\" rel=\"noreferrer noopener\">Resolu\u00e7\u00e3o_055_2023-FIN-Vagas<\/a><\/li>\n<\/ul>\n\n\n\n<p><strong>At\u00e9 2023<\/strong><\/p>\n\n\n\n<ul class=\"wp-block-list has-small-font-size\">\n<li><a rel=\"noreferrer noopener\" href=\"https:\/\/pos.uel.br\/financas\/wp-content\/uploads\/2022\/10\/Deliberacao_014_2016_FIN_Reestruturacao.pdf\" data-type=\"URL\" data-id=\"https:\/\/pos.uel.br\/financas\/wp-content\/uploads\/2022\/10\/Deliberacao_014_2016_FIN_Reestruturacao.pdf\" target=\"_blank\">Delibera\u00e7\u00e3o_14_2016-FIN-Reestrutura\u00e7\u00e3o<\/a><\/li>\n\n\n\n<li><a rel=\"noreferrer noopener\" href=\"https:\/\/pos.uel.br\/financas\/wp-content\/uploads\/2022\/10\/Mensalidade_Res.CEPE043_2013.pdf\" data-type=\"URL\" data-id=\"https:\/\/pos.uel.br\/financas\/wp-content\/uploads\/2022\/10\/Mensalidade_Res.CEPE043_2013.pdf\" target=\"_blank\">Resolu\u00e7\u00e3o 043_2013-FIN-Mensalidade<\/a><\/li>\n\n\n\n<li><a rel=\"noreferrer noopener\" href=\"https:\/\/pos.uel.br\/financas\/wp-content\/uploads\/2022\/10\/Res_CEPE_028_2013_FIN_Vagas.pdf\" data-type=\"URL\" data-id=\"https:\/\/pos.uel.br\/financas\/wp-content\/uploads\/2022\/10\/Res_CEPE_028_2013_FIN_Vagas.pdf\" target=\"_blank\">Resolu\u00e7\u00e3o_028_2013-FIN-Vagas<\/a><\/li>\n<\/ul>\n\n\n\n<p style=\"font-size:16px\"><strong>At\u00e9 2016<\/strong><\/p>\n\n\n\n<ul class=\"wp-block-list has-small-font-size\">\n<li><a href=\"https:\/\/pos.uel.br\/financas\/wp-content\/uploads\/2022\/10\/Res_CEPE_027_2013_FIN_Criacao.pdf\" data-type=\"URL\" data-id=\"https:\/\/pos.uel.br\/financas\/wp-content\/uploads\/2022\/10\/Res_CEPE_027_2013_FIN_Criacao.pdf\" target=\"_blank\" rel=\"noreferrer noopener\">Resolu\u00e7\u00e3o_027_2013-FIN-Cria\u00e7\u00e3o<\/a><\/li>\n\n\n\n<li><a href=\"https:\/\/pos.uel.br\/financas\/wp-content\/uploads\/2022\/10\/Mensalidade_Res.CEPE043_2013.pdf\" data-type=\"URL\" data-id=\"https:\/\/pos.uel.br\/financas\/wp-content\/uploads\/2022\/10\/Mensalidade_Res.CEPE043_2013.pdf\" target=\"_blank\" rel=\"noreferrer noopener\">Resolu\u00e7\u00e3o 043_2013-FIN-Mensalidade<\/a><\/li>\n\n\n\n<li><a href=\"https:\/\/pos.uel.br\/financas\/wp-content\/uploads\/2022\/10\/Res_CEPE_028_2013_FIN_Vagas.pdf\" data-type=\"URL\" data-id=\"https:\/\/pos.uel.br\/financas\/wp-content\/uploads\/2022\/10\/Res_CEPE_028_2013_FIN_Vagas.pdf\" target=\"_blank\" rel=\"noreferrer noopener\">Resolu\u00e7\u00e3o_028_2013-FIN-Vagas<\/a><\/li>\n<\/ul>\n<\/div>\n\n\n\n<div class=\"wp-block-column is-vertically-aligned-center is-layout-flow wp-block-column-is-layout-flow\">\n<p class=\"has-text-align-center\">&nbsp;<\/p>\n\n\n<div class=\"wp-block-image is-resized is-style-default\">\n<figure class=\"aligncenter\"><img loading=\"lazy\" decoding=\"async\" width=\"795\" height=\"467\" src=\"https:\/\/pos.uel.br\/direitocivil\/wp-content\/uploads\/2022\/09\/ementas.png\" alt=\"\" class=\"wp-image-174\" style=\"width:366px;height:auto\" srcset=\"https:\/\/pos.uel.br\/financas\/wp-content\/uploads\/2022\/09\/ementas.png 795w, https:\/\/pos.uel.br\/financas\/wp-content\/uploads\/2022\/09\/ementas-300x176.png 300w, https:\/\/pos.uel.br\/financas\/wp-content\/uploads\/2022\/09\/ementas-768x451.png 768w\" sizes=\"auto, (max-width: 795px) 100vw, 795px\" \/><figcaption class=\"wp-element-caption\"><strong><a href=\"https:\/\/sistemas.uel.br\/portaldepos\/inscricao\/listarDadosCurso?cdCurso=346&amp;nrResolucao=6%2F2023\">EMENTAS<\/a><\/strong><\/figcaption><\/figure>\n<\/div>\n\n\n<p class=\"has-text-align-center\"><\/p>\n<\/div>\n<\/div>\n\n\n\n<hr class=\"wp-block-separator has-text-color has-secondary-accent-color has-alpha-channel-opacity has-secondary-accent-background-color has-background is-style-wide\" \/>\n","protected":false},"excerpt":{"rendered":"<p>Vigente At\u00e9 2023 At\u00e9 2016 &nbsp;<\/p>\n","protected":false},"author":8,"featured_media":0,"parent":0,"menu_order":0,"comment_status":"closed","ping_status":"closed","template":"","meta":{"_acf_changed":false,"_themeisle_gutenberg_block_has_review":false,"footnotes":""},"class_list":["post-31","page","type-page","status-publish","hentry"],"acf":[],"_links":{"self":[{"href":"https:\/\/pos.uel.br\/financas\/wp-json\/wp\/v2\/pages\/31","targetHints":{"allow":["GET"]}}],"collection":[{"href":"https:\/\/pos.uel.br\/financas\/wp-json\/wp\/v2\/pages"}],"about":[{"href":"https:\/\/pos.uel.br\/financas\/wp-json\/wp\/v2\/types\/page"}],"author":[{"embeddable":true,"href":"https:\/\/pos.uel.br\/financas\/wp-json\/wp\/v2\/users\/8"}],"replies":[{"embeddable":true,"href":"https:\/\/pos.uel.br\/financas\/wp-json\/wp\/v2\/comments?post=31"}],"version-history":[{"count":16,"href":"https:\/\/pos.uel.br\/financas\/wp-json\/wp\/v2\/pages\/31\/revisions"}],"predecessor-version":[{"id":750,"href":"https:\/\/pos.uel.br\/financas\/wp-json\/wp\/v2\/pages\/31\/revisions\/750"}],"wp:attachment":[{"href":"https:\/\/pos.uel.br\/financas\/wp-json\/wp\/v2\/media?parent=31"}],"curies":[{"name":"wp","href":"https:\/\/api.w.org\/{rel}","templated":true}]}}