{"id":693,"date":"2025-10-10T14:24:10","date_gmt":"2025-10-10T17:24:10","guid":{"rendered":"https:\/\/pos.uel.br\/filosofiapolitica\/?page_id=693"},"modified":"2025-10-10T14:24:30","modified_gmt":"2025-10-10T17:24:30","slug":"insc_2025","status":"publish","type":"page","link":"https:\/\/pos.uel.br\/filosofiapolitica\/inscricoes\/insc_2025\/","title":{"rendered":"Insc_2025"},"content":{"rendered":"\n<p class=\"has-extra-1-color has-text-color has-medium-font-size\"><strong>Primeiro Semestre 2025<\/strong><\/p>\n\n\n\n<figure class=\"wp-block-table has-small-font-size\"><table><thead><tr><td class=\"has-text-align-center\" data-align=\"center\"><strong>&nbsp;DOC<\/strong><strong><\/strong><\/td><td><strong>ATIVIDADES<\/strong><strong><\/strong><\/td><td class=\"has-text-align-center\" data-align=\"center\"><strong>DATA<\/strong> |<strong> PER\u00cdODO DE PUBLICA\u00c7\u00c3O<\/strong><\/td><td class=\"has-text-align-center\" data-align=\"center\"><strong>SITUA\u00c7\u00c3O ATUAL<\/strong><strong><\/strong><\/td><\/tr><\/thead><tbody><tr><td class=\"has-text-align-center\" data-align=\"center\"><a href=\"https:\/\/pos.uel.br\/estado\/wp-content\/uploads\/2024\/10\/185_Edital-de-Oferta_2025_11out2024.pdf\" target=\"_blank\" rel=\"noreferrer noopener\"><img decoding=\"async\" class=\"wp-image-412\" style=\"width: 25px\" src=\"https:\/\/pos.uel.br\/direitocivil\/wp-content\/uploads\/2022\/09\/paste_red1-e1663003698481.jpg\" alt=\"\"><\/a><\/td><td>Edital de Oferta | Inscri\u00e7\u00e3o e Sele\u00e7\u00e3o<\/td><td class=\"has-text-align-center\" data-align=\"center\">11\/10\/2024<\/td><td class=\"has-text-align-center\" data-align=\"center\">&nbsp;<strong><\/strong><strong>Imprescind\u00edvel Leitura!<\/strong><\/td><\/tr><tr><td class=\"has-text-align-center\" data-align=\"center\"><\/td><td>Pedido de Isen\u00e7\u00e3o: Doa\u00e7\u00e3o de Sangue e Servi\u00e7o Eleitoral<\/td><td class=\"has-text-align-center\" data-align=\"center\">21\/10\/2024 a 23\/10\/2024<\/td><td class=\"has-text-align-center\" data-align=\"center\">&nbsp;<\/td><\/tr><tr><td class=\"has-text-align-center\" data-align=\"center\"><a href=\"https:\/\/pos.uel.br\/estado\/wp-content\/uploads\/2024\/10\/185_Edital_ISENCAO_2025_1_25out2024.pdf\" target=\"_blank\" rel=\"noreferrer noopener\"><img decoding=\"async\" class=\"wp-image-412\" style=\"width: 25px\" src=\"https:\/\/pos.uel.br\/direitocivil\/wp-content\/uploads\/2022\/09\/paste_red1-e1663003698481.jpg\" alt=\"\"><\/a><a href=\"https:\/\/pos.uel.br\/direitocivil\/wp-content\/uploads\/2023\/10\/158_Edital_ISENCAO_2024-1_25out2023.pdf\" target=\"_blank\" rel=\"noreferrer noopener\"><\/a><\/td><td>Publica\u00e7\u00e3o do Edital do Resultado dos pedidos de Isen\u00e7\u00e3o<\/td><td class=\"has-text-align-center\" data-align=\"center\">25\/10\/2024<\/td><td class=\"has-text-align-center\" data-align=\"center\">&nbsp;<\/td><\/tr><tr><td class=\"has-text-align-center\" data-align=\"center\">&nbsp;<\/td><td>Pedido de Recurso ao Resultado de Isen\u00e7\u00f5es<\/td><td class=\"has-text-align-center\" data-align=\"center\">29\/10\/2024<\/td><td class=\"has-text-align-center\" data-align=\"center\">&nbsp;<\/td><\/tr><tr><td class=\"has-text-align-center\" data-align=\"center\"><\/td><td>Publica\u00e7\u00e3o do Edital do Resultado dos Recursos referente aos pedidos de Isen\u00e7\u00f5es<\/td><td class=\"has-text-align-center\" data-align=\"center\">31\/10\/2024<\/td><td class=\"has-text-align-center\" data-align=\"center\">&nbsp;<\/td><\/tr><tr><td class=\"has-text-align-center\" data-align=\"center\"><a href=\"https:\/\/pos.uel.br\/estado\/wp-content\/uploads\/2024\/11\/185_Formulario-Curriculo_2025.doc\" target=\"_blank\" rel=\"noreferrer noopener\"><img decoding=\"async\" class=\"wp-image-412\" style=\"width: 25px\" src=\"https:\/\/pos.uel.br\/direitocivil\/wp-content\/uploads\/2022\/09\/paste_red1-e1663003698481.jpg\" alt=\"\"><\/a><a href=\"https:\/\/pos.uel.br\/direitocivil\/wp-content\/uploads\/2022\/10\/2023_Dir-Civil-Formulario-Curriculo-NOVO.doc\" target=\"_blank\" rel=\"noreferrer noopener\"><\/a><\/td><td>Curr\u00edculo | Formul\u00e1rio Obrigat\u00f3rio<\/td><td class=\"has-text-align-center\" data-align=\"center\">04\/11\/2024<\/td><td class=\"has-text-align-center\" data-align=\"center\"><\/td><\/tr><tr><td class=\"has-text-align-center\" data-align=\"center\"><a href=\"https:\/\/pos.uel.br\/estado\/wp-content\/uploads\/2025\/01\/Edital-Prorrogacao_24jan25_Geral.pdf\" target=\"_blank\" rel=\"noreferrer noopener\"><img decoding=\"async\" class=\"wp-image-412\" style=\"width: 25px\" src=\"https:\/\/pos.uel.br\/direitocivil\/wp-content\/uploads\/2022\/09\/paste_red1-e1663003698481.jpg\" alt=\"\"><\/a><\/td><td>Edital de Prorroga\u00e7\u00e3o | Inscri\u00e7\u00e3o e Sele\u00e7\u00e3o<\/td><td class=\"has-text-align-center\" data-align=\"center\">27\/01\/2025<\/td><td class=\"has-text-align-center\" data-align=\"center\"><\/td><\/tr><tr><td class=\"has-text-align-center\" data-align=\"center\"><\/td><td>Inscri\u00e7\u00e3o <em>online<\/em><\/td><td class=\"has-text-align-center\" data-align=\"center\"><strong><strong>04\/11\/2024 a&nbsp;<\/strong><\/strong><s>23\/01\/2025<\/s><strong>&nbsp;\u2013&nbsp;<strong>07\/02\/2025<\/strong><\/strong><\/td><td class=\"has-text-align-center\" data-align=\"center\"><s>No \u00faltimo dia&nbsp;<strong>at\u00e9 \u00e0s 16h<\/strong><\/s><\/td><\/tr><tr><td class=\"has-text-align-center\" data-align=\"center\">&nbsp;<\/td><td><em>Upload <\/em>de Documentos <strong>via sistema de inscri\u00e7\u00e3o <em>online<\/em><\/strong><\/td><td class=\"has-text-align-center\" data-align=\"center\"><strong><strong>04\/11\/2024 a&nbsp;<\/strong><\/strong><s>24\/01\/2025<\/s><strong>&nbsp;\u2013&nbsp;<strong>07\/02\/2025<\/strong><\/strong><\/td><td class=\"has-text-align-center\" data-align=\"center\"><s>No \u00faltimo dia&nbsp;<strong>at\u00e9 \u00e0s 16h<\/strong><\/s><\/td><\/tr><tr><td class=\"has-text-align-center\" data-align=\"center\">&nbsp;<\/td><td>Sele\u00e7\u00e3o &#8211; per\u00edodo exclusivo para comiss\u00e3o do curso<\/td><td class=\"has-text-align-center\" data-align=\"center\"><strong>12\/02\/2025 a 14\/02\/2025<\/strong><\/td><td class=\"has-text-align-center\" data-align=\"center\"><\/td><\/tr><tr><td class=\"has-text-align-center\" data-align=\"center\"><a href=\"https:\/\/pos.uel.br\/estado\/wp-content\/uploads\/2025\/02\/185_Edital-de-Resultado_20fev25.pdf\" target=\"_blank\" rel=\"noreferrer noopener\"><img decoding=\"async\" class=\"wp-image-412\" style=\"width: 25px\" src=\"https:\/\/pos.uel.br\/direitocivil\/wp-content\/uploads\/2022\/09\/paste_red1-e1663003698481.jpg\" alt=\"\"><\/a><\/td><td>Publica\u00e7\u00e3o do Edital de Resultado e Comunicado de Matr\u00edcula<\/td><td class=\"has-text-align-center\" data-align=\"center\">20\/02\/2025<\/td><td class=\"has-text-align-center\" data-align=\"center\">&nbsp;<strong>18h<\/strong> | <strong>Imprescind\u00edvel Leitura!<\/strong><\/td><\/tr><tr><td class=\"has-text-align-center\" data-align=\"center\"><a href=\"https:\/\/pos.uel.br\/estado\/wp-content\/uploads\/2025\/02\/185_Numero-de-Matricula_2025.pdf\" target=\"_blank\" rel=\"noreferrer noopener\"><img decoding=\"async\" class=\"wp-image-412\" style=\"width: 25px\" src=\"https:\/\/pos.uel.br\/direitocivil\/wp-content\/uploads\/2022\/09\/paste_red1-e1663003698481.jpg\" alt=\"\"><\/a><a href=\"https:\/\/pos.uel.br\/direitocivil\/wp-content\/uploads\/2024\/02\/158_Numero-de-Matricula.pdf\" target=\"_blank\" rel=\"noreferrer noopener\"><\/a><\/td><td>Publica\u00e7\u00e3o do N\u00famero de Matr\u00edcula<\/td><td class=\"has-text-align-center\" data-align=\"center\">20\/02\/2025<\/td><td class=\"has-text-align-center\" data-align=\"center\">&nbsp;<\/td><\/tr><tr><td class=\"has-text-align-center\" data-align=\"center\">&nbsp;<\/td><td><strong>Matr\u00edcula \u2013 Via WEB (3 ETAPAS):<\/strong> <br>1) Matr\u00edcula Eletr\u00f4nica <em>online <\/em>&#8211; Via WEB | Internet<br>2) Apresenta\u00e7\u00e3o de Documentos PENDENTES &#8211; <em>upload <\/em>em PDF<br>3) Assinatura do Contrato e Pagamento da Primeira Mensalidade<\/td><td class=\"has-text-align-center\" data-align=\"center\"><strong>21\/02\/2025 a 25\/02\/2025<\/strong><\/td><td class=\"has-text-align-center\" data-align=\"center\"><strong>Imprescind\u00edvel Leitura do Edital de Resultado!<\/strong><\/td><\/tr><tr><td class=\"has-text-align-center\" data-align=\"center\">&nbsp;<\/td><td>Convoca\u00e7\u00e3o de suplente &#8211; via e-mail<\/td><td class=\"has-text-align-center\" data-align=\"center\">A partir de 26\/02\/2025<\/td><td class=\"has-text-align-center\" data-align=\"center\">&nbsp;<\/td><\/tr><tr><td class=\"has-text-align-center\" data-align=\"center\">&nbsp;<\/td><td>Matr\u00edcula de suplente<\/td><td class=\"has-text-align-center\" data-align=\"center\">A partir de 26\/02\/2025<\/td><td class=\"has-text-align-center\" data-align=\"center\">&nbsp;<\/td><\/tr><tr><td class=\"has-text-align-center\" data-align=\"center\">&nbsp;<\/td><td>In\u00edcio das Aulas &#8211; data a confirmar pela Coordena\u00e7\u00e3o do Curso<\/td><td class=\"has-text-align-center\" data-align=\"center\">14 ou 21\/03\/2025<\/td><td class=\"has-text-align-center\" data-align=\"center\"><strong>&nbsp;Entre em contato com a Coordena\u00e7\u00e3o do curso!<\/strong><\/td><\/tr><\/tbody><\/table><\/figure>\n","protected":false},"excerpt":{"rendered":"<p>Primeiro Semestre 2025 &nbsp;DOC ATIVIDADES DATA | PER\u00cdODO DE PUBLICA\u00c7\u00c3O SITUA\u00c7\u00c3O ATUAL Edital de Oferta | Inscri\u00e7\u00e3o e Sele\u00e7\u00e3o 11\/10\/2024 &nbsp;Imprescind\u00edvel Leitura! Pedido de Isen\u00e7\u00e3o: Doa\u00e7\u00e3o de Sangue e Servi\u00e7o Eleitoral 21\/10\/2024 a 23\/10\/2024 &nbsp; Publica\u00e7\u00e3o do Edital do Resultado dos pedidos de Isen\u00e7\u00e3o 25\/10\/2024 &nbsp; &nbsp; Pedido de Recurso ao Resultado de Isen\u00e7\u00f5es 29\/10\/2024 [&hellip;]<\/p>\n","protected":false},"author":7,"featured_media":0,"parent":59,"menu_order":0,"comment_status":"closed","ping_status":"closed","template":"","meta":{"_acf_changed":false,"_themeisle_gutenberg_block_has_review":false,"footnotes":""},"class_list":["post-693","page","type-page","status-publish","hentry"],"acf":[],"_links":{"self":[{"href":"https:\/\/pos.uel.br\/filosofiapolitica\/wp-json\/wp\/v2\/pages\/693","targetHints":{"allow":["GET"]}}],"collection":[{"href":"https:\/\/pos.uel.br\/filosofiapolitica\/wp-json\/wp\/v2\/pages"}],"about":[{"href":"https:\/\/pos.uel.br\/filosofiapolitica\/wp-json\/wp\/v2\/types\/page"}],"author":[{"embeddable":true,"href":"https:\/\/pos.uel.br\/filosofiapolitica\/wp-json\/wp\/v2\/users\/7"}],"replies":[{"embeddable":true,"href":"https:\/\/pos.uel.br\/filosofiapolitica\/wp-json\/wp\/v2\/comments?post=693"}],"version-history":[{"count":1,"href":"https:\/\/pos.uel.br\/filosofiapolitica\/wp-json\/wp\/v2\/pages\/693\/revisions"}],"predecessor-version":[{"id":694,"href":"https:\/\/pos.uel.br\/filosofiapolitica\/wp-json\/wp\/v2\/pages\/693\/revisions\/694"}],"up":[{"embeddable":true,"href":"https:\/\/pos.uel.br\/filosofiapolitica\/wp-json\/wp\/v2\/pages\/59"}],"wp:attachment":[{"href":"https:\/\/pos.uel.br\/filosofiapolitica\/wp-json\/wp\/v2\/media?parent=693"}],"curies":[{"name":"wp","href":"https:\/\/api.w.org\/{rel}","templated":true}]}}