{"id":630,"date":"2025-07-08T16:12:03","date_gmt":"2025-07-08T19:12:03","guid":{"rendered":"https:\/\/pos.uel.br\/filosofiapolitica\/?page_id=630"},"modified":"2025-07-08T16:15:07","modified_gmt":"2025-07-08T19:15:07","slug":"corpo-docente","status":"publish","type":"page","link":"https:\/\/pos.uel.br\/filosofiapolitica\/corpo-docente\/","title":{"rendered":"Corpo Docente"},"content":{"rendered":"\n<figure class=\"wp-block-table is-style-stripes has-small-font-size\"><table class=\"has-fixed-layout\"><tbody><tr><td><strong>Nome do Docente<\/strong><\/td><td><strong>Institui\u00e7\u00e3o<\/strong><\/td><\/tr><tr><td>Adyr Garcia Ferreira Netto<\/td><td>UNIFIL \u2013 Instituto Filadelfia de Londrina<\/td><\/tr><tr><td>Ant\u00f3n Lois Fern\u00e1ndez \u00c1lvarez<\/td><td>UFF-Universidade Federal Fluminense<\/td><\/tr><tr><td>Aylton Barbieri Dur\u00e3o<\/td><td>UFSC-Universidade Federal de Santa Catarina<\/td><\/tr><tr><td>Bianco Zalmora Garcia<\/td><td>UEL-Universidade Estadual de Londrina (Aposentado)<\/td><\/tr><tr><td>Claudio Ladeira de Oliveira<\/td><td>UFSC-Universidade Federal de Santa Catarina<\/td><\/tr><tr><td>Clodomiro Jose Bannwart J\u00fanior<\/td><td>UEL-Universidade Estadual de Londrina<\/td><\/tr><tr><td>Elve Miguel Cenci<\/td><td>UEL-Universidade Estadual de Londrina<\/td><\/tr><tr><td>Gilvan Luiz Hansen<\/td><td>UFF-Universidade Federal Fluminense<\/td><\/tr><tr><td>Jairo N\u00e9ia Lima<\/td><td>UENP-Universidade Estadual do Norte do Paran\u00e1-Jacarezinho<\/td><\/tr><tr><td>Jo\u00e3o Luiz Martins Esteves<\/td><td>UEL-Universidade Estadual de Londrina<\/td><\/tr><tr><td>Jose Eduardo Campos de O.Faria<\/td><td>USP \u2013 Universidade de S\u00e3o Paulo<\/td><\/tr><tr><td>Jos\u00e9 Rodrigo Rodriguez<\/td><td>Unisinos<\/td><\/tr><tr><td>Maria Cristina M\u00fcller<\/td><td>UEL-Universidade Estadual de Londrina<\/td><\/tr><tr><td>Mirelle Neme Buzalaf<\/td><td>UEL-Universidade Estadual de Londrina<\/td><\/tr><\/tbody><\/table><\/figure>\n\n\n\n<p><\/p>\n","protected":false},"excerpt":{"rendered":"<p>Nome do Docente Institui\u00e7\u00e3o Adyr Garcia Ferreira Netto UNIFIL \u2013 Instituto Filadelfia de Londrina Ant\u00f3n Lois Fern\u00e1ndez \u00c1lvarez UFF-Universidade Federal Fluminense Aylton Barbieri Dur\u00e3o UFSC-Universidade Federal de Santa Catarina Bianco Zalmora Garcia UEL-Universidade Estadual de Londrina (Aposentado) Claudio Ladeira de Oliveira UFSC-Universidade Federal de Santa Catarina Clodomiro Jose Bannwart J\u00fanior UEL-Universidade Estadual de Londrina Elve [&hellip;]<\/p>\n","protected":false},"author":8,"featured_media":0,"parent":0,"menu_order":0,"comment_status":"closed","ping_status":"closed","template":"","meta":{"_acf_changed":false,"_themeisle_gutenberg_block_has_review":false,"footnotes":""},"class_list":["post-630","page","type-page","status-publish","hentry"],"acf":[],"_links":{"self":[{"href":"https:\/\/pos.uel.br\/filosofiapolitica\/wp-json\/wp\/v2\/pages\/630","targetHints":{"allow":["GET"]}}],"collection":[{"href":"https:\/\/pos.uel.br\/filosofiapolitica\/wp-json\/wp\/v2\/pages"}],"about":[{"href":"https:\/\/pos.uel.br\/filosofiapolitica\/wp-json\/wp\/v2\/types\/page"}],"author":[{"embeddable":true,"href":"https:\/\/pos.uel.br\/filosofiapolitica\/wp-json\/wp\/v2\/users\/8"}],"replies":[{"embeddable":true,"href":"https:\/\/pos.uel.br\/filosofiapolitica\/wp-json\/wp\/v2\/comments?post=630"}],"version-history":[{"count":2,"href":"https:\/\/pos.uel.br\/filosofiapolitica\/wp-json\/wp\/v2\/pages\/630\/revisions"}],"predecessor-version":[{"id":635,"href":"https:\/\/pos.uel.br\/filosofiapolitica\/wp-json\/wp\/v2\/pages\/630\/revisions\/635"}],"wp:attachment":[{"href":"https:\/\/pos.uel.br\/filosofiapolitica\/wp-json\/wp\/v2\/media?parent=630"}],"curies":[{"name":"wp","href":"https:\/\/api.w.org\/{rel}","templated":true}]}}