{"id":598,"date":"2024-11-29T10:40:43","date_gmt":"2024-11-29T13:40:43","guid":{"rendered":"https:\/\/pos.uel.br\/filosofiapolitica\/?page_id=598"},"modified":"2025-10-03T11:56:28","modified_gmt":"2025-10-03T14:56:28","slug":"a-t-e-n-c-a-o","status":"publish","type":"page","link":"https:\/\/pos.uel.br\/filosofiapolitica\/a-t-e-n-c-a-o\/","title":{"rendered":"&#8230; A T E N \u00c7 \u00c3 O &#8230;"},"content":{"rendered":"\n<ul class=\"wp-block-list\">\n<li>\u00c9 imprescind\u00edvel a leitura completa do Edital de Oferta.<\/li>\n\n\n\n<li>Disponibilizamos abaixo um resumo dos documentos a serem anexados (upload) no momento da inscri\u00e7\u00e3o.<\/li>\n\n\n\n<li>Lembramos que \u00e9 necess\u00e1rio acompanhar a inscri\u00e7\u00e3o pelo Portal do Estudante de P\u00f3s-Gradua\u00e7\u00e3o \u2013 menu \u201cReenvio de Documentos\u201d.<\/li>\n<\/ul>\n\n\n\n<div class=\"wp-block-columns is-layout-flex wp-container-core-columns-is-layout-9d6595d7 wp-block-columns-is-layout-flex\">\n<div class=\"wp-block-column is-layout-flow wp-block-column-is-layout-flow\">\n<figure class=\"wp-block-image size-large is-resized\"><img loading=\"lazy\" decoding=\"async\" width=\"1024\" height=\"420\" src=\"https:\/\/pos.uel.br\/filosofiapolitica\/wp-content\/uploads\/2025\/10\/image-2-1024x420.png\" alt=\"\" class=\"wp-image-676\" style=\"width:1062px;height:auto\" srcset=\"https:\/\/pos.uel.br\/filosofiapolitica\/wp-content\/uploads\/2025\/10\/image-2-1024x420.png 1024w, https:\/\/pos.uel.br\/filosofiapolitica\/wp-content\/uploads\/2025\/10\/image-2-300x123.png 300w, https:\/\/pos.uel.br\/filosofiapolitica\/wp-content\/uploads\/2025\/10\/image-2-768x315.png 768w, https:\/\/pos.uel.br\/filosofiapolitica\/wp-content\/uploads\/2025\/10\/image-2.png 1095w\" sizes=\"auto, (max-width: 1024px) 100vw, 1024px\" \/><\/figure>\n<\/div>\n<\/div>\n\n\n\n<div class=\"wp-block-columns is-layout-flex wp-container-core-columns-is-layout-9d6595d7 wp-block-columns-is-layout-flex\">\n<div class=\"wp-block-column is-layout-flow wp-block-column-is-layout-flow\">\n<div class=\"wp-block-buttons is-content-justification-left is-layout-flex wp-container-core-buttons-is-layout-fdcfc74e wp-block-buttons-is-layout-flex\">\n<div class=\"wp-block-button\"><a class=\"wp-block-button__link has-site-background-color has-secondary-accent-background-color has-text-color has-background has-link-color has-text-align-center wp-element-button\" href=\"https:\/\/sistemas.uel.br\/portaldepos\/inscricao\/listarCursos?nvCurso=1&amp;sqNivel=1\" target=\"_blank\" rel=\"noreferrer noopener\"><strong>CLIQUE AQUI PARA CONTINUAR O PROCESSO DE INSCRI\u00c7\u00c3O<\/strong><\/a><\/div>\n<\/div>\n<\/div>\n<\/div>\n\n\n\n<p><\/p>\n","protected":false},"excerpt":{"rendered":"","protected":false},"author":7,"featured_media":0,"parent":0,"menu_order":0,"comment_status":"closed","ping_status":"closed","template":"","meta":{"_acf_changed":false,"_themeisle_gutenberg_block_has_review":false,"footnotes":""},"class_list":["post-598","page","type-page","status-publish","hentry"],"acf":[],"_links":{"self":[{"href":"https:\/\/pos.uel.br\/filosofiapolitica\/wp-json\/wp\/v2\/pages\/598","targetHints":{"allow":["GET"]}}],"collection":[{"href":"https:\/\/pos.uel.br\/filosofiapolitica\/wp-json\/wp\/v2\/pages"}],"about":[{"href":"https:\/\/pos.uel.br\/filosofiapolitica\/wp-json\/wp\/v2\/types\/page"}],"author":[{"embeddable":true,"href":"https:\/\/pos.uel.br\/filosofiapolitica\/wp-json\/wp\/v2\/users\/7"}],"replies":[{"embeddable":true,"href":"https:\/\/pos.uel.br\/filosofiapolitica\/wp-json\/wp\/v2\/comments?post=598"}],"version-history":[{"count":5,"href":"https:\/\/pos.uel.br\/filosofiapolitica\/wp-json\/wp\/v2\/pages\/598\/revisions"}],"predecessor-version":[{"id":677,"href":"https:\/\/pos.uel.br\/filosofiapolitica\/wp-json\/wp\/v2\/pages\/598\/revisions\/677"}],"wp:attachment":[{"href":"https:\/\/pos.uel.br\/filosofiapolitica\/wp-json\/wp\/v2\/media?parent=598"}],"curies":[{"name":"wp","href":"https:\/\/api.w.org\/{rel}","templated":true}]}}