{"id":59,"date":"2022-09-01T09:45:26","date_gmt":"2022-09-01T12:45:26","guid":{"rendered":"https:\/\/pos.uel.br\/direitocivil\/?page_id=59"},"modified":"2026-02-27T11:13:08","modified_gmt":"2026-02-27T14:13:08","slug":"inscricoes","status":"publish","type":"page","link":"https:\/\/pos.uel.br\/filosofiapolitica\/inscricoes\/","title":{"rendered":"Inscri\u00e7\u00f5es"},"content":{"rendered":"\n<hr class=\"wp-block-separator has-text-color has-secondary-accent-color has-alpha-channel-opacity has-secondary-accent-background-color has-background is-style-wide\" \/>\n\n\n\n<div class=\"wp-block-buttons is-layout-flex wp-block-buttons-is-layout-flex\">\n<div class=\"wp-block-button aligncenter\"><a class=\"wp-block-button__link has-primary-accent-background-color has-background wp-element-button\" href=\"https:\/\/pos.uel.br\/filosofiapolitica\/a-t-e-n-c-a-o\/\" target=\"_blank\" rel=\"noreferrer noopener\"><strong>CLIQUE AQUI PARA INICIAR O PROCESSO DE INSCRI\u00c7\u00c3O<\/strong><\/a><\/div>\n<\/div>\n\n\n\n<hr class=\"wp-block-separator has-text-color has-secondary-accent-color has-alpha-channel-opacity has-secondary-accent-background-color has-background is-style-wide\" \/>\n\n\n\n<p class=\"has-secondary-accent-color has-text-color has-medium-font-size\"><strong>Primeiro Semestre 2026<\/strong><\/p>\n\n\n\n<figure class=\"wp-block-table has-small-font-size\"><table><thead><tr><td class=\"has-text-align-center\" data-align=\"center\"><strong>&nbsp;DOC<\/strong><strong><\/strong><\/td><td><strong>ATIVIDADES<\/strong><strong><\/strong><\/td><td class=\"has-text-align-center\" data-align=\"center\"><strong>DATA<\/strong> |<strong> PER\u00cdODO DE PUBLICA\u00c7\u00c3O<\/strong><\/td><td class=\"has-text-align-center\" data-align=\"center\"><strong>SITUA\u00c7\u00c3O ATUAL<\/strong><strong><\/strong><\/td><\/tr><\/thead><tbody><tr><td class=\"has-text-align-center\" data-align=\"center\"><a href=\"https:\/\/pos.uel.br\/filosofiapolitica\/wp-content\/uploads\/2025\/10\/123_Edital-de-Oferta_2026_10out2025.pdf\" target=\"_blank\" rel=\"noreferrer noopener\"><img decoding=\"async\" class=\"wp-image-412\" style=\"width: 25px\" src=\"https:\/\/pos.uel.br\/direitocivil\/wp-content\/uploads\/2022\/09\/paste_red1-e1663003698481.jpg\" alt=\"\"><\/a><\/td><td>Edital de Oferta | Inscri\u00e7\u00e3o e Sele\u00e7\u00e3o<\/td><td class=\"has-text-align-center\" data-align=\"center\">10\/10\/2025<\/td><td class=\"has-text-align-center\" data-align=\"center\">&nbsp;<strong><\/strong><strong>Imprescind\u00edvel Leitura!<\/strong><\/td><\/tr><tr><td class=\"has-text-align-center\" data-align=\"center\"><a href=\"https:\/\/pos.uel.br\/filosofiapolitica\/wp-content\/uploads\/2025\/10\/123_Formulario-Curriculo_2025.doc\" target=\"_blank\" rel=\"noreferrer noopener\"><img decoding=\"async\" class=\"wp-image-412\" style=\"width: 25px\" src=\"https:\/\/pos.uel.br\/direitocivil\/wp-content\/uploads\/2022\/09\/paste_red1-e1663003698481.jpg\" alt=\"\"><\/a><\/td><td>Curr\u00edculo | Formul\u00e1rio Obrigat\u00f3rio<\/td><td class=\"has-text-align-center\" data-align=\"center\">10\/10\/2025<\/td><td class=\"has-text-align-center\" data-align=\"center\"><\/td><\/tr><tr><td class=\"has-text-align-center\" data-align=\"center\"><a href=\"https:\/\/pos.uel.br\/filosofiapolitica\/wp-content\/uploads\/2022\/09\/Form_Isencao_Inscricao.doc\" target=\"_blank\" rel=\"noreferrer noopener\"><img decoding=\"async\" class=\"wp-image-412\" style=\"width: 25px\" src=\"https:\/\/pos.uel.br\/direitocivil\/wp-content\/uploads\/2022\/09\/paste_red1-e1663003698481.jpg\" alt=\"\"><\/a><\/td><td>Pedido de Isen\u00e7\u00e3o: Doa\u00e7\u00e3o de Sangue e Servi\u00e7o Eleitoral | Requerimento<\/td><td class=\"has-text-align-center\" data-align=\"center\">20\/10\/2025 a 22\/10\/2025<\/td><td class=\"has-text-align-center\" data-align=\"center\">&nbsp;<\/td><\/tr><tr><td class=\"has-text-align-center\" data-align=\"center\"><a href=\"https:\/\/pos.uel.br\/direitocivil\/wp-content\/uploads\/2023\/10\/158_Edital_ISENCAO_2024-1_25out2023.pdf\" target=\"_blank\" rel=\"noreferrer noopener\"><\/a><\/td><td>Publica\u00e7\u00e3o do Edital do Resultado dos pedidos de Isen\u00e7\u00e3o<\/td><td class=\"has-text-align-center\" data-align=\"center\">24\/10\/2025<\/td><td class=\"has-text-align-center\" data-align=\"center\">&nbsp;<\/td><\/tr><tr><td class=\"has-text-align-center\" data-align=\"center\">&nbsp;<\/td><td>Pedido de Recurso ao Resultado de Isen\u00e7\u00f5es<\/td><td class=\"has-text-align-center\" data-align=\"center\">29\/10\/2025<\/td><td class=\"has-text-align-center\" data-align=\"center\">&nbsp;<\/td><\/tr><tr><td class=\"has-text-align-center\" data-align=\"center\"><\/td><td>Publica\u00e7\u00e3o do Edital do Resultado dos Recursos referente aos pedidos de Isen\u00e7\u00f5es<\/td><td class=\"has-text-align-center\" data-align=\"center\">31\/10\/2025<\/td><td class=\"has-text-align-center\" data-align=\"center\">&nbsp;<\/td><\/tr><tr><td class=\"has-text-align-center\" data-align=\"center\"><a href=\"https:\/\/pos.uel.br\/filosofiapolitica\/wp-content\/uploads\/2026\/01\/1_EDITAL_PRORROGACAO_2026.pdf\" target=\"_blank\" rel=\"noreferrer noopener\"><img decoding=\"async\" class=\"wp-image-412\" style=\"width: 25px\" src=\"https:\/\/pos.uel.br\/direitocivil\/wp-content\/uploads\/2022\/09\/paste_red1-e1663003698481.jpg\" alt=\"\"><\/a><\/td><td>Edital de Prorroga\u00e7\u00e3o | Inscri\u00e7\u00e3o<\/td><td class=\"has-text-align-center\" data-align=\"center\">26\/01\/2026<\/td><td class=\"has-text-align-center\" data-align=\"center\"><\/td><\/tr><tr><td class=\"has-text-align-center\" data-align=\"center\"><\/td><td>Inscri\u00e7\u00e3o <em>online<\/em> &#8211; <a href=\"https:\/\/sites.uel.br\/proppg\/inscricoes\/\" target=\"_blank\" rel=\"noreferrer noopener\">https:\/\/sites.uel.br\/proppg\/inscricoes\/<\/a><\/td><td class=\"has-text-align-center\" data-align=\"center\"><strong><strong><strong><strong>05\/11\/2025 a&nbsp;<s>&nbsp;<\/s><\/strong><\/strong><\/strong><\/strong><s>23\/01\/2026<\/s><strong><strong><strong><strong>&nbsp;\u2013 10\/02\/2026<\/strong><\/strong><\/strong><\/strong><\/td><td class=\"has-text-align-center\" data-align=\"center\"><strong>PRORROGADO<\/strong><\/td><\/tr><tr><td class=\"has-text-align-center\" data-align=\"center\">&nbsp;<\/td><td><em>Upload <\/em>de Documentos <strong>via sistema de inscri\u00e7\u00e3o <em>online<\/em><\/strong> *<\/td><td class=\"has-text-align-center\" data-align=\"center\"><strong><strong><strong><strong>05\/11\/2025 a&nbsp;<\/strong><\/strong><\/strong><\/strong><s>&nbsp;23\/01\/2026<\/s><strong><strong><strong><strong>&nbsp;\u2013 10\/02\/2026<\/strong><\/strong><\/strong><\/strong><\/td><td class=\"has-text-align-center\" data-align=\"center\">* O candidato DEVE <strong>acompanhar sua inscri\u00e7\u00e3o <\/strong>pelo <br>portal do estudante menu: <strong>REENVIO DE DOCUMENTOS<\/strong><br><strong>PRORROGADO<\/strong><\/td><\/tr><tr><td class=\"has-text-align-center\" data-align=\"center\">&nbsp;<\/td><td>Sele\u00e7\u00e3o &#8211; per\u00edodo exclusivo para comiss\u00e3o do curso<\/td><td class=\"has-text-align-center\" data-align=\"center\"><strong>11\/02\/2026 a 23\/02\/2026<\/strong><\/td><td class=\"has-text-align-center\" data-align=\"center\"><\/td><\/tr><tr><td class=\"has-text-align-center\" data-align=\"center\"><img decoding=\"async\" class=\"wp-image-412\" style=\"width: 25px\" src=\"https:\/\/pos.uel.br\/direitocivil\/wp-content\/uploads\/2022\/09\/paste_red1-e1663003698481.jpg\" alt=\"\"><\/td><td>Publica\u00e7\u00e3o do Edital de Resultado e Convoca\u00e7\u00e3o  de Matr\u00edcula | In\u00edcio das aulas<\/td><td class=\"has-text-align-center\" data-align=\"center\">02\/03\/2026<\/td><td class=\"has-text-align-center\" data-align=\"center\">&nbsp;<strong>18h<\/strong> | <strong>Imprescind\u00edvel Leitura!<\/strong><\/td><\/tr><tr><td class=\"has-text-align-center\" data-align=\"center\"><\/td><td>Publica\u00e7\u00e3o do N\u00famero de Matr\u00edcula<\/td><td class=\"has-text-align-center\" data-align=\"center\">02\/03\/2026<\/td><td class=\"has-text-align-center\" data-align=\"center\"><strong>Dispon\u00edvel no Edital de Resultado!<\/strong>\u00a0\u00a0<\/td><\/tr><tr><td class=\"has-text-align-center\" data-align=\"center\">&nbsp;<\/td><td><strong>Matr\u00edcula \u2013 Via WEB (3 ETAPAS):<\/strong> <br>1) Matr\u00edcula Eletr\u00f4nica <em>online <\/em>&#8211; Via WEB (UEL) | Internet<br>2) Apresenta\u00e7\u00e3o de Documentos PENDENTES (<strong>Ileg\u00edveis e n\u00e3o entregues<\/strong>)- <em>upload <\/em>em PDF<br>3) Aceite do Contrato de Ades\u00e3o e Pagamento da Primeira Mensalidade &#8211; (site FAUEL)<\/td><td class=\"has-text-align-center\" data-align=\"center\"><strong>03\/03\/2026 a 05\/03\/2026<\/strong><\/td><td class=\"has-text-align-center\" data-align=\"center\"><strong>Imprescind\u00edvel Leitura do Edital de Resultado!<\/strong><\/td><\/tr><tr><td class=\"has-text-align-center\" data-align=\"center\">&nbsp;<\/td><td>Convoca\u00e7\u00e3o de suplente &#8211; via e-mail<\/td><td class=\"has-text-align-center\" data-align=\"center\">A partir de 09\/03\/2026<\/td><td class=\"has-text-align-center\" data-align=\"center\">&nbsp;<\/td><\/tr><tr><td class=\"has-text-align-center\" data-align=\"center\">&nbsp;<\/td><td>Matr\u00edcula de suplente<\/td><td class=\"has-text-align-center\" data-align=\"center\">A partir de 09\/03\/2026<\/td><td class=\"has-text-align-center\" data-align=\"center\">&nbsp;<\/td><\/tr><tr><td class=\"has-text-align-center\" data-align=\"center\">&nbsp;<\/td><td>In\u00edcio das Aulas &#8211; data a confirmar pela Coordena\u00e7\u00e3o do Curso<\/td><td class=\"has-text-align-center\" data-align=\"center\">Mar\u00e7o de 2026<\/td><td class=\"has-text-align-center\" data-align=\"center\"><strong><strong>Dispon\u00edvel no Edital de Resultado!<\/strong>\u00a0<\/strong><\/td><\/tr><\/tbody><\/table><\/figure>\n\n\n\n<p class=\"has-secondary-accent-color has-text-color has-medium-font-size\"><\/p>\n\n\n\n<h1 class=\"wp-block-heading has-text-align-left has-secondary-accent-color has-site-background-background-color has-text-color has-background\" style=\"font-size:15px;text-transform:capitalize\">Processos anteriores:<\/h1>\n\n\n\n<div class=\"wp-block-buttons is-layout-flex wp-block-buttons-is-layout-flex\">\n<div class=\"wp-block-button is-style-fill\"><a class=\"wp-block-button__link has-site-background-color has-primary-accent-background-color has-text-color has-background wp-element-button\" href=\"https:\/\/pos.uel.br\/filosofiapolitica\/inscricoes\/insc_2025\/\" target=\"_blank\" rel=\"noreferrer noopener\"><strong>2 0 2 5<\/strong><\/a><\/div>\n\n\n\n<div class=\"wp-block-button is-style-fill\"><a class=\"wp-block-button__link has-site-background-color has-primary-accent-background-color has-text-color has-background wp-element-button\" href=\"https:\/\/pos.uel.br\/filosofiapolitica\/inscricoes\/insc_2024\/\" target=\"_blank\" rel=\"noreferrer noopener\"><strong>2 0 2 4<\/strong><\/a><\/div>\n\n\n\n<div class=\"wp-block-button is-style-fill\"><a class=\"wp-block-button__link has-site-background-color has-primary-accent-background-color has-text-color has-background wp-element-button\" href=\"https:\/\/pos.uel.br\/filosofiapolitica\/inscricoes\/insc_2023\/\" target=\"_blank\" rel=\"noreferrer noopener\"><strong>2 0 2 3<\/strong><\/a><\/div>\n\n\n\n<div class=\"wp-block-button is-style-fill\"><a class=\"wp-block-button__link has-site-background-color has-primary-accent-background-color has-text-color has-background wp-element-button\" href=\"https:\/\/pos.uel.br\/filosofiapolitica\/inscricoes\/insc_2022\/\" target=\"_blank\" rel=\"noreferrer noopener\"><strong>2 0 2 2<\/strong><\/a><\/div>\n\n\n\n<div class=\"wp-block-button is-style-fill\"><a class=\"wp-block-button__link has-site-background-color has-primary-accent-background-color has-text-color has-background wp-element-button\" href=\"https:\/\/pos.uel.br\/filosofiapolitica\/inscricoes\/insc_2021\/\" target=\"_blank\" rel=\"noreferrer noopener\"><strong>2 0 2 1<\/strong><\/a><\/div>\n\n\n\n<div class=\"wp-block-button is-style-fill\"><a class=\"wp-block-button__link has-site-background-color has-primary-accent-background-color has-text-color has-background wp-element-button\" href=\"https:\/\/pos.uel.br\/filosofiapolitica\/inscricoes\/insc_2020\/\" target=\"_blank\" rel=\"noreferrer noopener\"><strong>2 0 2 0<\/strong><\/a><\/div>\n\n\n\n<div class=\"wp-block-button is-style-fill\"><a class=\"wp-block-button__link has-site-background-color has-primary-accent-background-color has-text-color has-background wp-element-button\" href=\"https:\/\/pos.uel.br\/filosofiapolitica\/inscricoes\/insc_2019\/\" target=\"_blank\" rel=\"noreferrer noopener\"><strong>2 0 1 9<\/strong><\/a><\/div>\n<\/div>\n\n\n\n<hr class=\"wp-block-separator has-text-color has-secondary-accent-color has-alpha-channel-opacity has-secondary-accent-background-color has-background is-style-wide\" \/>\n\n\n\n<div class=\"wp-block-columns is-layout-flex wp-container-core-columns-is-layout-9d6595d7 wp-block-columns-is-layout-flex\">\n<div class=\"wp-block-column is-layout-flow wp-block-column-is-layout-flow\">\n<div class=\"wp-block-buttons alignfull is-layout-flex wp-block-buttons-is-layout-flex\">\n<div class=\"wp-block-button aligncenter is-style-fill\"><a class=\"wp-block-button__link has-primary-accent-background-color has-background wp-element-button\" href=\"https:\/\/pos.uel.br\/filosofiapolitica\/contatos\/\" style=\"border-radius:100px\"><strong>Fale Conosco<\/strong><\/a><\/div>\n<\/div>\n<\/div>\n<\/div>\n\n\n\n<hr class=\"wp-block-separator has-text-color has-secondary-accent-color has-alpha-channel-opacity has-secondary-accent-background-color has-background is-style-wide\" \/>\n\n\n\n<p><\/p>\n","protected":false},"excerpt":{"rendered":"<p>Primeiro Semestre 2026 &nbsp;DOC ATIVIDADES DATA | PER\u00cdODO DE PUBLICA\u00c7\u00c3O SITUA\u00c7\u00c3O ATUAL Edital de Oferta | Inscri\u00e7\u00e3o e Sele\u00e7\u00e3o 10\/10\/2025 &nbsp;Imprescind\u00edvel Leitura! Curr\u00edculo | Formul\u00e1rio Obrigat\u00f3rio 10\/10\/2025 Pedido de Isen\u00e7\u00e3o: Doa\u00e7\u00e3o de Sangue e Servi\u00e7o Eleitoral | Requerimento 20\/10\/2025 a 22\/10\/2025 &nbsp; Publica\u00e7\u00e3o do Edital do Resultado dos pedidos de Isen\u00e7\u00e3o 24\/10\/2025 &nbsp; &nbsp; Pedido [&hellip;]<\/p>\n","protected":false},"author":7,"featured_media":0,"parent":0,"menu_order":0,"comment_status":"closed","ping_status":"closed","template":"","meta":{"_acf_changed":false,"_themeisle_gutenberg_block_has_review":false,"footnotes":""},"class_list":["post-59","page","type-page","status-publish","hentry"],"acf":[],"_links":{"self":[{"href":"https:\/\/pos.uel.br\/filosofiapolitica\/wp-json\/wp\/v2\/pages\/59","targetHints":{"allow":["GET"]}}],"collection":[{"href":"https:\/\/pos.uel.br\/filosofiapolitica\/wp-json\/wp\/v2\/pages"}],"about":[{"href":"https:\/\/pos.uel.br\/filosofiapolitica\/wp-json\/wp\/v2\/types\/page"}],"author":[{"embeddable":true,"href":"https:\/\/pos.uel.br\/filosofiapolitica\/wp-json\/wp\/v2\/users\/7"}],"replies":[{"embeddable":true,"href":"https:\/\/pos.uel.br\/filosofiapolitica\/wp-json\/wp\/v2\/comments?post=59"}],"version-history":[{"count":66,"href":"https:\/\/pos.uel.br\/filosofiapolitica\/wp-json\/wp\/v2\/pages\/59\/revisions"}],"predecessor-version":[{"id":712,"href":"https:\/\/pos.uel.br\/filosofiapolitica\/wp-json\/wp\/v2\/pages\/59\/revisions\/712"}],"wp:attachment":[{"href":"https:\/\/pos.uel.br\/filosofiapolitica\/wp-json\/wp\/v2\/media?parent=59"}],"curies":[{"name":"wp","href":"https:\/\/api.w.org\/{rel}","templated":true}]}}