{"id":526,"date":"2023-09-14T13:51:41","date_gmt":"2023-09-14T16:51:41","guid":{"rendered":"https:\/\/pos.uel.br\/filosofiapolitica\/?page_id=526"},"modified":"2023-09-14T13:53:03","modified_gmt":"2023-09-14T16:53:03","slug":"insc_2023","status":"publish","type":"page","link":"https:\/\/pos.uel.br\/filosofiapolitica\/inscricoes\/insc_2023\/","title":{"rendered":"Insc_2023"},"content":{"rendered":"\n<hr class=\"wp-block-separator has-text-color has-secondary-accent-color has-alpha-channel-opacity has-secondary-accent-background-color has-background is-style-wide\"\/>\n\n\n\n<figure class=\"wp-block-table is-style-regular has-small-font-size\"><table class=\"has-site-background-background-color has-background\"><thead><tr><th class=\"has-text-align-center\" data-align=\"center\" scope=\"col\">&nbsp;DOC<\/th><th scope=\"col\">ATIVIDADES<\/th><th class=\"has-text-align-center\" data-align=\"center\" scope=\"col\"><strong>DATA \/PER\u00cdODO DE PUBLICA\u00c7\u00c3O<\/strong><\/th><th class=\"has-text-align-center\" data-align=\"center\" scope=\"col\"><strong>SITUA\u00c7\u00c3O ATUAL<\/strong><\/th><\/tr><\/thead><tbody><tr><td class=\"has-text-align-center\" data-align=\"center\"><a href=\"https:\/\/pos.uel.br\/filosofiapolitica\/wp-content\/uploads\/2022\/09\/123_EDITAL_OFERTA_FPJ_002_2022.pdf\" data-type=\"URL\" data-id=\"https:\/\/pos.uel.br\/filosofiapolitica\/wp-content\/uploads\/2022\/09\/123_EDITAL_OFERTA_FPJ_002_2022.pdf\" target=\"_blank\" rel=\"noreferrer noopener\"><img loading=\"lazy\" decoding=\"async\" width=\"24\" height=\"21\" src=\"http:\/\/www.uel.br\/pos\/estado\/pages\/arquivos\/Imagens\/paste_red1.jpg\" alt=\"\"><\/a><a rel=\"noreferrer noopener\" href=\"http:\/\/www.uel.br\/pos\/direitocivil\/pages\/arquivos\/Comunicados\/2022\/158_edital%20oferta-%20PUBLICAR.pdf\" target=\"_blank\"><\/a><\/td><td>Edital de Oferta \/ Inscri\u00e7\u00e3o e Sele\u00e7\u00e3o<\/td><td class=\"has-text-align-center\" data-align=\"center\">&nbsp;22\/09\/2022<\/td><td class=\"has-text-align-center\" data-align=\"center\">&nbsp;<strong>\ufeffImprescind\u00edvel Leitura!<\/strong><\/td><\/tr><tr><td class=\"has-text-align-center\" data-align=\"center\"><a href=\"https:\/\/pos.uel.br\/filosofiapolitica\/wp-content\/uploads\/2022\/09\/Form_Isencao_Inscricao.doc\" data-type=\"URL\" data-id=\"https:\/\/pos.uel.br\/filosofiapolitica\/wp-content\/uploads\/2022\/09\/Form_Isencao_Inscricao.doc\" target=\"_blank\" rel=\"noreferrer noopener\"><img decoding=\"async\" class=\"wp-image-412\" style=\"width: 25px;\" src=\"https:\/\/pos.uel.br\/direitocivil\/wp-content\/uploads\/2022\/09\/paste_red1-e1663003698481.jpg\" alt=\"\"><\/a><a rel=\"noreferrer noopener\" href=\"http:\/\/www.uel.br\/pos\/estado\/pages\/arquivos\/Formularios\/Form_Isencao_Inscricao.doc\" target=\"_blank\"><\/a><\/td><td>Pedido de Isen\u00e7\u00e3o: Doa\u00e7\u00e3o de Sangue e Servi\u00e7o Eleitoral<\/td><td class=\"has-text-align-center\" data-align=\"center\">22\/09\/2022 a 26\/09\/2022<\/td><td class=\"has-text-align-center\" data-align=\"center\">&nbsp;<\/td><\/tr><tr><td class=\"has-text-align-center\" data-align=\"center\"><\/td><td>Publica\u00e7\u00e3o do Edital do Resultado:  dos pedidos de Isen\u00e7\u00e3o<\/td><td class=\"has-text-align-center\" data-align=\"center\">28\/09\/2022<\/td><td class=\"has-text-align-center\" data-align=\"center\">&nbsp;<\/td><\/tr><tr><td class=\"has-text-align-center\" data-align=\"center\">&nbsp;<\/td><td>Pedido de Recurso ao Resultado dos pedidos de Isen\u00e7\u00f5es<\/td><td class=\"has-text-align-center\" data-align=\"center\">29\/09\/2022<\/td><td class=\"has-text-align-center\" data-align=\"center\">&nbsp;<\/td><\/tr><tr><td class=\"has-text-align-center\" data-align=\"center\"><a href=\"http:\/\/www.uel.br\/pos\/direitocivil\/pages\/arquivos\/Formularios\/2022\/2022_Dir%20Civil%20-Formulario%20Curriculo-NOVO.doc\"><\/a><\/td><td>Publica\u00e7\u00e3o do Edital do Resultado dos Recursos:  referente aos pedidos de Isen\u00e7\u00f5es<\/td><td class=\"has-text-align-center\" data-align=\"center\">&nbsp;03\/10\/2022 <\/td><td class=\"has-text-align-center\" data-align=\"center\">&nbsp;<\/td><\/tr><tr><td class=\"has-text-align-center\" data-align=\"center\"><a href=\"https:\/\/pos.uel.br\/filosofiapolitica\/wp-content\/uploads\/2022\/09\/2023_FPJ_Formulario-Curriculo-NOVO.doc\" data-type=\"URL\" data-id=\"https:\/\/pos.uel.br\/filosofiapolitica\/wp-content\/uploads\/2022\/09\/2023_FPJ_Formulario-Curriculo-NOVO.doc\" target=\"_blank\" rel=\"noreferrer noopener\"><img decoding=\"async\" class=\"wp-image-412\" style=\"width: 25px;\" src=\"https:\/\/pos.uel.br\/direitocivil\/wp-content\/uploads\/2022\/09\/paste_red1-e1663003698481.jpg\" alt=\"\"><\/a><\/td><td>Curr\u00edculo | Formul\u00e1rio Obrigat\u00f3rio<\/td><td class=\"has-text-align-center\" data-align=\"center\">06\/10\/2022<\/td><td class=\"has-text-align-center\" data-align=\"center\"><\/td><\/tr><tr><td class=\"has-text-align-center\" data-align=\"center\"><a href=\"https:\/\/pos.uel.br\/filosofiapolitica\/wp-content\/uploads\/2023\/01\/Edital-Prorrogacao_23jan23-Geral.pdf\" data-type=\"URL\" data-id=\"https:\/\/pos.uel.br\/filosofiapolitica\/wp-content\/uploads\/2023\/01\/Edital-Prorrogacao_23jan23-Geral.pdf\" target=\"_blank\" rel=\"noreferrer noopener\"><img decoding=\"async\" class=\"wp-image-412\" style=\"width: 25px;\" src=\"https:\/\/pos.uel.br\/direitocivil\/wp-content\/uploads\/2022\/09\/paste_red1-e1663003698481.jpg\" alt=\"\"><\/a><\/td><td>Edital de Prorroga\u00e7\u00e3o | Inscri\u00e7\u00e3o e Sele\u00e7\u00e3o<\/td><td class=\"has-text-align-center\" data-align=\"center\">23\/01\/2023<\/td><td class=\"has-text-align-center\" data-align=\"center\"><\/td><\/tr><tr><td class=\"has-text-align-center\" data-align=\"center\"><\/td><td>Inscri\u00e7\u00e3o online<\/td><td class=\"has-text-align-center\" data-align=\"center\">06\/10\/2022 a&nbsp;<s>20\/01\/2023<\/s>&nbsp;03\/02\/2023<\/td><td class=\"has-text-align-center\" data-align=\"center\"><strong>At\u00e9 \u00e0s 16h<\/strong><\/td><\/tr><tr><td class=\"has-text-align-center\" data-align=\"center\">&nbsp;<\/td><td>Entrega de Documentos via e-mail, incluindo boleto e comprovante de pagamento &#8211; cesapos@uel.br<\/td><td class=\"has-text-align-center\" data-align=\"center\">06\/10\/2022 a&nbsp;<s>23\/01\/2023<\/s>&nbsp;06\/02\/2023<\/td><td class=\"has-text-align-center\" data-align=\"center\"><strong>&nbsp;At\u00e9 \u00e0s 16h<\/strong><\/td><\/tr><tr><td class=\"has-text-align-center\" data-align=\"center\">&nbsp;<\/td><td>Sele\u00e7\u00e3o<\/td><td class=\"has-text-align-center\" data-align=\"center\"><s>01\/02\/2023<\/s><br>08\/02\/2023 a 10\/02\/2023<\/td><td class=\"has-text-align-center\" data-align=\"center\">&nbsp;<\/td><\/tr><tr><td class=\"has-text-align-center\" data-align=\"center\"><img decoding=\"async\" class=\"wp-image-412\" style=\"width: 25px;\" src=\"https:\/\/pos.uel.br\/direitocivil\/wp-content\/uploads\/2022\/09\/paste_red1-e1663003698481.jpg\" alt=\"\"><a rel=\"noreferrer noopener\" href=\"http:\/\/www.uel.br\/pos\/direitocivil\/pages\/arquivos\/Comunicados\/2022\/158_Edital%20de%20Resultado.pdf\" target=\"_blank\"><\/a><\/td><td>Edital de Resultado<\/td><td class=\"has-text-align-center\" data-align=\"center\">17\/02\/2023<\/td><td class=\"has-text-align-center\" data-align=\"center\">&nbsp;<strong>18h<\/strong><\/td><\/tr><tr><td class=\"has-text-align-center\" data-align=\"center\"><a href=\"http:\/\/www.uel.br\/pos\/direitocivil\/pages\/arquivos\/Comunicados\/2022\/158_Dir%20Civil_Comunicado%20de%20Matricula_2022.pdf\" target=\"_blank\" rel=\"noreferrer noopener\"><\/a><a>\ufeff<\/a><\/td><td>Comunicado de Matr\u00edcula<\/td><td class=\"has-text-align-center\" data-align=\"center\">&nbsp;23\/02\/2023<\/td><td class=\"has-text-align-center\" data-align=\"center\"><strong>&nbsp;Imprescind\u00edvel Leitura!<\/strong><\/td><\/tr><tr><td class=\"has-text-align-center\" data-align=\"center\"><a rel=\"noreferrer noopener\" href=\"http:\/\/www.uel.br\/pos\/direitocivil\/pages\/arquivos\/Comunicados\/2022\/158_n%C3%BAmero%20de%20matr%C3%ADcula.PDF\" target=\"_blank\"><\/a><\/td><td>Divulga\u00e7\u00e3o do N\u00famero de Matr\u00edcula<\/td><td class=\"has-text-align-center\" data-align=\"center\">&nbsp;23\/02\/2023<\/td><td class=\"has-text-align-center\" data-align=\"center\">&nbsp;<\/td><\/tr><tr><td class=\"has-text-align-center\" data-align=\"center\">&nbsp;<\/td><td>Matr\u00edcula &#8211; Via Web e entrega de documentos pendentes<\/td><td class=\"has-text-align-center\" data-align=\"center\">&nbsp;23\/02\/2023 a 28\/02\/2023<\/td><td class=\"has-text-align-center\" data-align=\"center\">&nbsp;<\/td><\/tr><tr><td class=\"has-text-align-center\" data-align=\"center\">&nbsp;<\/td><td>Convoca\u00e7\u00e3o de suplente<\/td><td class=\"has-text-align-center\" data-align=\"center\">&nbsp;A partir de 02\/03\/2023<\/td><td class=\"has-text-align-center\" data-align=\"center\">&nbsp;<\/td><\/tr><tr><td class=\"has-text-align-center\" data-align=\"center\">&nbsp;<\/td><td>Matr\u00edcula de suplente<\/td><td class=\"has-text-align-center\" data-align=\"center\">&nbsp;A partir de 03\/03\/2023<\/td><td class=\"has-text-align-center\" data-align=\"center\">&nbsp;<\/td><\/tr><tr><td class=\"has-text-align-center\" data-align=\"center\">&nbsp;<\/td><td>In\u00edcio das Aulas<\/td><td class=\"has-text-align-center\" data-align=\"center\">&nbsp;17\/03\/2023<\/td><td class=\"has-text-align-center\" data-align=\"center\"><strong>&nbsp;Fique atento ao comunicado do Coordenador do curso!<\/strong><\/td><\/tr><\/tbody><\/table><\/figure>\n\n\n\n<hr class=\"wp-block-separator has-text-color has-secondary-accent-color has-alpha-channel-opacity has-secondary-accent-background-color has-background is-style-wide\"\/>\n\n\n\n<hr class=\"wp-block-separator has-text-color has-secondary-accent-color has-alpha-channel-opacity has-secondary-accent-background-color has-background is-style-wide\"\/>\n\n\n\n<p><\/p>\n","protected":false},"excerpt":{"rendered":"<p>&nbsp;DOC ATIVIDADES DATA \/PER\u00cdODO DE PUBLICA\u00c7\u00c3O SITUA\u00c7\u00c3O ATUAL Edital de Oferta \/ Inscri\u00e7\u00e3o e Sele\u00e7\u00e3o &nbsp;22\/09\/2022 &nbsp;\ufeffImprescind\u00edvel Leitura! Pedido de Isen\u00e7\u00e3o: Doa\u00e7\u00e3o de Sangue e Servi\u00e7o Eleitoral 22\/09\/2022 a 26\/09\/2022 &nbsp; Publica\u00e7\u00e3o do Edital do Resultado: dos pedidos de Isen\u00e7\u00e3o 28\/09\/2022 &nbsp; &nbsp; Pedido de Recurso ao Resultado dos pedidos de Isen\u00e7\u00f5es 29\/09\/2022 &nbsp; Publica\u00e7\u00e3o [&hellip;]<\/p>\n","protected":false},"author":7,"featured_media":0,"parent":59,"menu_order":0,"comment_status":"closed","ping_status":"closed","template":"","meta":{"_acf_changed":false,"_themeisle_gutenberg_block_has_review":false,"footnotes":""},"class_list":["post-526","page","type-page","status-publish","hentry"],"acf":[],"_links":{"self":[{"href":"https:\/\/pos.uel.br\/filosofiapolitica\/wp-json\/wp\/v2\/pages\/526","targetHints":{"allow":["GET"]}}],"collection":[{"href":"https:\/\/pos.uel.br\/filosofiapolitica\/wp-json\/wp\/v2\/pages"}],"about":[{"href":"https:\/\/pos.uel.br\/filosofiapolitica\/wp-json\/wp\/v2\/types\/page"}],"author":[{"embeddable":true,"href":"https:\/\/pos.uel.br\/filosofiapolitica\/wp-json\/wp\/v2\/users\/7"}],"replies":[{"embeddable":true,"href":"https:\/\/pos.uel.br\/filosofiapolitica\/wp-json\/wp\/v2\/comments?post=526"}],"version-history":[{"count":2,"href":"https:\/\/pos.uel.br\/filosofiapolitica\/wp-json\/wp\/v2\/pages\/526\/revisions"}],"predecessor-version":[{"id":529,"href":"https:\/\/pos.uel.br\/filosofiapolitica\/wp-json\/wp\/v2\/pages\/526\/revisions\/529"}],"up":[{"embeddable":true,"href":"https:\/\/pos.uel.br\/filosofiapolitica\/wp-json\/wp\/v2\/pages\/59"}],"wp:attachment":[{"href":"https:\/\/pos.uel.br\/filosofiapolitica\/wp-json\/wp\/v2\/media?parent=526"}],"curies":[{"name":"wp","href":"https:\/\/api.w.org\/{rel}","templated":true}]}}