{"id":236,"date":"2022-09-06T16:54:15","date_gmt":"2022-09-06T19:54:15","guid":{"rendered":"https:\/\/pos.uel.br\/direitocivil\/?page_id=236"},"modified":"2022-10-13T14:58:14","modified_gmt":"2022-10-13T17:58:14","slug":"insc_2019","status":"publish","type":"page","link":"https:\/\/pos.uel.br\/filosofiapolitica\/inscricoes\/insc_2019\/","title":{"rendered":"Insc_2019"},"content":{"rendered":"\n<p>Situa\u00e7\u00e3o do Processo:&nbsp; &nbsp;&nbsp;&nbsp; &nbsp;<strong>&nbsp;<\/strong>&nbsp;Aguardando<strong>&nbsp;<\/strong>&nbsp;&nbsp;&nbsp;&nbsp;&nbsp;&nbsp;&nbsp;<strong>Em Andamento&nbsp;<\/strong>&nbsp;&nbsp;&nbsp;&nbsp;&nbsp;<strong>&nbsp;&nbsp;<\/strong>Conclu\u00eddo&nbsp;<\/p>\n\n\n\n<figure class=\"wp-block-table has-small-font-size\"><table><tbody><tr><td><strong>ATIVIDADES<\/strong><\/td><td>&nbsp;<\/td><td class=\"has-text-align-center\" data-align=\"center\"><strong>DATA \/PER\u00cdODO DE PUBLICA\u00c7\u00c3O<\/strong><\/td><td class=\"has-text-align-center\" data-align=\"center\"><strong>SITUA\u00c7\u00c3O ATUAL<\/strong><\/td><\/tr><tr><td>\u00a0<a href=\"https:\/\/pos.uel.br\/filosofiapolitica\/wp-content\/uploads\/2022\/10\/Edital-001_19_abertura-2019_2-FilosofiaPolJuridica_2019.pdf\" data-type=\"URL\" data-id=\"https:\/\/pos.uel.br\/filosofiapolitica\/wp-content\/uploads\/2022\/10\/Edital-001_19_abertura-2019_2-FilosofiaPolJuridica_2019.pdf\" target=\"_blank\" rel=\"noreferrer noopener\">Edital de Oferta \/ Inscri\u00e7\u00e3o<\/a>\u00a0\u00a0\u00a0<\/td><td><a href=\"http:\/\/www.uel.br\/pos\/filosofiapolitica\/pages\/arquivos\/Comunicados\/Edital%20001_19_abertura%202019_2%20-%20FilosofiaPolJuridica.pdf\" target=\"_blank\" rel=\"noreferrer noopener\"><\/a><\/td><td class=\"has-text-align-center\" data-align=\"center\">22\/05\/2019<\/td><td class=\"has-text-align-center\" data-align=\"center\">&#8211;<\/td><\/tr><tr><td><a href=\"https:\/\/pos.uel.br\/filosofiapolitica\/wp-content\/uploads\/2022\/10\/Filosofia-Politica-Edital-Prorrogacao-03-julho-19_2019.pdf\" data-type=\"URL\" data-id=\"https:\/\/pos.uel.br\/filosofiapolitica\/wp-content\/uploads\/2022\/10\/Filosofia-Politica-Edital-Prorrogacao-03-julho-19_2019.pdf\" target=\"_blank\" rel=\"noreferrer noopener\">\u00a0Edital de Prorroga\u00e7\u00e3o \u2013 Novo!!<\/a><\/td><td><a href=\"http:\/\/www.uel.br\/pos\/filosofiapolitica\/pages\/arquivos\/Comunicados\/Filosofia%20Politica%20-%20Edital%20Prorrogacao%20-%2003%20julho%2019.pdf\" target=\"_blank\" rel=\"noreferrer noopener\"><\/a><img loading=\"lazy\" decoding=\"async\" width=\"15\" height=\"16\" src=\"\" alt=\"\"><\/td><td class=\"has-text-align-center\" data-align=\"center\">03\/07\/2019<\/td><td class=\"has-text-align-center\" data-align=\"center\">&#8211;<\/td><\/tr><tr><td>&nbsp;Inscri\u00e7\u00e3o online<\/td><td>&nbsp;<\/td><td class=\"has-text-align-center\" data-align=\"center\">29\/05\/2019 a 21\/06\/2019<\/td><td class=\"has-text-align-center\" data-align=\"center\">Prorrogado at\u00e9 17\/07\/2019<\/td><\/tr><tr><td>&nbsp;Entrega de Documentos via Sedex e e-mail<\/td><td>&nbsp;<\/td><td class=\"has-text-align-center\" data-align=\"center\">29\/05\/2019 a 21\/06\/2019<\/td><td class=\"has-text-align-center\" data-align=\"center\">Prazo Encerrado!<\/td><\/tr><tr><td>&nbsp;Entrega de Documentos pessoalmente ou por terceiros<\/td><td>&nbsp;<\/td><td class=\"has-text-align-center\" data-align=\"center\">29\/05\/2019 a 01\/07\/2019<\/td><td class=\"has-text-align-center\" data-align=\"center\">Prorrogado at\u00e9 18\/07\/2019<\/td><\/tr><tr><td>&nbsp;Comunicado de Sele\u00e7\u00e3o &#8211;&nbsp;<strong>Novo!<\/strong><\/td><td><a href=\"http:\/\/www.uel.br\/pos\/filosofiapolitica\/pages\/arquivos\/Comunicados\/Filosofia%20Pol%C3%ADtica%20-%20Comunicado%20Sele%C3%A7%C3%A3o%20-%2022Jul19.pdf\" target=\"_blank\" rel=\"noreferrer noopener\"><\/a><img loading=\"lazy\" decoding=\"async\" width=\"15\" height=\"16\" src=\"\" alt=\"\"><img loading=\"lazy\" decoding=\"async\" width=\"15\" height=\"16\" src=\"\" alt=\"\"><\/td><td class=\"has-text-align-center\" data-align=\"center\">05\/07\/2019<\/td><td class=\"has-text-align-center\" data-align=\"center\">Alterado para&nbsp;<strong>22\/07\/2019<\/strong><\/td><\/tr><tr><td>&nbsp;Sele\u00e7\u00e3o<\/td><td><img loading=\"lazy\" decoding=\"async\" width=\"15\" height=\"16\" src=\"\" alt=\"\"><\/td><td class=\"has-text-align-center\" data-align=\"center\">08\/07\/2019 a 10\/07\/2019<\/td><td class=\"has-text-align-center\" data-align=\"center\">Alterado para 22\/07\/2019<\/td><\/tr><tr><td>\u00a0<a href=\"https:\/\/pos.uel.br\/filosofiapolitica\/wp-content\/uploads\/2022\/10\/Filosofia-Politica-Edital-Resultado-24-jul-2019.pdf\" data-type=\"URL\" data-id=\"https:\/\/pos.uel.br\/filosofiapolitica\/wp-content\/uploads\/2022\/10\/Filosofia-Politica-Edital-Resultado-24-jul-2019.pdf\" target=\"_blank\" rel=\"noreferrer noopener\">Edital de Resultado &#8211;<strong>\u00a0Novo!<\/strong><\/a><\/td><td><a href=\"http:\/\/www.uel.br\/pos\/filosofiapolitica\/pages\/arquivos\/Comunicados\/Filosofia%20Pol%C3%ADtica%20-%20Edital%20Resultado%20-%2024%20jul%202019.pdf\" target=\"_blank\" rel=\"noreferrer noopener\"><\/a><img loading=\"lazy\" decoding=\"async\" width=\"15\" height=\"16\" src=\"\" alt=\"\"><img loading=\"lazy\" decoding=\"async\" width=\"15\" height=\"16\" src=\"\" alt=\"\"><\/td><td class=\"has-text-align-center\" data-align=\"center\">24\/07\/2019 &#8211; a partir das 17h<\/td><td class=\"has-text-align-center\" data-align=\"center\">24\/07\/2019 &#8211; a partir das 17h<\/td><\/tr><tr><td>&nbsp;Comunicado de Matr\u00edcula &#8211;&nbsp;<strong>Novo!<\/strong><\/td><td><a href=\"http:\/\/www.uel.br\/pos\/filosofiapolitica\/pages\/arquivos\/Comunicados\/Filosofia%20-%20Comunicado%20de%20Matricula%20-%202019-2.pdf\" target=\"_blank\" rel=\"noreferrer noopener\"><\/a><img loading=\"lazy\" decoding=\"async\" width=\"15\" height=\"16\" src=\"\" alt=\"\"><img loading=\"lazy\" decoding=\"async\" width=\"15\" height=\"16\" src=\"\" alt=\"\"><\/td><td class=\"has-text-align-center\" data-align=\"center\">26\/07\/2019&nbsp;<\/td><td class=\"has-text-align-center\" data-align=\"center\">Alterado para 29\/07\/2019&nbsp;<\/td><\/tr><tr><td>&nbsp;Divulga\u00e7\u00e3o do N\u00famero de Matr\u00edcula &#8211;&nbsp;<strong>Novo!<\/strong><\/td><td><a href=\"http:\/\/www.uel.br\/pos\/filosofiapolitica\/pages\/arquivos\/Comunicados\/Filosofia%20-%20n%C3%BAmero%20matr%C3%ADcula-2019-2.PDF\" target=\"_blank\" rel=\"noreferrer noopener\"><\/a><img loading=\"lazy\" decoding=\"async\" width=\"15\" height=\"16\" src=\"\" alt=\"\"><img loading=\"lazy\" decoding=\"async\" width=\"15\" height=\"16\" src=\"\" alt=\"\"><\/td><td class=\"has-text-align-center\" data-align=\"center\">26\/07\/2019<\/td><td class=\"has-text-align-center\" data-align=\"center\">Alterado para 29\/07\/2019&nbsp;<\/td><\/tr><tr><td>&nbsp;Matr\u00edcula &#8211; Via Web e entrega de documentos pendentes<\/td><td>&nbsp;<\/td><td class=\"has-text-align-center\" data-align=\"center\">29\/07\/2019 a 30\/07\/2019<\/td><td class=\"has-text-align-center\" data-align=\"center\">29\/07\/2019 a 30\/07\/2019<\/td><\/tr><tr><td>&nbsp;Convoca\u00e7\u00e3o de suplente<\/td><td>&nbsp;<\/td><td class=\"has-text-align-center\" data-align=\"center\">01\/08\/2019 a 02\/08\/2019<\/td><td class=\"has-text-align-center\" data-align=\"center\">01\/08\/2019 a 02\/08\/2019<\/td><\/tr><tr><td>&nbsp;Chamada de suplente<\/td><td>&nbsp;<\/td><td class=\"has-text-align-center\" data-align=\"center\">01\/08\/2019 a 02\/08\/2019<\/td><td class=\"has-text-align-center\" data-align=\"center\">01\/08\/2019 a 02\/08\/2019<\/td><\/tr><tr><td>&nbsp;In\u00edcio das Aulas<\/td><td>&nbsp;<\/td><td class=\"has-text-align-center\" data-align=\"center\">02\/08\/2019<\/td><td class=\"has-text-align-center\" data-align=\"center\">02\/08\/2019<\/td><\/tr><\/tbody><\/table><\/figure>\n","protected":false},"excerpt":{"rendered":"<p>Situa\u00e7\u00e3o do Processo:&nbsp; &nbsp;&nbsp;&nbsp; &nbsp;&nbsp;&nbsp;Aguardando&nbsp;&nbsp;&nbsp;&nbsp;&nbsp;&nbsp;&nbsp;&nbsp;Em Andamento&nbsp;&nbsp;&nbsp;&nbsp;&nbsp;&nbsp;&nbsp;&nbsp;Conclu\u00eddo&nbsp; ATIVIDADES &nbsp; DATA \/PER\u00cdODO DE PUBLICA\u00c7\u00c3O SITUA\u00c7\u00c3O ATUAL \u00a0Edital de Oferta \/ Inscri\u00e7\u00e3o\u00a0\u00a0\u00a0 22\/05\/2019 &#8211; \u00a0Edital de Prorroga\u00e7\u00e3o \u2013 Novo!! 03\/07\/2019 &#8211; &nbsp;Inscri\u00e7\u00e3o online &nbsp; 29\/05\/2019 a 21\/06\/2019 Prorrogado at\u00e9 17\/07\/2019 &nbsp;Entrega de Documentos via Sedex e e-mail &nbsp; 29\/05\/2019 a 21\/06\/2019 Prazo Encerrado! &nbsp;Entrega de Documentos pessoalmente ou [&hellip;]<\/p>\n","protected":false},"author":7,"featured_media":0,"parent":59,"menu_order":0,"comment_status":"closed","ping_status":"closed","template":"","meta":{"_acf_changed":false,"_themeisle_gutenberg_block_has_review":false,"footnotes":""},"class_list":["post-236","page","type-page","status-publish","hentry"],"acf":[],"_links":{"self":[{"href":"https:\/\/pos.uel.br\/filosofiapolitica\/wp-json\/wp\/v2\/pages\/236","targetHints":{"allow":["GET"]}}],"collection":[{"href":"https:\/\/pos.uel.br\/filosofiapolitica\/wp-json\/wp\/v2\/pages"}],"about":[{"href":"https:\/\/pos.uel.br\/filosofiapolitica\/wp-json\/wp\/v2\/types\/page"}],"author":[{"embeddable":true,"href":"https:\/\/pos.uel.br\/filosofiapolitica\/wp-json\/wp\/v2\/users\/7"}],"replies":[{"embeddable":true,"href":"https:\/\/pos.uel.br\/filosofiapolitica\/wp-json\/wp\/v2\/comments?post=236"}],"version-history":[{"count":4,"href":"https:\/\/pos.uel.br\/filosofiapolitica\/wp-json\/wp\/v2\/pages\/236\/revisions"}],"predecessor-version":[{"id":494,"href":"https:\/\/pos.uel.br\/filosofiapolitica\/wp-json\/wp\/v2\/pages\/236\/revisions\/494"}],"up":[{"embeddable":true,"href":"https:\/\/pos.uel.br\/filosofiapolitica\/wp-json\/wp\/v2\/pages\/59"}],"wp:attachment":[{"href":"https:\/\/pos.uel.br\/filosofiapolitica\/wp-json\/wp\/v2\/media?parent=236"}],"curies":[{"name":"wp","href":"https:\/\/api.w.org\/{rel}","templated":true}]}}