{"id":230,"date":"2022-09-06T16:52:35","date_gmt":"2022-09-06T19:52:35","guid":{"rendered":"https:\/\/pos.uel.br\/direitocivil\/?page_id=230"},"modified":"2022-10-13T15:07:56","modified_gmt":"2022-10-13T18:07:56","slug":"insc_2021","status":"publish","type":"page","link":"https:\/\/pos.uel.br\/filosofiapolitica\/inscricoes\/insc_2021\/","title":{"rendered":"Insc_2021"},"content":{"rendered":"\n<p><\/p>\n\n\n\n<p>Informa\u00e7\u00f5es e D\u00favidas<\/p>\n\n\n\n<p>Coordena\u00e7\u00e3o:<\/p>\n\n\n\n<p>Prof. Dr. Clodomiro Jos\u00e9 Bannwart J\u00fanior &#8211; cbannwart@hotmail.com<\/p>\n\n\n\n<p>Secretaria:<\/p>\n\n\n\n<p>Francisco &#8211; mestrados@uel.br<\/p>\n\n\n\n<p>&#8212;&#8212;&#8212;&#8212;&#8212;&#8212;&#8212;&#8212;&#8212;&#8212;&#8212;&#8212;&#8212;&#8212;&#8212;&#8212;&#8212;&#8212;&#8212;&#8212;&#8212;&#8212;&#8212;&#8212;&#8212;&#8212;&#8212;&#8212;&#8212;&#8212;&#8212;&#8212;&#8212;&#8212;&#8212;&#8212;&#8212;&#8211;<\/p>\n\n\n\n<p>Situa\u00e7\u00e3o do Processo:&nbsp;&nbsp;&nbsp;<strong>&nbsp;<\/strong><strong>&nbsp;<\/strong>&nbsp;Conclu\u00eddo&nbsp;&nbsp;&nbsp;&nbsp;&nbsp;Em Andamento&nbsp;&nbsp;&nbsp;&nbsp;&nbsp;<strong>&nbsp;Aguardando<\/strong>&nbsp;&nbsp;&nbsp;&nbsp;<\/p>\n\n\n\n<figure class=\"wp-block-table has-small-font-size\"><table><tbody><tr><td class=\"has-text-align-center\" data-align=\"center\"><strong>DOC<\/strong><\/td><td><strong>ATIVIDADES<\/strong><\/td><td class=\"has-text-align-center\" data-align=\"center\"><strong>DATA \/PER\u00cdODO DE PUBLICA\u00c7\u00c3O<\/strong><\/td><td class=\"has-text-align-center\" data-align=\"center\"><strong>SITUA\u00c7\u00c3O ATUAL<\/strong><\/td><\/tr><tr><td class=\"has-text-align-center\" data-align=\"center\"><a href=\"https:\/\/pos.uel.br\/filosofiapolitica\/wp-content\/uploads\/2022\/10\/Edital_Abetura_FPJ_2021_2_2021.pdf\" data-type=\"URL\" data-id=\"https:\/\/pos.uel.br\/filosofiapolitica\/wp-content\/uploads\/2022\/10\/Edital_Abetura_FPJ_2021_2_2021.pdf\" target=\"_blank\" rel=\"noreferrer noopener\"><img loading=\"lazy\" decoding=\"async\" width=\"23\" height=\"20\" src=\"http:\/\/www.uel.br\/pos\/contabilidade\/pages\/arquivos\/imagens\/paste_blue.jpg\" alt=\"\"><\/a><a rel=\"noreferrer noopener\" href=\"http:\/\/www.uel.br\/pos\/filosofiapolitica\/pages\/arquivos\/Comunicados\/Edital_Abetura_FPJ_2021_2.pdf\" target=\"_blank\"><\/a><\/td><td>Edital de Oferta \/ Inscri\u00e7\u00e3o<\/td><td class=\"has-text-align-center\" data-align=\"center\">27\/05\/2021<\/td><td class=\"has-text-align-center\" data-align=\"center\">Imprescind\u00edvel Leitura!<\/td><\/tr><tr><td class=\"has-text-align-center\" data-align=\"center\"><a rel=\"noreferrer noopener\" href=\"https:\/\/www.sistemasweb.uel.br\/index.php?contents=system\/inscpos\/index.php&amp;pagina=view\/ListarDadosCurso.php&amp;cd_curso=123&amp;nr_resolucao=05\/2019\" target=\"_blank\"><\/a><\/td><td>Link Inscri\u00e7\u00e3o PROPPG<\/td><td class=\"has-text-align-center\" data-align=\"center\">&nbsp;<\/td><td class=\"has-text-align-center\" data-align=\"center\">Imprescind\u00edvel Leitura!<\/td><\/tr><tr><td class=\"has-text-align-center\" data-align=\"center\"><a href=\"http:\/\/www.uel.br\/pos\/filosofiapolitica\/pages\/arquivos\/Formularios\/FPJ_Formulario%20Curriculo%20-%202021-2.doc\" target=\"_blank\" rel=\"noreferrer noopener\"><\/a>&nbsp;<\/td><td>Curr\u00edculo | Formul\u00e1rio Obrigat\u00f3rio<\/td><td class=\"has-text-align-center\" data-align=\"center\">&nbsp;<\/td><td class=\"has-text-align-center\" data-align=\"center\">Obrigat\u00f3rio ler observa\u00e7\u00e3o final do documento e assinar<\/td><\/tr><tr><td class=\"has-text-align-center\" data-align=\"center\"><a rel=\"noreferrer noopener\" href=\"http:\/\/www.uel.br\/pos\/filosofiapolitica\/pages\/arquivos\/Comunicados\/EDITAL%2003-2021-2-FPJ%20-%20PROCESSO%20SELETIVO%202021-2-PRORROGACAO.pdf\" target=\"_blank\"><\/a><a href=\"https:\/\/pos.uel.br\/filosofiapolitica\/wp-content\/uploads\/2022\/10\/EDITAL-03-2021-2-FPJ-PROCESSO-SELETIVO-2021-2-PRORROGACAO_2021.pdf\" data-type=\"URL\" data-id=\"https:\/\/pos.uel.br\/filosofiapolitica\/wp-content\/uploads\/2022\/10\/EDITAL-03-2021-2-FPJ-PROCESSO-SELETIVO-2021-2-PRORROGACAO_2021.pdf\" target=\"_blank\" rel=\"noreferrer noopener\"><img loading=\"lazy\" decoding=\"async\" width=\"23\" height=\"20\" src=\"http:\/\/www.uel.br\/pos\/contabilidade\/pages\/arquivos\/imagens\/paste_blue.jpg\" alt=\"\"><\/a>\u00a0<\/td><td>Edital de Prorroga\u00e7\u00e3o<\/td><td class=\"has-text-align-center\" data-align=\"center\">&#8212;&#8212;&#8212;&#8212;<\/td><td class=\"has-text-align-center\" data-align=\"center\">Publicado em 21\/07\/2021<\/td><\/tr><tr><td class=\"has-text-align-center\" data-align=\"center\">&nbsp;<\/td><td>Inscri\u00e7\u00e3o online<\/td><td class=\"has-text-align-center\" data-align=\"center\">31\/05\/2021 a 16\/07\/2021-14h<\/td><td class=\"has-text-align-center\" data-align=\"center\">Prorrogado at\u00e9:&nbsp;26\/07\/2021 &#8211; 16h<\/td><\/tr><tr><td class=\"has-text-align-center\" data-align=\"center\">&nbsp;<\/td><td>Entrega de Documentos via e-mail &#8211; mestrados@uel.br<\/td><td class=\"has-text-align-center\" data-align=\"center\">31\/05\/2021 a 19\/07\/2021-12h<\/td><td class=\"has-text-align-center\" data-align=\"center\">Prorrogado at\u00e9:&nbsp;26\/07\/2021<\/td><\/tr><tr><td class=\"has-text-align-center\" data-align=\"center\"><\/td><td>Comunicado de Sele\u00e7\u00e3o<\/td><td class=\"has-text-align-center\" data-align=\"center\">21\/07\/2021<\/td><td class=\"has-text-align-center\" data-align=\"center\">Alterado para: 27\/07\/2021<\/td><\/tr><tr><td class=\"has-text-align-center\" data-align=\"center\">&nbsp;<\/td><td>Sele\u00e7\u00e3o<\/td><td class=\"has-text-align-center\" data-align=\"center\">21 a&nbsp;23\/07\/2021<\/td><td class=\"has-text-align-center\" data-align=\"center\">Alterado para:27 e 28\/07\/2021<\/td><\/tr><tr><td class=\"has-text-align-center\" data-align=\"center\"><img loading=\"lazy\" decoding=\"async\" width=\"23\" height=\"20\" src=\"http:\/\/www.uel.br\/pos\/contabilidade\/pages\/arquivos\/imagens\/paste_blue.jpg\" alt=\"\"><a href=\"http:\/\/www.uel.br\/pos\/filosofiapolitica\/pages\/arquivos\/Comunicados\/EDITAL%2004_2021%20-%20RESULTADO%20DO%20PROCESSO%20SELETIVO%20-%202021-2.pdf\" target=\"_blank\" rel=\"noreferrer noopener\"><\/a><\/td><td>Edital de Resultado<\/td><td class=\"has-text-align-center\" data-align=\"center\">29\/07\/2021<\/td><td class=\"has-text-align-center\" data-align=\"center\">&nbsp;Publicado em 29\/07\/2021<\/td><\/tr><tr><td class=\"has-text-align-center\" data-align=\"center\"><\/td><td>Comunicado de Matr\u00edcula<\/td><td class=\"has-text-align-center\" data-align=\"center\">02\/08\/2021<\/td><td class=\"has-text-align-center\" data-align=\"center\">&nbsp;<\/td><\/tr><tr><td class=\"has-text-align-center\" data-align=\"center\"><\/td><td>Divulga\u00e7\u00e3o do N\u00famero de Matr\u00edcula<\/td><td class=\"has-text-align-center\" data-align=\"center\">02\/08\/2021<\/td><td class=\"has-text-align-center\" data-align=\"center\">&nbsp;<\/td><\/tr><tr><td class=\"has-text-align-center\" data-align=\"center\">&nbsp;<\/td><td>Matr\u00edcula &#8211; Via Web e entrega de documentos pendentes<\/td><td class=\"has-text-align-center\" data-align=\"center\">02 a&nbsp;06\/08\/2021<\/td><td class=\"has-text-align-center\" data-align=\"center\">&nbsp;<\/td><\/tr><tr><td class=\"has-text-align-center\" data-align=\"center\">&nbsp;<\/td><td>Convoca\u00e7\u00e3o de suplente<\/td><td class=\"has-text-align-center\" data-align=\"center\">A partir de 09\/08\/2021<\/td><td class=\"has-text-align-center\" data-align=\"center\">&nbsp;<\/td><\/tr><tr><td class=\"has-text-align-center\" data-align=\"center\">&nbsp;<\/td><td>Matr\u00edcula de suplente<\/td><td class=\"has-text-align-center\" data-align=\"center\">A partir de 10\/08\/2021<\/td><td class=\"has-text-align-center\" data-align=\"center\">&nbsp;<\/td><\/tr><tr><td class=\"has-text-align-center\" data-align=\"center\">&nbsp;<\/td><td>In\u00edcio das Aulas<\/td><td class=\"has-text-align-center\" data-align=\"center\">14\/08\/2021<\/td><td class=\"has-text-align-center\" data-align=\"center\">&nbsp;<\/td><\/tr><\/tbody><\/table><\/figure>\n\n\n\n<h5 class=\"wp-block-heading\">&nbsp;<\/h5>\n","protected":false},"excerpt":{"rendered":"<p>Informa\u00e7\u00f5es e D\u00favidas Coordena\u00e7\u00e3o: Prof. Dr. Clodomiro Jos\u00e9 Bannwart J\u00fanior &#8211; cbannwart@hotmail.com Secretaria: Francisco &#8211; mestrados@uel.br &#8212;&#8212;&#8212;&#8212;&#8212;&#8212;&#8212;&#8212;&#8212;&#8212;&#8212;&#8212;&#8212;&#8212;&#8212;&#8212;&#8212;&#8212;&#8212;&#8212;&#8212;&#8212;&#8212;&#8212;&#8212;&#8212;&#8212;&#8212;&#8212;&#8212;&#8212;&#8212;&#8212;&#8212;&#8212;&#8212;&#8212;&#8211; Situa\u00e7\u00e3o do Processo:&nbsp;&nbsp;&nbsp;&nbsp;&nbsp;&nbsp;Conclu\u00eddo&nbsp;&nbsp;&nbsp;&nbsp;&nbsp;Em Andamento&nbsp;&nbsp;&nbsp;&nbsp;&nbsp;&nbsp;Aguardando&nbsp;&nbsp;&nbsp;&nbsp; DOC ATIVIDADES DATA \/PER\u00cdODO DE PUBLICA\u00c7\u00c3O SITUA\u00c7\u00c3O ATUAL Edital de Oferta \/ Inscri\u00e7\u00e3o 27\/05\/2021 Imprescind\u00edvel Leitura! Link Inscri\u00e7\u00e3o PROPPG &nbsp; Imprescind\u00edvel Leitura! &nbsp; Curr\u00edculo | Formul\u00e1rio Obrigat\u00f3rio &nbsp; Obrigat\u00f3rio ler observa\u00e7\u00e3o final do documento [&hellip;]<\/p>\n","protected":false},"author":7,"featured_media":0,"parent":59,"menu_order":0,"comment_status":"closed","ping_status":"closed","template":"","meta":{"_acf_changed":false,"_themeisle_gutenberg_block_has_review":false,"footnotes":""},"class_list":["post-230","page","type-page","status-publish","hentry"],"acf":[],"_links":{"self":[{"href":"https:\/\/pos.uel.br\/filosofiapolitica\/wp-json\/wp\/v2\/pages\/230","targetHints":{"allow":["GET"]}}],"collection":[{"href":"https:\/\/pos.uel.br\/filosofiapolitica\/wp-json\/wp\/v2\/pages"}],"about":[{"href":"https:\/\/pos.uel.br\/filosofiapolitica\/wp-json\/wp\/v2\/types\/page"}],"author":[{"embeddable":true,"href":"https:\/\/pos.uel.br\/filosofiapolitica\/wp-json\/wp\/v2\/users\/7"}],"replies":[{"embeddable":true,"href":"https:\/\/pos.uel.br\/filosofiapolitica\/wp-json\/wp\/v2\/comments?post=230"}],"version-history":[{"count":4,"href":"https:\/\/pos.uel.br\/filosofiapolitica\/wp-json\/wp\/v2\/pages\/230\/revisions"}],"predecessor-version":[{"id":505,"href":"https:\/\/pos.uel.br\/filosofiapolitica\/wp-json\/wp\/v2\/pages\/230\/revisions\/505"}],"up":[{"embeddable":true,"href":"https:\/\/pos.uel.br\/filosofiapolitica\/wp-json\/wp\/v2\/pages\/59"}],"wp:attachment":[{"href":"https:\/\/pos.uel.br\/filosofiapolitica\/wp-json\/wp\/v2\/media?parent=230"}],"curies":[{"name":"wp","href":"https:\/\/api.w.org\/{rel}","templated":true}]}}