{"id":224,"date":"2022-09-06T16:46:53","date_gmt":"2022-09-06T19:46:53","guid":{"rendered":"https:\/\/pos.uel.br\/direitocivil\/?page_id=224"},"modified":"2022-10-13T15:14:04","modified_gmt":"2022-10-13T18:14:04","slug":"insc_2022","status":"publish","type":"page","link":"https:\/\/pos.uel.br\/filosofiapolitica\/inscricoes\/insc_2022\/","title":{"rendered":"Insc_2022"},"content":{"rendered":"\n<p><\/p>\n\n\n\n<p>Informa\u00e7\u00f5es e D\u00favidas<\/p>\n\n\n\n<p>Coordena\u00e7\u00e3o:<\/p>\n\n\n\n<p>Prof. Dr. Clodomiro Jos\u00e9 Bannwart J\u00fanior &#8211; cbannwart@hotmail.com<\/p>\n\n\n\n<p>Secretaria:<\/p>\n\n\n\n<p>Francisco &#8211; mestrados@uel.br<\/p>\n\n\n\n<p>&#8212;&#8212;&#8212;&#8212;&#8212;&#8212;&#8212;&#8212;&#8212;&#8212;&#8212;&#8212;&#8212;&#8212;&#8212;&#8212;&#8212;&#8212;&#8212;&#8212;&#8212;&#8212;&#8212;&#8212;&#8212;&#8212;&#8212;&#8212;&#8212;&#8212;&#8212;&#8212;&#8212;&#8212;&#8212;&#8212;&#8212;&#8211;<\/p>\n\n\n\n<p>Situa\u00e7\u00e3o do Processo:&nbsp;&nbsp;&nbsp;<strong>&nbsp;<\/strong><strong>&nbsp;<\/strong>&nbsp;Conclu\u00eddo&nbsp;&nbsp;&nbsp;&nbsp;&nbsp;Em Andamento&nbsp;&nbsp;&nbsp;&nbsp;&nbsp;<strong>&nbsp;Aguardando<\/strong>&nbsp;&nbsp;&nbsp;&nbsp;<\/p>\n\n\n\n<figure class=\"wp-block-table has-small-font-size\"><table><thead><tr><th class=\"has-text-align-center\" data-align=\"center\" scope=\"col\">&nbsp;DOC<\/th><th scope=\"col\">ATIVIDADES<\/th><th class=\"has-text-align-center\" data-align=\"center\" scope=\"col\"><strong>DATA \/PER\u00cdODO DE PUBLICA\u00c7\u00c3O<\/strong><\/th><th class=\"has-text-align-center\" data-align=\"center\" scope=\"col\"><strong>SITUA\u00c7\u00c3O ATUAL<\/strong><\/th><\/tr><\/thead><tbody><tr><td class=\"has-text-align-center\" data-align=\"center\"><a href=\"https:\/\/pos.uel.br\/filosofiapolitica\/wp-content\/uploads\/2022\/10\/FPJ_EDITAL-01-2022-FINALIZADO-PARA-PUBLICACAO-02maio2022_2022.pdf\" data-type=\"URL\" data-id=\"https:\/\/pos.uel.br\/filosofiapolitica\/wp-content\/uploads\/2022\/10\/FPJ_EDITAL-01-2022-FINALIZADO-PARA-PUBLICACAO-02maio2022_2022.pdf\" target=\"_blank\" rel=\"noreferrer noopener\"><img loading=\"lazy\" decoding=\"async\" width=\"24\" height=\"21\" src=\"http:\/\/www.uel.br\/pos\/estado\/pages\/arquivos\/Imagens\/paste_red1.jpg\" alt=\"\"><\/a><a rel=\"noreferrer noopener\" href=\"http:\/\/www.uel.br\/pos\/filosofiapolitica\/pages\/arquivos\/Comunicados\/2022\/FPJ_EDITAL%2001%202022%20-%20FINALIZADO%20PARA%20PUBLICACAO%2002maio2022.pdf\" target=\"_blank\"><\/a><\/td><td>&nbsp;\ufeffEdital de Oferta \/ Inscri\u00e7\u00e3o<\/td><td class=\"has-text-align-center\" data-align=\"center\">02\/05\/2022<\/td><td class=\"has-text-align-center\" data-align=\"center\">&nbsp;<strong>\ufeff<\/strong><strong>Imprescind\u00edvel Leitura!<\/strong><\/td><\/tr><tr><td class=\"has-text-align-center\" data-align=\"center\"><a href=\"http:\/\/www.uel.br\/pos\/filosofiapolitica\/pages\/arquivos\/Formularios\/Form_Isencao_Inscricao.doc\"><\/a><\/td><td>&nbsp;\ufeffRequerimento de Isen\u00e7\u00e3o<\/td><td class=\"has-text-align-center\" data-align=\"center\">&nbsp;03\/05\/2022 a 06\/05\/2022<\/td><td class=\"has-text-align-center\" data-align=\"center\">&nbsp;<\/td><\/tr><tr><td class=\"has-text-align-center\" data-align=\"center\"><\/td><td>&nbsp;Resultado dos Pedidos de isen\u00e7\u00f5es<\/td><td class=\"has-text-align-center\" data-align=\"center\">11\/05\/2022<\/td><td class=\"has-text-align-center\" data-align=\"center\">&nbsp;At\u00e9 \u00e0s 16h<\/td><\/tr><tr><td class=\"has-text-align-center\" data-align=\"center\"><\/td><td>\ufeff Pedido de Recurso do Resultado dos Pedidos de Isen\u00e7\u00f5es<\/td><td class=\"has-text-align-center\" data-align=\"center\">\ufeff12\/05\/2022<\/td><td class=\"has-text-align-center\" data-align=\"center\">&nbsp;<\/td><\/tr><tr><td class=\"has-text-align-center\" data-align=\"center\"><\/td><td>\ufeff&nbsp;Resultado dos Recursos referente aos pedidos de isen\u00e7\u00f5es&nbsp;<a>\ufeff<\/a><\/td><td class=\"has-text-align-center\" data-align=\"center\">16\/05\/2022<\/td><td class=\"has-text-align-center\" data-align=\"center\">&nbsp;<\/td><\/tr><tr><td class=\"has-text-align-center\" data-align=\"center\">&nbsp;<\/td><td>&nbsp;\ufeffInscri\u00e7\u00e3o online<\/td><td class=\"has-text-align-center\" data-align=\"center\">&nbsp;\ufeff18\/05\/2022 a&nbsp;06\/07\/2022<\/td><td class=\"has-text-align-center\" data-align=\"center\">&nbsp;\ufeffAt\u00e9 \u00e0s 16h<\/td><\/tr><tr><td class=\"has-text-align-center\" data-align=\"center\"><a href=\"http:\/\/www.uel.br\/pos\/filosofiapolitica\/pages\/arquivos\/Formularios\/2022_2_FPJ_Formulario%20Curriculo-NOVO.doc\"><\/a><\/td><td>Curr\u00edculo | Formul\u00e1rio Obrigat\u00f3rio<\/td><td class=\"has-text-align-center\" data-align=\"center\">&nbsp;02\/05\/2022<\/td><td class=\"has-text-align-center\" data-align=\"center\">&nbsp;<\/td><\/tr><tr><td class=\"has-text-align-center\" data-align=\"center\">&nbsp;<\/td><td>&nbsp;Entrega de Documentos via e-mail, incluindo boleto e&nbsp; comprovante de pagamento &#8211; cesapos@uel.br<\/td><td class=\"has-text-align-center\" data-align=\"center\">&nbsp;\ufeff18\/05\/2022 a 07\/07\/2022&nbsp;<\/td><td class=\"has-text-align-center\" data-align=\"center\">&nbsp;\ufeffAt\u00e9 \u00e0s 16h<a>\ufeff<\/a><\/td><\/tr><tr><td class=\"has-text-align-center\" data-align=\"center\">&nbsp;<\/td><td>&nbsp;\ufeffSele\u00e7\u00e3o<a>\ufeff<\/a><\/td><td class=\"has-text-align-center\" data-align=\"center\">12\/07\/2022 a 15\/07\/2022<a>\ufeff<\/a><\/td><td class=\"has-text-align-center\" data-align=\"center\">&nbsp;<\/td><\/tr><tr><td class=\"has-text-align-center\" data-align=\"center\"><img loading=\"lazy\" decoding=\"async\" width=\"24\" height=\"21\" src=\"http:\/\/www.uel.br\/pos\/estado\/pages\/arquivos\/Imagens\/paste_red1.jpg\" alt=\"\"><\/td><td>Cancelamento da Oferta<\/td><td class=\"has-text-align-center\" data-align=\"center\"><\/td><td class=\"has-text-align-center\" data-align=\"center\"><\/td><\/tr><tr><td class=\"has-text-align-center\" data-align=\"center\"><img loading=\"lazy\" decoding=\"async\" width=\"24\" height=\"21\" src=\"http:\/\/www.uel.br\/pos\/estado\/pages\/arquivos\/Imagens\/paste_red1.jpg\" alt=\"\"><\/td><td>&nbsp;\ufeff\ufeffEdital de Resultado da Sele\u00e7\u00e3o e Convoca\u00e7\u00e3o para Matr\u00edcula<a>\ufeff<\/a><a>\ufeff<\/a><\/td><td class=\"has-text-align-center\" data-align=\"center\">26\/07\/2022<a>\ufeff<\/a><\/td><td class=\"has-text-align-center\" data-align=\"center\">A partir das 16h&nbsp;<\/td><\/tr><tr><td class=\"has-text-align-center\" data-align=\"center\"><\/td><td>&nbsp;\ufeffComunicado de Matr\u00edcula<a>\ufeff<\/a><\/td><td class=\"has-text-align-center\" data-align=\"center\">28\/07\/2022<a>\ufeff<\/a><\/td><td class=\"has-text-align-center\" data-align=\"center\">&nbsp;\ufeffImprescind\u00edvel Leitura!<a>\ufeff<\/a><\/td><\/tr><tr><td class=\"has-text-align-center\" data-align=\"center\"><\/td><td>&nbsp;\ufeffDivulga\u00e7\u00e3o do N\u00famero de Matr\u00edcula<a>\ufeff<\/a><\/td><td class=\"has-text-align-center\" data-align=\"center\">28\/07\/2022<a>\ufeff<\/a><\/td><td class=\"has-text-align-center\" data-align=\"center\">&nbsp;<\/td><\/tr><tr><td class=\"has-text-align-center\" data-align=\"center\">&nbsp;<\/td><td>&nbsp;\ufeffMatr\u00edcula &#8211; Via Web e entrega de documentos pendentes<a>\ufeff<\/a><\/td><td class=\"has-text-align-center\" data-align=\"center\">&nbsp;\ufeff28\/07\/2022 a 02\/08\/2022<a>\ufeff<\/a><\/td><td class=\"has-text-align-center\" data-align=\"center\">&nbsp;<\/td><\/tr><tr><td class=\"has-text-align-center\" data-align=\"center\">&nbsp;<\/td><td>&nbsp;\ufeffConvoca\u00e7\u00e3o de suplente<a>\ufeff<\/a><\/td><td class=\"has-text-align-center\" data-align=\"center\">&nbsp;\ufeffA partir de 03\/08\/2022<a>\ufeff<\/a><\/td><td class=\"has-text-align-center\" data-align=\"center\">&nbsp;<\/td><\/tr><tr><td class=\"has-text-align-center\" data-align=\"center\">&nbsp;<\/td><td>&nbsp;\ufeffMatr\u00edcula de suplente<a>\ufeff<\/a><\/td><td class=\"has-text-align-center\" data-align=\"center\">&nbsp;\ufeffA partir de 03\/08\/2022<a>\ufeff<\/a><\/td><td class=\"has-text-align-center\" data-align=\"center\">&nbsp;<\/td><\/tr><tr><td class=\"has-text-align-center\" data-align=\"center\">&nbsp;<\/td><td>&nbsp;\ufeffIn\u00edcio das Aulas<a>\ufeff<\/a><\/td><td class=\"has-text-align-center\" data-align=\"center\">&nbsp;\ufeff12\/08\/2022<a>\ufeff<\/a><\/td><td class=\"has-text-align-center\" data-align=\"center\">&nbsp;\ufeffFique atento ao comunicado do Coordenador do curso!<a>\ufeff<\/a><\/td><\/tr><\/tbody><\/table><\/figure>\n\n\n\n<p><a>\ufeff<\/a><\/p>\n\n\n\n<p class=\"has-small-font-size\"><a>\ufeff<\/a><\/p>\n\n\n\n<p><a>\ufeff<\/a><\/p>\n\n\n\n<p><a>\ufeff<\/a><\/p>\n","protected":false},"excerpt":{"rendered":"<p>Informa\u00e7\u00f5es e D\u00favidas Coordena\u00e7\u00e3o: Prof. Dr. Clodomiro Jos\u00e9 Bannwart J\u00fanior &#8211; cbannwart@hotmail.com Secretaria: Francisco &#8211; mestrados@uel.br &#8212;&#8212;&#8212;&#8212;&#8212;&#8212;&#8212;&#8212;&#8212;&#8212;&#8212;&#8212;&#8212;&#8212;&#8212;&#8212;&#8212;&#8212;&#8212;&#8212;&#8212;&#8212;&#8212;&#8212;&#8212;&#8212;&#8212;&#8212;&#8212;&#8212;&#8212;&#8212;&#8212;&#8212;&#8212;&#8212;&#8212;&#8211; Situa\u00e7\u00e3o do Processo:&nbsp;&nbsp;&nbsp;&nbsp;&nbsp;&nbsp;Conclu\u00eddo&nbsp;&nbsp;&nbsp;&nbsp;&nbsp;Em Andamento&nbsp;&nbsp;&nbsp;&nbsp;&nbsp;&nbsp;Aguardando&nbsp;&nbsp;&nbsp;&nbsp; &nbsp;DOC ATIVIDADES DATA \/PER\u00cdODO DE PUBLICA\u00c7\u00c3O SITUA\u00c7\u00c3O ATUAL &nbsp;\ufeffEdital de Oferta \/ Inscri\u00e7\u00e3o 02\/05\/2022 &nbsp;\ufeffImprescind\u00edvel Leitura! &nbsp;\ufeffRequerimento de Isen\u00e7\u00e3o &nbsp;03\/05\/2022 a 06\/05\/2022 &nbsp; &nbsp;Resultado dos Pedidos de isen\u00e7\u00f5es 11\/05\/2022 &nbsp;At\u00e9 \u00e0s 16h \ufeff Pedido [&hellip;]<\/p>\n","protected":false},"author":7,"featured_media":0,"parent":59,"menu_order":0,"comment_status":"closed","ping_status":"closed","template":"","meta":{"_acf_changed":false,"_themeisle_gutenberg_block_has_review":false,"footnotes":""},"class_list":["post-224","page","type-page","status-publish","hentry"],"acf":[],"_links":{"self":[{"href":"https:\/\/pos.uel.br\/filosofiapolitica\/wp-json\/wp\/v2\/pages\/224","targetHints":{"allow":["GET"]}}],"collection":[{"href":"https:\/\/pos.uel.br\/filosofiapolitica\/wp-json\/wp\/v2\/pages"}],"about":[{"href":"https:\/\/pos.uel.br\/filosofiapolitica\/wp-json\/wp\/v2\/types\/page"}],"author":[{"embeddable":true,"href":"https:\/\/pos.uel.br\/filosofiapolitica\/wp-json\/wp\/v2\/users\/7"}],"replies":[{"embeddable":true,"href":"https:\/\/pos.uel.br\/filosofiapolitica\/wp-json\/wp\/v2\/comments?post=224"}],"version-history":[{"count":5,"href":"https:\/\/pos.uel.br\/filosofiapolitica\/wp-json\/wp\/v2\/pages\/224\/revisions"}],"predecessor-version":[{"id":509,"href":"https:\/\/pos.uel.br\/filosofiapolitica\/wp-json\/wp\/v2\/pages\/224\/revisions\/509"}],"up":[{"embeddable":true,"href":"https:\/\/pos.uel.br\/filosofiapolitica\/wp-json\/wp\/v2\/pages\/59"}],"wp:attachment":[{"href":"https:\/\/pos.uel.br\/filosofiapolitica\/wp-json\/wp\/v2\/media?parent=224"}],"curies":[{"name":"wp","href":"https:\/\/api.w.org\/{rel}","templated":true}]}}