{"id":119,"date":"2022-09-02T15:21:52","date_gmt":"2022-09-02T18:21:52","guid":{"rendered":"https:\/\/pos.uel.br\/direitocivil\/?page_id=119"},"modified":"2024-02-19T16:50:59","modified_gmt":"2024-02-19T19:50:59","slug":"contatos","status":"publish","type":"page","link":"https:\/\/pos.uel.br\/filosofiapolitica\/contatos\/","title":{"rendered":"Contatos"},"content":{"rendered":"\n<hr class=\"wp-block-separator has-text-color has-secondary-accent-color has-alpha-channel-opacity has-secondary-accent-background-color has-background is-style-wide\"\/>\n\n\n\n<div class=\"wp-block-columns is-layout-flex wp-container-core-columns-is-layout-9d6595d7 wp-block-columns-is-layout-flex\">\n<div class=\"wp-block-column is-layout-flow wp-block-column-is-layout-flow\" style=\"flex-basis:33.33%\">\n<p class=\"has-small-font-size\"><strong>Coordena\u00e7\u00e3o e Secretaria do Curso<\/strong><\/p>\n<\/div>\n\n\n\n<div class=\"wp-block-column is-layout-flow wp-block-column-is-layout-flow\" style=\"flex-basis:66.66%\">\n<p class=\"has-small-font-size\">Prof. Dr.&nbsp;Elve Miguel Cenci &#8211; elve@uel.br <\/p>\n\n\n\n<p class=\"has-small-font-size\">Prof. Ms. Jo\u00e3o Luiz Martins Esteves &#8211;&nbsp;joao.esteves1000@gmail.com<\/p>\n\n\n\n<p class=\"has-small-font-size\"><strong>Secretaria do Curso&nbsp;<\/strong> mestrados@uel.br<\/p>\n\n\n\n<p><\/p>\n\n\n\n<hr class=\"wp-block-separator has-text-color has-secondary-accent-color has-alpha-channel-opacity has-secondary-accent-background-color has-background is-style-wide\"\/>\n<\/div>\n<\/div>\n\n\n\n<div class=\"wp-block-columns is-layout-flex wp-container-core-columns-is-layout-9d6595d7 wp-block-columns-is-layout-flex\">\n<div class=\"wp-block-column is-layout-flow wp-block-column-is-layout-flow\" style=\"flex-basis:33.33%\">\n<p class=\"has-small-font-size\"><strong>Secretaria de P\u00f3s-Gradua\u00e7\u00e3o do CESA<\/strong><\/p>\n<\/div>\n\n\n\n<div class=\"wp-block-column is-layout-flow wp-block-column-is-layout-flow\" style=\"flex-basis:66.66%\">\n<p class=\"has-small-font-size\">E-mail:&nbsp;cesapos@uel.br<\/p>\n\n\n\n<p class=\"has-small-font-size\">Fones: (43) 3371-4315 &#8211; 3371-4375<\/p>\n\n\n\n<p class=\"has-small-font-size\">Hor\u00e1rios de Atendimento:&nbsp;<strong>8h \u00e0s 11h30 e das 13:30 \u00e0s 17h <\/strong><\/p>\n\n\n\n<hr class=\"wp-block-separator has-text-color has-secondary-accent-color has-alpha-channel-opacity has-secondary-accent-background-color has-background is-style-wide\"\/>\n<\/div>\n<\/div>\n\n\n\n<div class=\"wp-block-columns is-layout-flex wp-container-core-columns-is-layout-9d6595d7 wp-block-columns-is-layout-flex\">\n<div class=\"wp-block-column is-layout-flow wp-block-column-is-layout-flow\" style=\"flex-basis:33.33%\">\n<p class=\"has-small-font-size\"><strong><strong>PROPPG &#8211; Pr\u00f3-Reitoria de Pesquisa e P\u00f3s-gradua\u00e7\u00e3o<\/strong>&nbsp;<\/strong><\/p>\n<\/div>\n\n\n\n<div class=\"wp-block-column is-layout-flow wp-block-column-is-layout-flow\" style=\"flex-basis:66.66%\">\n<p class=\"has-small-font-size\"><a rel=\"noreferrer noopener\" href=\"https:\/\/sites.uel.br\/proppg\/canais-de-atendimento\/\" target=\"_blank\">Equipe e contatos<\/a><\/p>\n\n\n\n<hr class=\"wp-block-separator has-text-color has-secondary-accent-color has-alpha-channel-opacity has-secondary-accent-background-color has-background is-style-wide\"\/>\n<\/div>\n<\/div>\n\n\n\n<div class=\"wp-block-columns is-layout-flex wp-container-core-columns-is-layout-9d6595d7 wp-block-columns-is-layout-flex\">\n<div class=\"wp-block-column is-layout-flow wp-block-column-is-layout-flow\" style=\"flex-basis:33.33%\">\n<p class=\"has-small-font-size\"><strong>FAUEL&nbsp;&#8211;&nbsp; Funda\u00e7\u00e3o de Apoio ao Desenvolvimento da Universidade Estadual de Londrina<\/strong><\/p>\n\n\n\n<p><\/p>\n\n\n\n<p class=\"has-small-font-size\"><strong>Turmas a partir de 2021<\/strong><\/p>\n<\/div>\n\n\n\n<div class=\"wp-block-column is-layout-flow wp-block-column-is-layout-flow\" style=\"flex-basis:66.66%\">\n<p class=\"has-small-font-size\"><a href=\"http:\/\/www.fauel.org.br\/\">www.fauel.org.br<\/a>&nbsp;<\/p>\n\n\n\n<p class=\"has-small-font-size\"><strong>\u00c1rea do Aluno(a)&nbsp;<\/strong>&#8211;&nbsp;<a href=\"http:\/\/aluno.fauel.org.br\/\">http:\/\/aluno.fauel.org.br\/<\/a><\/p>\n\n\n\n<p class=\"has-small-font-size\">Fone (43) 3321-3262 &#8211; e-mail &#8211;&nbsp;boletos@fauel.org.br | contasareceber@fauel.org.br&nbsp;<\/p>\n\n\n\n<p class=\"has-small-font-size\">Rua Esp\u00edrito Santo, 1809 \u2013 Centro \u2013 Londrina \u2013 PR &#8211; CEP: 86020-420<\/p>\n\n\n\n<p class=\"has-small-font-size\">CNPJ: 03.061.086\/0001-50<\/p>\n\n\n\n<hr class=\"wp-block-separator has-text-color has-secondary-accent-color has-alpha-channel-opacity has-secondary-accent-background-color has-background is-style-wide\"\/>\n<\/div>\n<\/div>\n\n\n\n<div class=\"wp-block-columns is-layout-flex wp-container-core-columns-is-layout-9d6595d7 wp-block-columns-is-layout-flex\">\n<div class=\"wp-block-column is-layout-flow wp-block-column-is-layout-flow\" style=\"flex-basis:33.33%\">\n<p class=\"has-small-font-size\"><strong>Endere\u00e7o<\/strong><\/p>\n<\/div>\n\n\n\n<div class=\"wp-block-column is-layout-flow wp-block-column-is-layout-flow\" style=\"flex-basis:66.66%\">\n<p class=\"has-small-font-size\"><strong>Universidade Estadual de Londrina &#8211; UEL\u00a0<br><\/strong>CESA-Centro de Estudos Sociais Aplicados<br>Secretaria de P\u00f3s-Gradua\u00e7\u00e3o &#8211; <strong>Filosofia Pol\u00edtica e Jur\u00eddica<\/strong><br>Rod.Celso Garcia Cid, Km 379<br>Caixa Postal 10.011\u00a0<br>CEP: 86066-970 \u2013 Londrina-PR<\/p>\n\n\n\n<hr class=\"wp-block-separator has-text-color has-secondary-accent-color has-alpha-channel-opacity has-secondary-accent-background-color has-background is-style-wide\"\/>\n<\/div>\n<\/div>\n\n\n\n<hr class=\"wp-block-separator has-text-color has-secondary-accent-color has-alpha-channel-opacity has-secondary-accent-background-color has-background is-style-wide\"\/>\n\n\n\n<p><\/p>\n","protected":false},"excerpt":{"rendered":"<p>Coordena\u00e7\u00e3o e Secretaria do Curso Prof. Dr.&nbsp;Elve Miguel Cenci &#8211; elve@uel.br Prof. Ms. Jo\u00e3o Luiz Martins Esteves &#8211;&nbsp;joao.esteves1000@gmail.com Secretaria do Curso&nbsp; mestrados@uel.br Secretaria de P\u00f3s-Gradua\u00e7\u00e3o do CESA E-mail:&nbsp;cesapos@uel.br Fones: (43) 3371-4315 &#8211; 3371-4375 Hor\u00e1rios de Atendimento:&nbsp;8h \u00e0s 11h30 e das 13:30 \u00e0s 17h PROPPG &#8211; Pr\u00f3-Reitoria de Pesquisa e P\u00f3s-gradua\u00e7\u00e3o&nbsp; Equipe e contatos FAUEL&nbsp;&#8211;&nbsp; Funda\u00e7\u00e3o [&hellip;]<\/p>\n","protected":false},"author":7,"featured_media":0,"parent":0,"menu_order":0,"comment_status":"closed","ping_status":"closed","template":"","meta":{"_acf_changed":false,"_themeisle_gutenberg_block_has_review":false,"footnotes":""},"class_list":["post-119","page","type-page","status-publish","hentry"],"acf":[],"_links":{"self":[{"href":"https:\/\/pos.uel.br\/filosofiapolitica\/wp-json\/wp\/v2\/pages\/119","targetHints":{"allow":["GET"]}}],"collection":[{"href":"https:\/\/pos.uel.br\/filosofiapolitica\/wp-json\/wp\/v2\/pages"}],"about":[{"href":"https:\/\/pos.uel.br\/filosofiapolitica\/wp-json\/wp\/v2\/types\/page"}],"author":[{"embeddable":true,"href":"https:\/\/pos.uel.br\/filosofiapolitica\/wp-json\/wp\/v2\/users\/7"}],"replies":[{"embeddable":true,"href":"https:\/\/pos.uel.br\/filosofiapolitica\/wp-json\/wp\/v2\/comments?post=119"}],"version-history":[{"count":9,"href":"https:\/\/pos.uel.br\/filosofiapolitica\/wp-json\/wp\/v2\/pages\/119\/revisions"}],"predecessor-version":[{"id":568,"href":"https:\/\/pos.uel.br\/filosofiapolitica\/wp-json\/wp\/v2\/pages\/119\/revisions\/568"}],"wp:attachment":[{"href":"https:\/\/pos.uel.br\/filosofiapolitica\/wp-json\/wp\/v2\/media?parent=119"}],"curies":[{"name":"wp","href":"https:\/\/api.w.org\/{rel}","templated":true}]}}