{"id":111,"date":"2022-09-02T15:12:45","date_gmt":"2022-09-02T18:12:45","guid":{"rendered":"https:\/\/pos.uel.br\/direitocivil\/?page_id=111"},"modified":"2025-07-08T16:34:58","modified_gmt":"2025-07-08T19:34:58","slug":"links","status":"publish","type":"page","link":"https:\/\/pos.uel.br\/filosofiapolitica\/links\/","title":{"rendered":"Links \u00dateis"},"content":{"rendered":"\n<ul class=\"wp-block-list\">\n<li><a href=\"https:\/\/sistemas.uel.br\/portaldepos\/index\">Portal do Estudante de P\u00f3s-Gradua\u00e7\u00e3o<\/a><\/li>\n\n\n\n<li><a href=\"https:\/\/sites.uel.br\/ati\/criaremail-alunos\/\">Cria\u00e7\u00e3o de e-mail para estudantes de P\u00f3s-Gradua\u00e7\u00e3o<\/a><\/li>\n\n\n\n<li><a href=\"https:\/\/sites.uel.br\/bibliotecas\/\">Bibliotecas UEL<\/a><\/li>\n\n\n\n<li><a href=\"https:\/\/sites.uel.br\/bibliotecas\/apostilas-para-normalizacao\/\">Normaliza\u00e7\u00e3o de Publica\u00e7\u00f5es<\/a><\/li>\n\n\n\n<li><a href=\"https:\/\/sites.uel.br\/ati\/microsoft-365-para-educacao\/\">Pacote Office 365 sem custo para estudantes<\/a><\/li>\n\n\n\n<li><a href=\"https:\/\/sites.uel.br\/proppg\/estagio-2\/\">Est\u00e1gio de P\u00f3s-Gradua\u00e7\u00e3o<\/a><\/li>\n\n\n\n<li><a href=\"https:\/\/sites.uel.br\/proppg\/\">PROPPG \u2013 Pr\u00f3-Reitoria de Pesquisa e P\u00f3s-Gradua\u00e7\u00e3o<\/a><\/li>\n\n\n\n<li><a href=\"https:\/\/www.fauel.org.br\/\">FAUEL\u00a0\u2013\u00a0 Funda\u00e7\u00e3o de Apoio ao Desenvolvimento da Universidade Estadual de Londrina<\/a><\/li>\n\n\n\n<li><a href=\"https:\/\/aluno.fauel.org.br\/\">\u00c1rea do Aluno \u2013 FAUEL<strong>\u00a0<\/strong>\u2013\u00a0http:\/\/aluno.fauel.org.br\/<\/a><\/li>\n<\/ul>\n\n\n\n<p><\/p>\n","protected":false},"excerpt":{"rendered":"","protected":false},"author":7,"featured_media":0,"parent":0,"menu_order":0,"comment_status":"closed","ping_status":"closed","template":"","meta":{"_acf_changed":false,"_themeisle_gutenberg_block_has_review":false,"footnotes":""},"class_list":["post-111","page","type-page","status-publish","hentry"],"acf":[],"_links":{"self":[{"href":"https:\/\/pos.uel.br\/filosofiapolitica\/wp-json\/wp\/v2\/pages\/111","targetHints":{"allow":["GET"]}}],"collection":[{"href":"https:\/\/pos.uel.br\/filosofiapolitica\/wp-json\/wp\/v2\/pages"}],"about":[{"href":"https:\/\/pos.uel.br\/filosofiapolitica\/wp-json\/wp\/v2\/types\/page"}],"author":[{"embeddable":true,"href":"https:\/\/pos.uel.br\/filosofiapolitica\/wp-json\/wp\/v2\/users\/7"}],"replies":[{"embeddable":true,"href":"https:\/\/pos.uel.br\/filosofiapolitica\/wp-json\/wp\/v2\/comments?post=111"}],"version-history":[{"count":4,"href":"https:\/\/pos.uel.br\/filosofiapolitica\/wp-json\/wp\/v2\/pages\/111\/revisions"}],"predecessor-version":[{"id":637,"href":"https:\/\/pos.uel.br\/filosofiapolitica\/wp-json\/wp\/v2\/pages\/111\/revisions\/637"}],"wp:attachment":[{"href":"https:\/\/pos.uel.br\/filosofiapolitica\/wp-json\/wp\/v2\/media?parent=111"}],"curies":[{"name":"wp","href":"https:\/\/api.w.org\/{rel}","templated":true}]}}