{"id":33,"date":"2021-04-27T14:56:46","date_gmt":"2021-04-27T17:56:46","guid":{"rendered":"https:\/\/pos.uel.br\/filosofia\/?page_id=33"},"modified":"2023-05-31T18:02:44","modified_gmt":"2023-05-31T21:02:44","slug":"regimentos-resolucoes-e-normas","status":"publish","type":"page","link":"https:\/\/pos.uel.br\/filosofia\/regimentos-resolucoes-e-normas\/","title":{"rendered":"Regimentos, resolu\u00e7\u00f5es e normas"},"content":{"rendered":"\n<p>Regimento do Programa de P\u00f3s-gradua\u00e7\u00e3o em Filosofia (n\u00edveis mestrado e doutorado)<\/p>\n\n\n\n<div data-wp-interactive=\"core\/file\" class=\"wp-block-file\"><object data-wp-bind--hidden=\"!state.hasPdfPreview\" hidden class=\"wp-block-file__embed\" data=\"https:\/\/pos.uel.br\/filosofia\/wp-content\/uploads\/2023\/05\/Regimento-PPG-Filosofia-Resol-CEPE-27-2023-1.pdf\" type=\"application\/pdf\" style=\"width:100%;height:600px\" aria-label=\"Incorporado de Regimento-PPG-Filosofia-Resol-CEPE-27-2023-1.\"><\/object><a id=\"wp-block-file--media-d5900c34-c016-4c8f-ae05-b3c40bb46d46\" href=\"https:\/\/pos.uel.br\/filosofia\/wp-content\/uploads\/2023\/05\/Regimento-PPG-Filosofia-Resol-CEPE-27-2023-1.pdf\">Regimento-PPG-Filosofia-Resol-CEPE-27-2023-1<\/a><a href=\"https:\/\/pos.uel.br\/filosofia\/wp-content\/uploads\/2023\/05\/Regimento-PPG-Filosofia-Resol-CEPE-27-2023-1.pdf\" class=\"wp-block-file__button wp-element-button\" download aria-describedby=\"wp-block-file--media-d5900c34-c016-4c8f-ae05-b3c40bb46d46\">Baixar<\/a><\/div>\n","protected":false},"excerpt":{"rendered":"<p>Regimento do Programa de P\u00f3s-gradua\u00e7\u00e3o em Filosofia (n\u00edveis mestrado e doutorado)<\/p>\n","protected":false},"author":16,"featured_media":0,"parent":0,"menu_order":0,"comment_status":"closed","ping_status":"closed","template":"","meta":{"footnotes":""},"class_list":["post-33","page","type-page","status-publish","hentry"],"_links":{"self":[{"href":"https:\/\/pos.uel.br\/filosofia\/wp-json\/wp\/v2\/pages\/33","targetHints":{"allow":["GET"]}}],"collection":[{"href":"https:\/\/pos.uel.br\/filosofia\/wp-json\/wp\/v2\/pages"}],"about":[{"href":"https:\/\/pos.uel.br\/filosofia\/wp-json\/wp\/v2\/types\/page"}],"author":[{"embeddable":true,"href":"https:\/\/pos.uel.br\/filosofia\/wp-json\/wp\/v2\/users\/16"}],"replies":[{"embeddable":true,"href":"https:\/\/pos.uel.br\/filosofia\/wp-json\/wp\/v2\/comments?post=33"}],"version-history":[{"count":5,"href":"https:\/\/pos.uel.br\/filosofia\/wp-json\/wp\/v2\/pages\/33\/revisions"}],"predecessor-version":[{"id":1178,"href":"https:\/\/pos.uel.br\/filosofia\/wp-json\/wp\/v2\/pages\/33\/revisions\/1178"}],"wp:attachment":[{"href":"https:\/\/pos.uel.br\/filosofia\/wp-json\/wp\/v2\/media?parent=33"}],"curies":[{"name":"wp","href":"https:\/\/api.w.org\/{rel}","templated":true}]}}