{"id":32,"date":"2021-04-27T14:56:46","date_gmt":"2021-04-27T17:56:46","guid":{"rendered":"https:\/\/pos.uel.br\/filosofia\/?page_id=32"},"modified":"2025-09-29T15:31:16","modified_gmt":"2025-09-29T18:31:16","slug":"corpo-docente-2","status":"publish","type":"page","link":"https:\/\/pos.uel.br\/filosofia\/corpo-docente-2\/","title":{"rendered":"Docentes no Mestrado"},"content":{"rendered":"\n<p><strong>Linha 1 \u2013 Conhecimento e subjetividade<\/strong><\/p>\n\n\n\n<p><a href=\"https:\/\/buscatextual.cnpq.br\/buscatextual\/visualizacv.do?metodo=apresentar&amp;id=K4776723Y0\">Profa.  Dra. Andrea Cachel<\/a><\/p>\n\n\n\n<p><a href=\"http:\/\/buscatextual.cnpq.br\/buscatextual\/visualizacv.do?id=K4703425D8\">Prof. Dr. Eder Soares Santos<\/a><\/p>\n\n\n\n<p><a href=\"http:\/\/buscatextual.cnpq.br\/buscatextual\/visualizacv.do?id=K4767494J6\">Prof. Dr. Gelson Liston<\/a><\/p>\n\n\n\n<p><a href=\"http:\/\/buscatextual.cnpq.br\/buscatextual\/visualizacv.do?id=K4700747E4\">Prof. Dr. Jos\u00e9 Fernandes Weber<\/a><\/p>\n\n\n\n<p><a href=\"http:\/\/buscatextual.cnpq.br\/buscatextual\/visualizacv.do?id=K4798349U6\">Prof. Dr. Marcos Alexandre Gomes Nalli<\/a>&nbsp;<\/p>\n\n\n\n<p><a href=\"http:\/\/buscatextual.cnpq.br\/buscatextual\/visualizacv.do?id=K4792116Y0\">Prof. Dr. Marcos Rodrigues da Silva<\/a><\/p>\n\n\n\n<p><a href=\"http:\/\/buscatextual.cnpq.br\/buscatextual\/visualizacv.do?id=K4767109A9\">Profa. Dra. Mirian Donat<\/a><\/p>\n\n\n\n<p><strong>Linha 2 \u2013 \u00c9tica e Filosofia Pol\u00edtica<\/strong><\/p>\n\n\n\n<p><a href=\"http:\/\/buscatextual.cnpq.br\/buscatextual\/visualizacv.do?id=K4798659A8\">Prof. Dr. Aguinaldo Pav\u00e3o<\/a><\/p>\n\n\n\n<p><a href=\"http:\/\/buscatextual.cnpq.br\/buscatextual\/visualizacv.do?id=K4766741D9\">Profa. Dra. Andrea Faggion<\/a><\/p>\n\n\n\n<p><a href=\"http:\/\/buscatextual.cnpq.br\/buscatextual\/visualizacv.do?id=K4794616D6\">Prof. Dr. Arlei Esp\u00edndola<\/a><\/p>\n\n\n\n<p><a href=\"http:\/\/buscatextual.cnpq.br\/buscatextual\/visualizacv.do?id=K4764293E2\">Prof. Dr. Charles Feldhaus<\/a><\/p>\n\n\n\n<p><a href=\"http:\/\/buscatextual.cnpq.br\/buscatextual\/visualizacv.do?id=K4742628J4\">Prof. Dr. F\u00e1bio C\u00e9sar Scherer<\/a><\/p>\n\n\n\n<p><a href=\"http:\/\/buscatextual.cnpq.br\/buscatextual\/visualizacv.do?id=K4799586P6\">Profa. Dra. Maria Cristina M\u00fcller<\/a><\/p>\n","protected":false},"excerpt":{"rendered":"<p>Linha 1 \u2013 Conhecimento e subjetividade Profa. Dra. Andrea Cachel Prof. Dr. Eder Soares Santos Prof. Dr. Gelson Liston Prof. Dr. Jos\u00e9 Fernandes Weber Prof. Dr. Marcos Alexandre Gomes Nalli&nbsp; Prof. Dr. Marcos Rodrigues da Silva Profa. Dra. Mirian Donat Linha 2 \u2013 \u00c9tica e Filosofia Pol\u00edtica Prof. Dr. Aguinaldo Pav\u00e3o Profa. Dra. Andrea Faggion [&hellip;]<\/p>\n","protected":false},"author":16,"featured_media":0,"parent":0,"menu_order":0,"comment_status":"closed","ping_status":"closed","template":"","meta":{"footnotes":""},"class_list":["post-32","page","type-page","status-publish","hentry"],"_links":{"self":[{"href":"https:\/\/pos.uel.br\/filosofia\/wp-json\/wp\/v2\/pages\/32","targetHints":{"allow":["GET"]}}],"collection":[{"href":"https:\/\/pos.uel.br\/filosofia\/wp-json\/wp\/v2\/pages"}],"about":[{"href":"https:\/\/pos.uel.br\/filosofia\/wp-json\/wp\/v2\/types\/page"}],"author":[{"embeddable":true,"href":"https:\/\/pos.uel.br\/filosofia\/wp-json\/wp\/v2\/users\/16"}],"replies":[{"embeddable":true,"href":"https:\/\/pos.uel.br\/filosofia\/wp-json\/wp\/v2\/comments?post=32"}],"version-history":[{"count":9,"href":"https:\/\/pos.uel.br\/filosofia\/wp-json\/wp\/v2\/pages\/32\/revisions"}],"predecessor-version":[{"id":1983,"href":"https:\/\/pos.uel.br\/filosofia\/wp-json\/wp\/v2\/pages\/32\/revisions\/1983"}],"wp:attachment":[{"href":"https:\/\/pos.uel.br\/filosofia\/wp-json\/wp\/v2\/media?parent=32"}],"curies":[{"name":"wp","href":"https:\/\/api.w.org\/{rel}","templated":true}]}}