{"id":25,"date":"2021-04-27T14:56:46","date_gmt":"2021-04-27T17:56:46","guid":{"rendered":"https:\/\/pos.uel.br\/filosofia\/?page_id=25"},"modified":"2023-02-23T14:21:54","modified_gmt":"2023-02-23T17:21:54","slug":"historico","status":"publish","type":"page","link":"https:\/\/pos.uel.br\/filosofia\/historico\/","title":{"rendered":"Hist\u00f3rico do Programa"},"content":{"rendered":"\n<p>Desde o in\u00edcio, com a cria\u00e7\u00e3o do Departamento de Filosofia e a reabertura do Curso de Filosofia na Universidade Estadual de Londrina (UEL) durante os anos 90 do s\u00e9culo XX, iniciou-se uma s\u00e9rie de atividades que permitisse a viabilidade de um Programa de P\u00f3s-Gradua\u00e7\u00e3o&nbsp;<em>stricto sensu<\/em>&nbsp;&#8211;&nbsp;<strong>MESTRADO E DOUTORADO<\/strong>&nbsp;&#8211; em Filosofia. Foram anos de esfor\u00e7o conjunto: com a qualifica\u00e7\u00e3o de seu corpo docente, com o desenvolvimento de projetos de pesquisa (inclusive com financiamento dos \u00f3rg\u00e3os de fomento, como&nbsp;<strong>CNPq<\/strong>&nbsp;e&nbsp;<strong>Funda\u00e7\u00e3o Arauc\u00e1ria<\/strong>), com a melhoria progressiva da biblioteca com o objetivo de dar suporte adequado \u00e0s atividades de pesquisa e docentes, desde a gradua\u00e7\u00e3o, passando pelas p\u00f3s-gradua\u00e7\u00f5es&nbsp;<em>lato sensu<\/em>, at\u00e9 o&nbsp;<strong>MESTRADO E DOUTORADO<\/strong>.<br>&nbsp;&nbsp;<br>Assim, a consolida\u00e7\u00e3o de nosso Programa de&nbsp;<strong>Mestrado e Doutorado<\/strong>&nbsp;est\u00e1 inextricavelmente ligada \u00e0 inten\u00e7\u00e3o de dar plena vaz\u00e3o ao v\u00ednculo indissoci\u00e1vel entre ensino e pesquisa que, desde a gradua\u00e7\u00e3o especifica os esfor\u00e7os do Departamento de Filosofia da UEL e comp\u00f5e, por assim dizer, sua voca\u00e7\u00e3o natural. Neste sentido, o&nbsp;<strong>Mestrado e o Doutorado<\/strong>&nbsp;a serem oferecidos por este Departamento significa a eleva\u00e7\u00e3o de seus esfor\u00e7os acad\u00eamicos a um n\u00edvel de excel\u00eancia em P\u00f3s-Gradua\u00e7\u00e3o&nbsp;<em>stricto sensu<\/em>.<br>&nbsp;&nbsp;<br>Desta maneira, o&nbsp;<strong>Programa de P\u00f3s-gradua\u00e7\u00e3o em Filosofia<\/strong>&nbsp;n\u00e3o apenas se coaduna com o compromisso dos docentes de desenvolver e disseminar suas pesquisas de Doutoramento e P\u00f3s-Doutoramento pela forma\u00e7\u00e3o de novos pesquisadores, como vem ainda a aplacar uma demanda sempre crescente na pr\u00f3pria Universidade e nas regi\u00f5es norte do Paran\u00e1, oeste de S\u00e3o Paulo e sudeste do Mato Grosso do Sul por um quadro permanentemente renovado de profissionais com conhecimento aprofundado na \u00e1rea de Filosofia.<br><br>A op\u00e7\u00e3o por uma \u00e1rea de concentra\u00e7\u00e3o em&nbsp;<strong>Filosofia<\/strong>&nbsp;foi fruto de uma longa decanta\u00e7\u00e3o dos t\u00f3picos que, dentro da hist\u00f3ria da Filosofia, representavam pontos de conflu\u00eancia de interesses e de articula\u00e7\u00e3o dos trabalhos j\u00e1 realizados, seja sob a forma de grupos e projetos de pesquisa em andamento, congressos e col\u00f3quios realizados.<br><br>Assim, ap\u00f3s um laborioso processo de reflex\u00e3o conjunta, os professores do Departamento conseguiram projetar seus esfor\u00e7os acad\u00eamicos e investigativos futuros em torno de&nbsp;<strong>2<\/strong>&nbsp;(duas) linhas:<br><br><strong>Conhecimento e Subjetividade<br>\u00c9tica e Filosofia Pol\u00edtica<br>&nbsp;<\/strong><\/p>\n\n\n\n<p>Tal resultado geral, a que foram conduzidos os docentes em sua discuss\u00e3o acerca da proposta que ora se apresenta, foi considerado extremamente satisfat\u00f3rio, uma vez que, n\u00e3o somente alinhava de forma convincente aquilo que os mesmos acreditam ser o fundamental dos interesses acad\u00eamicos que perseguir\u00e3o nos pr\u00f3ximos anos, como serve, por assim dizer, como uma esp\u00e9cie de aferimento do que s\u00e3o e t\u00eam sido as atividades de ensino e pesquisa desenvolvidas por eles ao longo dos \u00faltimos anos.<\/p>\n\n\n<div class=\"wp-block-image\">\n<figure class=\"aligncenter is-resized\"><img loading=\"lazy\" decoding=\"async\" src=\"https:\/\/pos.uel.br\/filosofia\/wp-content\/uploads\/2022\/02\/jc180304032a-1024x541.jpg\" alt=\"\" class=\"wp-image-385\" width=\"808\" height=\"427\" srcset=\"https:\/\/pos.uel.br\/filosofia\/wp-content\/uploads\/2022\/02\/jc180304032a-1024x541.jpg 1024w, https:\/\/pos.uel.br\/filosofia\/wp-content\/uploads\/2022\/02\/jc180304032a-300x158.jpg 300w, https:\/\/pos.uel.br\/filosofia\/wp-content\/uploads\/2022\/02\/jc180304032a-768x405.jpg 768w, https:\/\/pos.uel.br\/filosofia\/wp-content\/uploads\/2022\/02\/jc180304032a-1536x811.jpg 1536w, https:\/\/pos.uel.br\/filosofia\/wp-content\/uploads\/2022\/02\/jc180304032a.jpg 1830w\" sizes=\"auto, (max-width: 808px) 100vw, 808px\" \/><figcaption class=\"wp-element-caption\">Vis\u00e3o \u00e1rea do CLCH\/Uel &#8211; Departamento de Filosofia. Foto: Acervo\/CDPH<\/figcaption><\/figure>\n<\/div>\n\n\n<p class=\"has-text-align-left\"><\/p>\n","protected":false},"excerpt":{"rendered":"<p>Desde o in\u00edcio, com a cria\u00e7\u00e3o do Departamento de Filosofia e a reabertura do Curso de Filosofia na Universidade Estadual de Londrina (UEL) durante os anos 90 do s\u00e9culo XX, iniciou-se uma s\u00e9rie de atividades que permitisse a viabilidade de um Programa de P\u00f3s-Gradua\u00e7\u00e3o&nbsp;stricto sensu&nbsp;&#8211;&nbsp;MESTRADO E DOUTORADO&nbsp;&#8211; em Filosofia. Foram anos de esfor\u00e7o conjunto: com [&hellip;]<\/p>\n","protected":false},"author":16,"featured_media":0,"parent":0,"menu_order":0,"comment_status":"closed","ping_status":"closed","template":"","meta":{"footnotes":""},"class_list":["post-25","page","type-page","status-publish","hentry"],"_links":{"self":[{"href":"https:\/\/pos.uel.br\/filosofia\/wp-json\/wp\/v2\/pages\/25","targetHints":{"allow":["GET"]}}],"collection":[{"href":"https:\/\/pos.uel.br\/filosofia\/wp-json\/wp\/v2\/pages"}],"about":[{"href":"https:\/\/pos.uel.br\/filosofia\/wp-json\/wp\/v2\/types\/page"}],"author":[{"embeddable":true,"href":"https:\/\/pos.uel.br\/filosofia\/wp-json\/wp\/v2\/users\/16"}],"replies":[{"embeddable":true,"href":"https:\/\/pos.uel.br\/filosofia\/wp-json\/wp\/v2\/comments?post=25"}],"version-history":[{"count":9,"href":"https:\/\/pos.uel.br\/filosofia\/wp-json\/wp\/v2\/pages\/25\/revisions"}],"predecessor-version":[{"id":984,"href":"https:\/\/pos.uel.br\/filosofia\/wp-json\/wp\/v2\/pages\/25\/revisions\/984"}],"wp:attachment":[{"href":"https:\/\/pos.uel.br\/filosofia\/wp-json\/wp\/v2\/media?parent=25"}],"curies":[{"name":"wp","href":"https:\/\/api.w.org\/{rel}","templated":true}]}}