{"id":1896,"date":"2025-05-22T09:35:01","date_gmt":"2025-05-22T12:35:01","guid":{"rendered":"https:\/\/pos.uel.br\/filosofia\/?page_id=1896"},"modified":"2025-09-30T17:42:49","modified_gmt":"2025-09-30T20:42:49","slug":"pesquisa-2","status":"publish","type":"page","link":"https:\/\/pos.uel.br\/filosofia\/pesquisa-2\/","title":{"rendered":"Pesquisa"},"content":{"rendered":"\n<p><\/p>\n\n\n\n<p>Os professores do Programa de P\u00f3s-gradua\u00e7\u00e3o em Filosofia da Universidade Estadual de Londrina atuamente desenvolvem os seguintes projetos de pesquisa.<\/p>\n\n\n\n<p><a href=\"https:\/\/www.sistemasweb.uel.br\/system\/prj\/pes\/pdf\/pes_pesquisa_13118.pdf\">MUNDO E JOGO NA FILOSOFIA DE EUGEN FINK<\/a><\/p>\n\n\n\n<p>Coordenador: Jos\u00e9 Fernandes Weber<\/p>\n\n\n\n<p><a href=\"https:\/\/www.sistemasweb.uel.br\/system\/prj\/pes\/pdf\/pes_pesquisa_13350.pdf\">RETORNO \u00c0 RELA\u00c7\u00c3O ANAL\u00cdTICA ENTRE COER\u00c7\u00c3O E DIREITO<\/a><\/p>\n\n\n\n<p>Coodernadora: Andrea Luisa Bucchile Faggion <\/p>\n\n\n\n<p><a href=\"https:\/\/www.sistemasweb.uel.br\/system\/prj\/pes\/pdf\/pes_pesquisa_13721.pdf\">REALISMO ONTOL\u00d3GICO E PR\u00c1TICA CIENT\u00cdFICA<\/a><\/p>\n\n\n\n<p>Coordenador: Marcos Rodrigues da Silva<\/p>\n\n\n\n<p><a href=\"https:\/\/www.sistemasweb.uel.br\/system\/prj\/pes\/pdf\/pes_pesquisa_13749.pdf\">A FORMA\u00c7\u00c3O DO HUMANO EM WITTGENSTEIN: ASPECTOS \u00c9TICO-POL\u00cdTICOS<\/a><\/p>\n\n\n\n<p>Coordenadora: Mirian Donat<\/p>\n\n\n\n<p><a href=\"https:\/\/www.sistemasweb.uel.br\/system\/prj\/pes\/pdf\/pes_pesquisa_14009.pdf\">A LIBERDADE DIANTE DA GOVERNAMENTALIDADE BIOPOL\u00cdTICA: MODOS DE CONTROLE E<br>EXPERI\u00caNCIAS DE INSUBMISS\u00c3O (BOLSA PRODUTIVIDADE CNPQ)<\/a><\/p>\n\n\n\n<p>Coordenador: Marcos Alexandre Gomes Nalli<\/p>\n\n\n\n<p><a href=\"https:\/\/www.sistemasweb.uel.br\/system\/prj\/pes\/pdf\/pes_pesquisa_14075.pdf\">A CRISE DO ESTADO NACIONAL CONTEMPOR\u00c2NEO EM HANNAH ARENDT:<br>TERRIT\u00d3RIO, POVO E SOBERANIA<\/a><\/p>\n\n\n\n<p>Coordenadaora: Maria Cristina Muller<\/p>\n\n\n\n<p><a href=\"https:\/\/www.sistemasweb.uel.br\/system\/prj\/pes\/pdf\/pes_pesquisa_14286.pdf\">O DESAFIO T\u00c1CITO, ASSUMIDO POR ROUSSEAU, DE ESTABELECER PRINC\u00cdPIOS TE\u00d3RICOS, NO<br>SEIO DOS ESCRITOS AUTOBIOGR\u00c1FICOS, A FIM DE CONSUMAR SEU FAZER FILOS\u00d3FICO<\/a><\/p>\n\n\n\n<p>Coordenador: Arlei de Espindola<\/p>\n\n\n\n<p><a href=\"https:\/\/www.sistemasweb.uel.br\/system\/prj\/pes\/pdf\/pes_pesquisa_14288.pdf\">EUDEMONOLOGIA E ELOGIO \u00c0 SOLID\u00c3O EM MONTAIGNE E SCHOPENHAUER<\/a><\/p>\n\n\n\n<p>Coordenador: Aguinaldo Ant\u00f4nio Cavalheiro Pav\u00e3o<\/p>\n\n\n\n<p><a href=\"https:\/\/www.sistemasweb.uel.br\/system\/prj\/pes\/pdf\/pes_pesquisa_14317.pdf\">A RECEP\u00c7\u00c3O DOS CONTEMPOR\u00c2NEOS DE KANT DO OP\u00daSCULO \u00dcBER DEN GEMEINSPRUCH: DAS MAG IN DER THEORIE RICHTIG SEIN, ABER NICHT F\u00dcR DIE PRAXIS: ESTUDOS, COMENT\u00c1RIOS E TRADU\u00c7\u00d5ES DE GENTZ, REHBERG E GARVE<\/a><\/p>\n\n\n\n<p>Coordenador: Charles Feldhaus<\/p>\n\n\n\n<p><a href=\"https:\/\/www.sistemasweb.uel.br\/system\/prj\/pes\/pdf\/pes_pesquisa_14320.pdf\">CINEMA MODERNISTA EM STANLEY CAVELL: A PRESENTICIDADE, O NOVO SENTIDO DE SUBLIME<br>E A DECLARA\u00c7\u00c3O DO SIL\u00caNCIO NA IMAGEM F\u00cdLMICA<\/a><\/p>\n\n\n\n<p>Coordenadora: Andrea Cachel<\/p>\n\n\n\n<p><a href=\"https:\/\/www.sistemasweb.uel.br\/system\/prj\/pes\/pdf\/pes_pesquisa_14321.pdf\">INDECIDIBILIDADE DO DEBATE METAF\u00cdSICO EM FILOSOFIA DA CI\u00caNCIA E RACIONALIDADE DO<br>RELATIVISMO EPISTEMOL\u00d3GICO<\/a><\/p>\n\n\n\n<p>Coordenador: Gelson Liston<\/p>\n\n\n\n<p><a href=\"https:\/\/www.sistemasweb.uel.br\/system\/prj\/pes\/pdf\/pes_pesquisa_14359.pdf\">&#8220;CHRISTIAN WOLFF&#8217;S UNIVERSAL PRACTICAL PHILOSOPHY AND ITS RECEPTION IN THE<br>GERMAN CONTEXT&#8221; (&#8220;A FILOSOFIA PR\u00c1TICA UNIVERSAL DE CHRISTIAN WOLFF E SUA RECEP\u00c7\u00c3O NO CONTEXTO ALEM\u00c3O)<\/a><\/p>\n\n\n\n<p>Coordenador: F\u00e1bio C\u00e9sar Scherer<\/p>\n\n\n\n<p><a href=\"https:\/\/www.sistemasweb.uel.br\/system\/prj\/pes\/pdf\/pes_pesquisa_14384.pdf\">A ENFERMIDADE COMO FEN\u00d4MENO DISRUPTIVO E O SENTIMENTO DE ESTAR VIVO<\/a><\/p>\n\n\n\n<p>Coordenador: Eder Soares Santos<\/p>\n\n\n\n<p><a href=\"https:\/\/www.sistemasweb.uel.br\/system\/prj\/pes\/pdf\/pes_pesquisa_14320.pdf\">CINEMA MODERNISTA EM STANLEY CAVELL: A PRESENTICIDADE, O NOVO SENTIDO DE SUBLIME E A DECLARA\u00c7\u00c3O DO SIL\u00caNCIO NA IMAGEM F\u00cdLMICA<\/a><\/p>\n\n\n\n<p>Coordenadora: Andrea Cachel<\/p>\n\n\n\n<p><\/p>\n","protected":false},"excerpt":{"rendered":"<p>Os professores do Programa de P\u00f3s-gradua\u00e7\u00e3o em Filosofia da Universidade Estadual de Londrina atuamente desenvolvem os seguintes projetos de pesquisa. MUNDO E JOGO NA FILOSOFIA DE EUGEN FINK Coordenador: Jos\u00e9 Fernandes Weber RETORNO \u00c0 RELA\u00c7\u00c3O ANAL\u00cdTICA ENTRE COER\u00c7\u00c3O E DIREITO Coodernadora: Andrea Luisa Bucchile Faggion REALISMO ONTOL\u00d3GICO E PR\u00c1TICA CIENT\u00cdFICA Coordenador: Marcos Rodrigues da Silva [&hellip;]<\/p>\n","protected":false},"author":16,"featured_media":0,"parent":0,"menu_order":0,"comment_status":"closed","ping_status":"closed","template":"","meta":{"footnotes":""},"class_list":["post-1896","page","type-page","status-publish","hentry"],"_links":{"self":[{"href":"https:\/\/pos.uel.br\/filosofia\/wp-json\/wp\/v2\/pages\/1896","targetHints":{"allow":["GET"]}}],"collection":[{"href":"https:\/\/pos.uel.br\/filosofia\/wp-json\/wp\/v2\/pages"}],"about":[{"href":"https:\/\/pos.uel.br\/filosofia\/wp-json\/wp\/v2\/types\/page"}],"author":[{"embeddable":true,"href":"https:\/\/pos.uel.br\/filosofia\/wp-json\/wp\/v2\/users\/16"}],"replies":[{"embeddable":true,"href":"https:\/\/pos.uel.br\/filosofia\/wp-json\/wp\/v2\/comments?post=1896"}],"version-history":[{"count":7,"href":"https:\/\/pos.uel.br\/filosofia\/wp-json\/wp\/v2\/pages\/1896\/revisions"}],"predecessor-version":[{"id":1987,"href":"https:\/\/pos.uel.br\/filosofia\/wp-json\/wp\/v2\/pages\/1896\/revisions\/1987"}],"wp:attachment":[{"href":"https:\/\/pos.uel.br\/filosofia\/wp-json\/wp\/v2\/media?parent=1896"}],"curies":[{"name":"wp","href":"https:\/\/api.w.org\/{rel}","templated":true}]}}