{"id":9,"date":"2025-08-07T10:39:50","date_gmt":"2025-08-07T13:39:50","guid":{"rendered":"https:\/\/pos.uel.br\/estruturas\/?page_id=9"},"modified":"2025-08-07T11:32:18","modified_gmt":"2025-08-07T14:32:18","slug":"sobre-o-curso","status":"publish","type":"page","link":"https:\/\/pos.uel.br\/estruturas\/sobre-o-curso\/","title":{"rendered":"Sobre o curso"},"content":{"rendered":"\n<p>O curso de Especializa\u00e7\u00e3o em Engenharia de estruturas, criado pela Resolu\u00e7\u00e3o CEPE n\u00ba 123\/2006 foi ofertado pela primeira vez no ano de 2007. Suas aulas foram programadas para o per\u00edodo noturno, privilegiando os alunos da regi\u00e3o de Londrina. <\/p>\n\n\n\n<p>Concluiu-se que o curso deveria sofrer pequenos ajustes em seu projeto, e que para fazer frente ao perfil dos interessados, deveria abordar tamb\u00e9m quest\u00f5es pertinentes ao processo construtivo. Deixou-se claro que n\u00e3o se trata de abandonar a \u00eanfase no projeto, mas de ampli\u00e1-la de modo a contemplar a quest\u00e3o do projeto do processo, do detalhamento, de como fazer e chegar ao produto final.<\/p>\n\n\n\n<p>Por outro lado, foram realizadas discuss\u00f5es dentro do Departamento de estruturas, sem deixar de ouvir os alunos das duas turmas, e ao analisar esta experi\u00eancia recente de ofertas de Cursos de Especializa\u00e7\u00e3o, o Departamento de Estruturas, do Centro de Tecnologia e Urbanismo, aprovou a solicita\u00e7\u00e3o de pequenos ajustes na estrutura do curso de Especializa\u00e7\u00e3o, propondo altera\u00e7\u00f5es no rol de disciplinas e uma nova planilha de receitas e gastos para a opera\u00e7\u00e3o do referido curso. <\/p>\n\n\n\n<p>Entende o Departamento de Estruturas que estas mudan\u00e7as s\u00e3o medidas importantes para o aprimoramento do Curso, tornando-o mais adequado \u00e0s expectativas discentes e ao perfil dos docentes.<\/p>\n\n\n\n<p>A proposta atual do curso de Especializa\u00e7\u00e3o em Engenharia de Estruturas est\u00e1 em conson\u00e2ncia com o desenvolvimento do pa\u00eds, especializando engenheiros civis e arquitetos em projeto, execu\u00e7\u00e3o e reparo de estruturas.<\/p>\n\n\n\n<p class=\"has-primary-accent-color has-text-color has-link-color wp-elements-af84d4d43b2572d127b4e79417a40381\"><strong>OBJETIVOS<\/strong><\/p>\n\n\n\n<p>Atualiza\u00e7\u00e3o de conceitos, conhecimentos, t\u00e9cnicas e procedimentos inerentes ao campo da de Estruturas na Constru\u00e7\u00e3o Civil, com \u00eanfase no desenvolvimento de projetos.&nbsp;&nbsp; Neste sentido ser\u00e1 uma pr\u00e1tica recorrente enfocar as mais recentes revis\u00f5es de norma e as \u00faltimas discuss\u00f5es sobre as novas tend\u00eancias dos sistemas estruturais.<\/p>\n\n\n\n<p>Complementar a forma\u00e7\u00e3o dos profissionais da \u00e1rea de Engenharia de Estruturas com rela\u00e7\u00e3o ao projeto de estruturas de concreto armado, concreto protendido, a\u00e7o, madeira e alvenaria estrutural. Tamb\u00e9m tem por objetivo capacitar seus alunos a elaborarem projetos de temas espec\u00edficos, como reservat\u00f3rios em concreto armado, edif\u00edcios altos, silos, pontes, escadas especiais, estruturas de funda\u00e7\u00e3o, e elementos pr\u00e9-moldados.<\/p>\n\n\n\n<div class=\"wp-block-columns is-layout-flex wp-container-core-columns-is-layout-9d6595d7 wp-block-columns-is-layout-flex\">\n<div class=\"wp-block-column is-layout-flow wp-block-column-is-layout-flow\"><\/div>\n<\/div>\n","protected":false},"excerpt":{"rendered":"<p>O curso de Especializa\u00e7\u00e3o em Engenharia de estruturas, criado pela Resolu\u00e7\u00e3o CEPE n\u00ba 123\/2006 foi ofertado pela primeira vez no ano de 2007. Suas aulas foram programadas para o per\u00edodo noturno, privilegiando os alunos da regi\u00e3o de Londrina. Concluiu-se que o curso deveria sofrer pequenos ajustes em seu projeto, e que para fazer frente ao [&hellip;]<\/p>\n","protected":false},"author":7,"featured_media":0,"parent":0,"menu_order":0,"comment_status":"closed","ping_status":"closed","template":"","meta":{"_themeisle_gutenberg_block_has_review":false,"footnotes":""},"class_list":["post-9","page","type-page","status-publish","hentry"],"acf":[],"_links":{"self":[{"href":"https:\/\/pos.uel.br\/estruturas\/wp-json\/wp\/v2\/pages\/9","targetHints":{"allow":["GET"]}}],"collection":[{"href":"https:\/\/pos.uel.br\/estruturas\/wp-json\/wp\/v2\/pages"}],"about":[{"href":"https:\/\/pos.uel.br\/estruturas\/wp-json\/wp\/v2\/types\/page"}],"author":[{"embeddable":true,"href":"https:\/\/pos.uel.br\/estruturas\/wp-json\/wp\/v2\/users\/7"}],"replies":[{"embeddable":true,"href":"https:\/\/pos.uel.br\/estruturas\/wp-json\/wp\/v2\/comments?post=9"}],"version-history":[{"count":4,"href":"https:\/\/pos.uel.br\/estruturas\/wp-json\/wp\/v2\/pages\/9\/revisions"}],"predecessor-version":[{"id":39,"href":"https:\/\/pos.uel.br\/estruturas\/wp-json\/wp\/v2\/pages\/9\/revisions\/39"}],"wp:attachment":[{"href":"https:\/\/pos.uel.br\/estruturas\/wp-json\/wp\/v2\/media?parent=9"}],"curies":[{"name":"wp","href":"https:\/\/api.w.org\/{rel}","templated":true}]}}