{"id":89,"date":"2025-08-07T16:28:50","date_gmt":"2025-08-07T19:28:50","guid":{"rendered":"https:\/\/pos.uel.br\/estruturas\/?page_id=89"},"modified":"2025-08-07T16:38:14","modified_gmt":"2025-08-07T19:38:14","slug":"resolucoes","status":"publish","type":"page","link":"https:\/\/pos.uel.br\/estruturas\/resolucoes\/","title":{"rendered":"Resolu\u00e7\u00f5es"},"content":{"rendered":"\n<ul class=\"wp-block-list\">\n<li>Delibera\u00e7\u00e3o &#8211; Colegiado LSP N\u00ba 033\/2016 &#8211; Reestrutura o Curso de P\u00f3s-Gradua\u00e7\u00e3o&nbsp;<em>Lato sensu<\/em>&nbsp;em Engenharia de Estruturas.<\/li>\n<\/ul>\n\n\n\n<div class=\"wp-block-file\"><a id=\"wp-block-file--media-4d449317-2c1a-4b6b-9b4c-8398e6832732\" href=\"https:\/\/pos.uel.br\/estruturas\/wp-content\/uploads\/2025\/08\/Delib-33-2019-Reest-Esp-Engenharia-Estruturas_.pdf\">Delib 33 2019 &#8211; Reest Esp Engenharia Estruturas_<\/a><a href=\"https:\/\/pos.uel.br\/estruturas\/wp-content\/uploads\/2025\/08\/Delib-33-2019-Reest-Esp-Engenharia-Estruturas_.pdf\" class=\"wp-block-file__button wp-element-button\" download aria-describedby=\"wp-block-file--media-4d449317-2c1a-4b6b-9b4c-8398e6832732\">Baixar<\/a><\/div>\n\n\n\n<ul class=\"wp-block-list\">\n<li>Resolu\u00e7\u00e3o CA N\u00ba 025\/2021 &#8211; Mensalidade<\/li>\n<\/ul>\n\n\n\n<div class=\"wp-block-file\"><a id=\"wp-block-file--media-95b82bd3-f497-4f3a-bf00-d45f3d959560\" href=\"https:\/\/pos.uel.br\/estruturas\/wp-content\/uploads\/2025\/08\/Resolucao-CA-25-2021-Mensalidade-Esp-Eng-Estrutura-remoto-sincrono.pdf\">Resolu\u00e7\u00e3o CA 25 2021 &#8211; Mensalidade Esp Eng Estrutura &#8211; remoto s\u00edncrono<\/a><a href=\"https:\/\/pos.uel.br\/estruturas\/wp-content\/uploads\/2025\/08\/Resolucao-CA-25-2021-Mensalidade-Esp-Eng-Estrutura-remoto-sincrono.pdf\" class=\"wp-block-file__button wp-element-button\" download aria-describedby=\"wp-block-file--media-95b82bd3-f497-4f3a-bf00-d45f3d959560\">Baixar<\/a><\/div>\n\n\n\n<ul class=\"wp-block-list\">\n<li>Delibera\u00e7\u00e3o &#8211; Colegiados LSB e LSP N\u00ba026\/2023 &#8211; Calend\u00e1rio das Atividades dos Cursos de P\u00f3s-Gradua\u00e7\u00e3o<em>&nbsp;Lato sensu&nbsp;<\/em>para o ano de 2024\/2025<\/li>\n<\/ul>\n\n\n\n<div class=\"wp-block-file\"><a id=\"wp-block-file--media-37320854-9a5d-45f8-9186-713da409d538\" href=\"https:\/\/pos.uel.br\/estruturas\/wp-content\/uploads\/2025\/08\/Calendario-Lato_2024-2025-1.pdf\">Calendario-Lato_2024-2025-1<\/a><a href=\"https:\/\/pos.uel.br\/estruturas\/wp-content\/uploads\/2025\/08\/Calendario-Lato_2024-2025-1.pdf\" class=\"wp-block-file__button wp-element-button\" download aria-describedby=\"wp-block-file--media-37320854-9a5d-45f8-9186-713da409d538\">Baixar<\/a><\/div>\n\n\n\n<div class=\"wp-block-columns is-layout-flex wp-container-core-columns-is-layout-9d6595d7 wp-block-columns-is-layout-flex\">\n<div class=\"wp-block-column is-layout-flow wp-block-column-is-layout-flow\"><\/div>\n<\/div>\n\n\n\n<p><\/p>\n","protected":false},"excerpt":{"rendered":"","protected":false},"author":7,"featured_media":0,"parent":0,"menu_order":0,"comment_status":"closed","ping_status":"closed","template":"","meta":{"_themeisle_gutenberg_block_has_review":false,"footnotes":""},"class_list":["post-89","page","type-page","status-publish","hentry"],"acf":[],"_links":{"self":[{"href":"https:\/\/pos.uel.br\/estruturas\/wp-json\/wp\/v2\/pages\/89","targetHints":{"allow":["GET"]}}],"collection":[{"href":"https:\/\/pos.uel.br\/estruturas\/wp-json\/wp\/v2\/pages"}],"about":[{"href":"https:\/\/pos.uel.br\/estruturas\/wp-json\/wp\/v2\/types\/page"}],"author":[{"embeddable":true,"href":"https:\/\/pos.uel.br\/estruturas\/wp-json\/wp\/v2\/users\/7"}],"replies":[{"embeddable":true,"href":"https:\/\/pos.uel.br\/estruturas\/wp-json\/wp\/v2\/comments?post=89"}],"version-history":[{"count":5,"href":"https:\/\/pos.uel.br\/estruturas\/wp-json\/wp\/v2\/pages\/89\/revisions"}],"predecessor-version":[{"id":100,"href":"https:\/\/pos.uel.br\/estruturas\/wp-json\/wp\/v2\/pages\/89\/revisions\/100"}],"wp:attachment":[{"href":"https:\/\/pos.uel.br\/estruturas\/wp-json\/wp\/v2\/media?parent=89"}],"curies":[{"name":"wp","href":"https:\/\/api.w.org\/{rel}","templated":true}]}}