{"id":72,"date":"2025-08-07T16:12:08","date_gmt":"2025-08-07T19:12:08","guid":{"rendered":"https:\/\/pos.uel.br\/estruturas\/?page_id=72"},"modified":"2026-03-16T10:09:23","modified_gmt":"2026-03-16T13:09:23","slug":"turma-2025-1","status":"publish","type":"page","link":"https:\/\/pos.uel.br\/estruturas\/turma-2025-1\/","title":{"rendered":"Turma 2026\/1"},"content":{"rendered":"\n<p>Acesse aqui <strong>Calend\u00e1rio das aulas do primeiro semestre <strong>CURSO de ESPECIALIZA\u00c7\u00c3O<\/strong><\/strong> <strong>em ENGENHARIA DE ESTRUTURAS TURMA 2026\/1<\/strong> : <\/p>\n\n\n\n<div class=\"wp-block-file\"><a id=\"wp-block-file--media-313e4763-9705-469f-b081-a9c05b25b63c\" href=\"https:\/\/pos.uel.br\/estruturas\/wp-content\/uploads\/2026\/03\/Calendario-CURSO-ESPECIALIZACAO-2026-1-1.pdf\">Calend\u00e1rio CURSO ESPECIALIZA\u00c7\u00c3O 2026-1<\/a><a href=\"https:\/\/pos.uel.br\/estruturas\/wp-content\/uploads\/2026\/03\/Calendario-CURSO-ESPECIALIZACAO-2026-1-1.pdf\" class=\"wp-block-file__button wp-element-button\" download aria-describedby=\"wp-block-file--media-313e4763-9705-469f-b081-a9c05b25b63c\">Baixar<\/a><\/div>\n\n\n\n<p>Acesse o <strong>EDITAL de RESULTADO do CURSO de ESPECIALIZA\u00c7\u00c3O em ENGENHARIA DE ESTRUTURAS<\/strong> abaixo:<\/p>\n\n\n\n<div class=\"wp-block-file\"><a id=\"wp-block-file--media-e5ff6d85-905e-40c6-848e-7ed4d8e3fd02\" href=\"https:\/\/pos.uel.br\/estruturas\/wp-content\/uploads\/2026\/03\/RESULTADO-Engenharia-de-Estruturas.pdf\">RESULTADO &#8211; Engenharia de Estruturas<\/a><a href=\"https:\/\/pos.uel.br\/estruturas\/wp-content\/uploads\/2026\/03\/RESULTADO-Engenharia-de-Estruturas.pdf\" class=\"wp-block-file__button wp-element-button\" download aria-describedby=\"wp-block-file--media-e5ff6d85-905e-40c6-848e-7ed4d8e3fd02\">Baixar<\/a><\/div>\n\n\n\n<p><\/p>\n\n\n\n<p>Acesse o <strong>EDITAL de ABERTURA do CURSO de ESPECIALIZA\u00c7\u00c3O em ENGENHARIA DE ESTRUTURAS<\/strong> abaixo:<\/p>\n\n\n\n<div class=\"wp-block-file\"><a id=\"wp-block-file--media-2c69e848-3258-4e4b-9cd4-cea039487959\" href=\"https:\/\/pos.uel.br\/estruturas\/wp-content\/uploads\/2025\/10\/2026-1-Engenharia-de-Estruturas-3.pdf\">2026-1 &#8211; Engenharia de Estruturas<\/a><a href=\"https:\/\/pos.uel.br\/estruturas\/wp-content\/uploads\/2025\/10\/2026-1-Engenharia-de-Estruturas-3.pdf\" class=\"wp-block-file__button wp-element-button\" download aria-describedby=\"wp-block-file--media-2c69e848-3258-4e4b-9cd4-cea039487959\">Baixar<\/a><\/div>\n\n\n\n<p>Inscri\u00e7\u00f5es e Upload dos Documentos:&nbsp;<strong>05\/11\/2025 a 20\/02\/2026<\/strong><\/p>\n\n\n\n<p><\/p>\n\n\n\n<p>Para fazer a inscri\u00e7\u00e3o clique em<strong> <a href=\"https:\/\/sistemas.uel.br\/portaldepos\/inscricao\/listarCursos?nvCurso=1&amp;sqNivel=1\">saiba mais<\/a><\/strong>.<\/p>\n\n\n\n<p><strong>Selecionar o centro CTU (pg. 6) \/ selecione o curso &#8220;Engenharia de Estruturas&#8221; \/ Clique em AVAN\u00c7AR<\/strong><\/p>\n\n\n\n<p><\/p>\n\n\n\n<p>Valor do curso:&nbsp;<strong>18 x R$ 285,00<\/strong><\/p>\n\n\n\n<p>N\u00famero de vagas:&nbsp;<strong>at\u00e9 100&nbsp;vagas<\/strong><\/p>\n\n\n\n<p>Crit\u00e9rios de Avalia\u00e7\u00e3o:<\/p>\n\n\n\n<ul class=\"wp-block-list\">\n<li>An\u00e1lise de Curr\u00edculo (Classificat\u00f3rio)<\/li>\n\n\n\n<li>An\u00e1lise de Hist\u00f3rico Escolar de Gradua\u00e7\u00e3o (Classificat\u00f3rio)<\/li>\n<\/ul>\n\n\n\n<ul class=\"wp-block-list\">\n<li>Divulga\u00e7\u00e3o do Resultado da Sele\u00e7\u00e3o:<strong>&nbsp;02\/03\/2026 a partir das 17:00hs<\/strong><\/li>\n\n\n\n<li>Per\u00edodo de Matr\u00edcula via Web e Entrega de Documentos:&nbsp;<strong>03-05<\/strong><strong>\/03\/2026<\/strong><\/li>\n<\/ul>\n\n\n\n<h5 class=\"wp-block-heading\">CRIT\u00c9RIOS DE AVALIA\u00c7\u00c3O<\/h5>\n\n\n\n<p>Para a classifica\u00e7\u00e3o dos(as) candidatos(as) inscritos(as) no curso de Especializa\u00e7\u00e3o de Estruturas ser\u00e3o considerados: An\u00e1lise do curr\u00edculo, &nbsp;e An\u00e1lise do Hist\u00f3rico de Gradua\u00e7\u00e3o.<\/p>\n\n\n\n<p><strong><u>Sobre a An\u00e1lise do Curr\u00edculo:<\/u><\/strong><\/p>\n\n\n\n<p>Dentre os itens a serem analisados, destacam-se:<\/p>\n\n\n\n<p>a) Experi\u00eancia profissional na \u00e1rea de Estruturas.<\/p>\n\n\n\n<p>b) Cursos de forma\u00e7\u00e3o continuada na \u00e1rea de Estruturas.<\/p>\n\n\n\n<p>c) Tema do TCC de gradua\u00e7\u00e3o na \u00e1rea de Estruturas.<\/p>\n\n\n\n<p>d) Est\u00e1gio na \u00e1rea de Estruturas.<\/p>\n\n\n\n<p>e) Participa\u00e7\u00e3o em projetos de pesquisa, ensino e extens\u00e3o na \u00e1rea de Estruturas.<\/p>\n\n\n\n<p>f)&nbsp; Inicia\u00e7\u00e3o cient\u00edfica na \u00e1rea de Estruturas.<\/p>\n\n\n\n<p>g) Hist\u00f3rico escolar de gradua\u00e7\u00e3o e p\u00f3s-gradua\u00e7\u00e3o, nas disciplinas da \u00e1rea de Estruturas.<\/p>\n\n\n\n<h5 class=\"wp-block-heading\">OUTRAS INFORMA\u00c7\u00d5ES<\/h5>\n\n\n\n<p>As aulas ser\u00e3o remotas s\u00edncronas, preferencialmente quinzenais (nas Ter\u00e7as-feiras das 19:00-23:00hs, Quintas -feiras das 19:00-23:00hs e S\u00e1bados das 8:00-12:00hs).<\/p>\n\n\n\n<p><\/p>\n\n\n\n<p><\/p>\n","protected":false},"excerpt":{"rendered":"<p>Acesse aqui Calend\u00e1rio das aulas do primeiro semestre CURSO de ESPECIALIZA\u00c7\u00c3O em ENGENHARIA DE ESTRUTURAS TURMA 2026\/1 : Acesse o EDITAL de RESULTADO do CURSO de ESPECIALIZA\u00c7\u00c3O em ENGENHARIA DE ESTRUTURAS abaixo: Acesse o EDITAL de ABERTURA do CURSO de ESPECIALIZA\u00c7\u00c3O em ENGENHARIA DE ESTRUTURAS abaixo: Inscri\u00e7\u00f5es e Upload dos Documentos:&nbsp;05\/11\/2025 a 20\/02\/2026 Para fazer [&hellip;]<\/p>\n","protected":false},"author":7,"featured_media":0,"parent":0,"menu_order":0,"comment_status":"closed","ping_status":"closed","template":"","meta":{"_themeisle_gutenberg_block_has_review":false,"footnotes":""},"class_list":["post-72","page","type-page","status-publish","hentry"],"acf":[],"_links":{"self":[{"href":"https:\/\/pos.uel.br\/estruturas\/wp-json\/wp\/v2\/pages\/72","targetHints":{"allow":["GET"]}}],"collection":[{"href":"https:\/\/pos.uel.br\/estruturas\/wp-json\/wp\/v2\/pages"}],"about":[{"href":"https:\/\/pos.uel.br\/estruturas\/wp-json\/wp\/v2\/types\/page"}],"author":[{"embeddable":true,"href":"https:\/\/pos.uel.br\/estruturas\/wp-json\/wp\/v2\/users\/7"}],"replies":[{"embeddable":true,"href":"https:\/\/pos.uel.br\/estruturas\/wp-json\/wp\/v2\/comments?post=72"}],"version-history":[{"count":20,"href":"https:\/\/pos.uel.br\/estruturas\/wp-json\/wp\/v2\/pages\/72\/revisions"}],"predecessor-version":[{"id":165,"href":"https:\/\/pos.uel.br\/estruturas\/wp-json\/wp\/v2\/pages\/72\/revisions\/165"}],"wp:attachment":[{"href":"https:\/\/pos.uel.br\/estruturas\/wp-json\/wp\/v2\/media?parent=72"}],"curies":[{"name":"wp","href":"https:\/\/api.w.org\/{rel}","templated":true}]}}