{"id":32,"date":"2025-08-07T11:00:14","date_gmt":"2025-08-07T14:00:14","guid":{"rendered":"https:\/\/pos.uel.br\/estruturas\/?page_id=32"},"modified":"2025-08-07T14:48:17","modified_gmt":"2025-08-07T17:48:17","slug":"infraestrutura","status":"publish","type":"page","link":"https:\/\/pos.uel.br\/estruturas\/infraestrutura\/","title":{"rendered":"Infraestrutura"},"content":{"rendered":"\n<h5 class=\"wp-block-heading\">Laborat\u00f3rio de Inform\u00e1tica<\/h5>\n\n\n\n<p>O Laborat\u00f3rio disponibiliza equipamentos para atender alunos e professores dos Cursos de Arquitetura e Urbanismo, Engenharia Civil e Engenharia El\u00e9trica e outros Cursos da Universidade, que utilizam Programas como AUTOCAD, REVIT, TQS, Matlab e Spice, espec\u00edficos dessas \u00e1reas.<\/p>\n\n\n\n<h5 class=\"wp-block-heading\">Laborat\u00f3rio de Estruturas\u00a0<\/h5>\n\n\n\n<h6 class=\"wp-block-heading\">Sala de Teleconfer\u00eancias<\/h6>\n\n\n\n<p>A sala de confer\u00eancia conta com equipamentos multim\u00eddia e para teleconfer\u00eancias, sendo o local utilizado para as aulas do Curso de Especializa\u00e7\u00e3o em Engenharia de Estruturas, apresenta\u00e7\u00f5es de monografias e demais atividades.<\/p>\n\n\n\n<h6 class=\"wp-block-heading\">\u00a0NEPEA<\/h6>\n\n\n\n<p>O que \u00e9 o NEPEA: \u00c9 um N\u00facleo de Estudos e Pesquisa de Engenharia e Arquitetura, ligado ao Centro de Tecnologia e Urbanismo da Universidade Estadual de Londrina, consiste em um \u00f3rg\u00e3o de apoio e divulga\u00e7\u00e3o das atividades de pesquisa, ensino e extens\u00e3o dos cursos de Engenharia Civil, Arquitetura e Urbanismo e Engenharia El\u00e9trica.&nbsp;Agrega discentes e docentes em atividades afins, atrav\u00e9s de colabora\u00e7\u00e3o entre grupos de pesquisa, programas de extens\u00e3o, atividades acad\u00eamicas interdisciplinares, laborat\u00f3rios e Escrit\u00f3rio Modelo.<\/p>\n\n\n\n<p><strong>Hist\u00f3ria<\/strong>: O NEPEA \u00e9 origin\u00e1rio do Escrit\u00f3rio T\u00e9cnico (1985 \u2013 1988), SETEA (1988 \u2013 1990) e ETEA (1991 \u2013 1995), onde os objetivos eram o desenvolvimento de programas para o atendimento da comunidade externa e interna. Em 1995, com a diversifica\u00e7\u00e3o das atividades, criou-se o NEPEA com a finalidade de apoiar as atividades acad\u00eamicas (Pesquisa, Extens\u00e3o e Ensino), destacando-se em projetos de extens\u00e3o junto \u00e0 comunidade.<\/p>\n\n\n\n<p><\/p>\n","protected":false},"excerpt":{"rendered":"<p>Laborat\u00f3rio de Inform\u00e1tica O Laborat\u00f3rio disponibiliza equipamentos para atender alunos e professores dos Cursos de Arquitetura e Urbanismo, Engenharia Civil e Engenharia El\u00e9trica e outros Cursos da Universidade, que utilizam Programas como AUTOCAD, REVIT, TQS, Matlab e Spice, espec\u00edficos dessas \u00e1reas. Laborat\u00f3rio de Estruturas\u00a0 Sala de Teleconfer\u00eancias A sala de confer\u00eancia conta com equipamentos multim\u00eddia [&hellip;]<\/p>\n","protected":false},"author":7,"featured_media":0,"parent":0,"menu_order":0,"comment_status":"closed","ping_status":"closed","template":"","meta":{"_themeisle_gutenberg_block_has_review":false,"footnotes":""},"class_list":["post-32","page","type-page","status-publish","hentry"],"acf":[],"_links":{"self":[{"href":"https:\/\/pos.uel.br\/estruturas\/wp-json\/wp\/v2\/pages\/32","targetHints":{"allow":["GET"]}}],"collection":[{"href":"https:\/\/pos.uel.br\/estruturas\/wp-json\/wp\/v2\/pages"}],"about":[{"href":"https:\/\/pos.uel.br\/estruturas\/wp-json\/wp\/v2\/types\/page"}],"author":[{"embeddable":true,"href":"https:\/\/pos.uel.br\/estruturas\/wp-json\/wp\/v2\/users\/7"}],"replies":[{"embeddable":true,"href":"https:\/\/pos.uel.br\/estruturas\/wp-json\/wp\/v2\/comments?post=32"}],"version-history":[{"count":5,"href":"https:\/\/pos.uel.br\/estruturas\/wp-json\/wp\/v2\/pages\/32\/revisions"}],"predecessor-version":[{"id":58,"href":"https:\/\/pos.uel.br\/estruturas\/wp-json\/wp\/v2\/pages\/32\/revisions\/58"}],"wp:attachment":[{"href":"https:\/\/pos.uel.br\/estruturas\/wp-json\/wp\/v2\/media?parent=32"}],"curies":[{"name":"wp","href":"https:\/\/api.w.org\/{rel}","templated":true}]}}