{"id":16,"date":"2025-08-07T10:44:29","date_gmt":"2025-08-07T13:44:29","guid":{"rendered":"https:\/\/pos.uel.br\/estruturas\/?page_id=16"},"modified":"2025-08-07T14:12:47","modified_gmt":"2025-08-07T17:12:47","slug":"corpo-docente","status":"publish","type":"page","link":"https:\/\/pos.uel.br\/estruturas\/corpo-docente\/","title":{"rendered":"Corpo Docente"},"content":{"rendered":"\n<p>O Corpo Docente do Curso de Especializa\u00e7\u00e3o em Engenharia de Estruturas \u00e9 composto por Mestres e Doutores vinculados a grandes institui\u00e7\u00f5es de Ensino Superior, sendo refer\u00eancia em suas \u00e1reas de atua\u00e7\u00e3o, al\u00e9m de Profissionais reconhecidos no mercado por sua experi\u00eancia e conhecimento na \u00e1rea de atua\u00e7\u00e3o.<\/p>\n\n\n\n<figure class=\"wp-block-table is-style-stripes has-small-font-size\"><table class=\"has-fixed-layout\"><thead><tr><th>DOCENTE<\/th><th>TITULA\u00c7\u00c3O<\/th><th>INSTITUI\u00c7\u00c3O<\/th><\/tr><\/thead><tbody><tr><td><a href=\"http:\/\/lattes.cnpq.br\/3228405841684399\">ACIR M\u00c9RCIO LOREDO-SOUZA<\/a><\/td><td>DOUTOR<\/td><td>UFRGS<\/td><\/tr><tr><td><a href=\"http:\/\/lattes.cnpq.br\/1615183881410229\">ANDR\u00c9 CAMPOS DE MOURA<\/a><\/td><td>DOUTOR<\/td><td>UEL<\/td><\/tr><tr><td><a href=\"http:\/\/lattes.cnpq.br\/1543643691353412\">ANDR\u00c9S BATISTA CHEUNG<\/a><\/td><td>DOUTOR<\/td><td>UFMS<\/td><\/tr><tr><td><a href=\"http:\/\/lattes.cnpq.br\/2009200322736198\">CARLOS JOS\u00c9 MARQUES DA COSTA BRANCO<\/a><\/td><td>DOUTOR<\/td><td>UEL<\/td><\/tr><tr><td><a href=\"http:\/\/lattes.cnpq.br\/1329921781065660\">CARLOS HENRIQUE MAIOLA<\/a><\/td><td>DOUTOR<\/td><td>UEL<\/td><\/tr><tr><td><a href=\"http:\/\/lattes.cnpq.br\/8620676279023053\">DANIEL HENRIQUE FIDELIS PEREIRA<\/a><\/td><td>MESTRE&nbsp;<\/td><td>Profissional<\/td><\/tr><tr><td><a href=\"http:\/\/lattes.cnpq.br\/3759562016480325\">GABRIEL TRINDADE CAVIGLIONE<\/a><\/td><td>MESTRE<\/td><td>UEL<\/td><\/tr><tr><td><a href=\"http:\/\/lattes.cnpq.br\/1608582960000724\">GILBERTO CARBONARI<\/a><\/td><td>DOUTOR<\/td><td>UEL<\/td><\/tr><tr><td><a href=\"http:\/\/lattes.cnpq.br\/4403149779819404\">JORGE BOUNASSAR FILHO<\/a><\/td><td>DOUTOR<\/td><td>UEL<\/td><\/tr><tr><td><a href=\"http:\/\/lattes.cnpq.br\/2825300870372722\">LUCAS AUGUSTO MILANI LOPES<\/a><\/td><td>MESTRE<\/td><td>Profissional<\/td><\/tr><tr><td><a href=\"http:\/\/lattes.cnpq.br\/0363564356823202\">LUCIANE MARCELA FILIZOLA DE OLIVEIRA<\/a><\/td><td>DOUTORA<\/td><td>UEL<\/td><\/tr><tr><td><a href=\"http:\/\/lattes.cnpq.br\/3555448592210050\">LUIZ \u00c1LVARO DE OLIVEIRA J\u00daNIOR<\/a><\/td><td>DOUTOR<\/td><td>PUC-Goi\u00e1s<\/td><\/tr><tr><td><a href=\"http:\/\/lattes.cnpq.br\/0854442313369239\">MARCOS VIN\u00cdCIO DE CAMARGO<\/a><\/td><td>MESTRE<\/td><td>UTFPR<\/td><\/tr><tr><td><a href=\"http:\/\/lattes.cnpq.br\/5055082131576710\">RICHARD CUEVAS<\/a><\/td><td>MESTRE<\/td><td>Profissional<\/td><\/tr><tr><td><a href=\"http:\/\/lattes.cnpq.br\/7320546420322952\">THOMAS GARCIA CARMONA<\/a><\/td><td>MESTRE<\/td><td>Profissional<\/td><\/tr><tr><td>VITOR HUGO GARBIN<\/td><td>&nbsp;<\/td><td>&nbsp;<\/td><\/tr><\/tbody><\/table><\/figure>\n\n\n\n<p><strong>DOCENTES EVENTUAIS<\/strong><\/p>\n\n\n\n<p>Os docentes abaixo relacionados j\u00e1 ministraram disciplinas ou m\u00f3dulos para o curso de Especializa\u00e7\u00e3o em Engenharia de Estruturas, al\u00e9m de cursos de extens\u00e3o universit\u00e1ria em parceria com o curso.<\/p>\n\n\n\n<figure class=\"wp-block-table is-style-stripes has-small-font-size\"><table class=\"has-fixed-layout\"><thead><tr><th>DOCENTE<\/th><th>TITULA\u00c7\u00c3O<\/th><th>INSTITUI\u00c7\u00c3O<\/th><\/tr><\/thead><tbody><tr><td><a href=\"http:\/\/lattes.cnpq.br\/8088036880949751\">BERENICE MARTINS TORALLES<\/a><\/td><td>DOUTURA<\/td><td>UEL<\/td><\/tr><tr><td>CARLOS HENRIQUE SIQUEIRA<\/td><td>DOUTOR<\/td><td>Profissional<\/td><\/tr><tr><td>\ufeff<a href=\"http:\/\/lattes.cnpq.br\/3356556996437919\">CESAR BALLAROTTI<\/a><a>\ufeff<\/a><\/td><td>DOUTOR<\/td><td>UEL<\/td><\/tr><tr><td>\ufeff<a href=\"http:\/\/lattes.cnpq.br\/1706006778777018\">LUIZ ANTONIO SOARES DE SOUZA<\/a><a>\ufeff<\/a><\/td><td>DOUTOR<\/td><td>UEL<\/td><\/tr><tr><td>TATYANA BYCZKOVSKI FERREIRA<\/td><td>ESPECIALISTA<\/td><td>Profissional<\/td><\/tr><tr><td>\ufeffVALDIR ZERBINATTI<a>\ufeff<\/a><\/td><td>ESPECIALISTA<\/td><td>Profissional<\/td><\/tr><tr><td>\ufeff<a href=\"http:\/\/lattes.cnpq.br\/3747429422395320\">VITOR FAUSTINO PEREIRA<\/a><a>\ufeff<\/a><\/td><td>MESTRE<\/td><td>Profissional<\/td><\/tr><\/tbody><\/table><\/figure>\n\n\n\n<div class=\"wp-block-columns is-layout-flex wp-container-core-columns-is-layout-9d6595d7 wp-block-columns-is-layout-flex\">\n<div class=\"wp-block-column is-layout-flow wp-block-column-is-layout-flow\"><\/div>\n<\/div>\n","protected":false},"excerpt":{"rendered":"<p>O Corpo Docente do Curso de Especializa\u00e7\u00e3o em Engenharia de Estruturas \u00e9 composto por Mestres e Doutores vinculados a grandes institui\u00e7\u00f5es de Ensino Superior, sendo refer\u00eancia em suas \u00e1reas de atua\u00e7\u00e3o, al\u00e9m de Profissionais reconhecidos no mercado por sua experi\u00eancia e conhecimento na \u00e1rea de atua\u00e7\u00e3o. DOCENTE TITULA\u00c7\u00c3O INSTITUI\u00c7\u00c3O ACIR M\u00c9RCIO LOREDO-SOUZA DOUTOR UFRGS ANDR\u00c9 [&hellip;]<\/p>\n","protected":false},"author":7,"featured_media":0,"parent":0,"menu_order":0,"comment_status":"closed","ping_status":"closed","template":"","meta":{"_themeisle_gutenberg_block_has_review":false,"footnotes":""},"class_list":["post-16","page","type-page","status-publish","hentry"],"acf":[],"_links":{"self":[{"href":"https:\/\/pos.uel.br\/estruturas\/wp-json\/wp\/v2\/pages\/16","targetHints":{"allow":["GET"]}}],"collection":[{"href":"https:\/\/pos.uel.br\/estruturas\/wp-json\/wp\/v2\/pages"}],"about":[{"href":"https:\/\/pos.uel.br\/estruturas\/wp-json\/wp\/v2\/types\/page"}],"author":[{"embeddable":true,"href":"https:\/\/pos.uel.br\/estruturas\/wp-json\/wp\/v2\/users\/7"}],"replies":[{"embeddable":true,"href":"https:\/\/pos.uel.br\/estruturas\/wp-json\/wp\/v2\/comments?post=16"}],"version-history":[{"count":3,"href":"https:\/\/pos.uel.br\/estruturas\/wp-json\/wp\/v2\/pages\/16\/revisions"}],"predecessor-version":[{"id":53,"href":"https:\/\/pos.uel.br\/estruturas\/wp-json\/wp\/v2\/pages\/16\/revisions\/53"}],"wp:attachment":[{"href":"https:\/\/pos.uel.br\/estruturas\/wp-json\/wp\/v2\/media?parent=16"}],"curies":[{"name":"wp","href":"https:\/\/api.w.org\/{rel}","templated":true}]}}