{"id":11,"date":"2025-08-07T10:41:14","date_gmt":"2025-08-07T13:41:14","guid":{"rendered":"https:\/\/pos.uel.br\/estruturas\/?page_id=11"},"modified":"2025-08-07T16:26:08","modified_gmt":"2025-08-07T19:26:08","slug":"contatos","status":"publish","type":"page","link":"https:\/\/pos.uel.br\/estruturas\/contatos\/","title":{"rendered":"Contatos"},"content":{"rendered":"\n<p><strong>SECRETARIA DE P\u00d3S GRADUA\u00c7\u00c3O &#8211; CTU<br><\/strong>posctu@uel.br\u00a0&#8211; (43) 3371-4727<br>Atendimento: Segunda a Sexta-Feira &#8211; 08h00\/12h00 e 14h00\/18h00<\/p>\n\n\n\n<p><strong>COORDENA\u00c7\u00c3O:<\/strong><br>Professora. Dr\u00aa. Luciane Marcela Filizola de Oliveira<br>filizola@uel.br<\/p>\n\n\n\n<p><\/p>\n","protected":false},"excerpt":{"rendered":"<p>SECRETARIA DE P\u00d3S GRADUA\u00c7\u00c3O &#8211; CTUposctu@uel.br\u00a0&#8211; (43) 3371-4727Atendimento: Segunda a Sexta-Feira &#8211; 08h00\/12h00 e 14h00\/18h00 COORDENA\u00c7\u00c3O:Professora. Dr\u00aa. Luciane Marcela Filizola de Oliveirafilizola@uel.br<\/p>\n","protected":false},"author":7,"featured_media":0,"parent":0,"menu_order":0,"comment_status":"closed","ping_status":"closed","template":"","meta":{"_themeisle_gutenberg_block_has_review":false,"footnotes":""},"class_list":["post-11","page","type-page","status-publish","hentry"],"acf":[],"_links":{"self":[{"href":"https:\/\/pos.uel.br\/estruturas\/wp-json\/wp\/v2\/pages\/11","targetHints":{"allow":["GET"]}}],"collection":[{"href":"https:\/\/pos.uel.br\/estruturas\/wp-json\/wp\/v2\/pages"}],"about":[{"href":"https:\/\/pos.uel.br\/estruturas\/wp-json\/wp\/v2\/types\/page"}],"author":[{"embeddable":true,"href":"https:\/\/pos.uel.br\/estruturas\/wp-json\/wp\/v2\/users\/7"}],"replies":[{"embeddable":true,"href":"https:\/\/pos.uel.br\/estruturas\/wp-json\/wp\/v2\/comments?post=11"}],"version-history":[{"count":4,"href":"https:\/\/pos.uel.br\/estruturas\/wp-json\/wp\/v2\/pages\/11\/revisions"}],"predecessor-version":[{"id":88,"href":"https:\/\/pos.uel.br\/estruturas\/wp-json\/wp\/v2\/pages\/11\/revisions\/88"}],"wp:attachment":[{"href":"https:\/\/pos.uel.br\/estruturas\/wp-json\/wp\/v2\/media?parent=11"}],"curies":[{"name":"wp","href":"https:\/\/api.w.org\/{rel}","templated":true}]}}