{"id":740,"date":"2025-05-05T16:46:00","date_gmt":"2025-05-05T19:46:00","guid":{"rendered":"https:\/\/pos.uel.br\/estado\/?page_id=740"},"modified":"2025-10-20T09:20:33","modified_gmt":"2025-10-20T12:20:33","slug":"corpo-docente","status":"publish","type":"page","link":"https:\/\/pos.uel.br\/estado\/corpo-docente\/","title":{"rendered":"Corpo Docente"},"content":{"rendered":"\n<p><strong>Rela\u00e7\u00e3o de Professores do Curso de Direito do Estado<\/strong><\/p>\n\n\n\n<figure class=\"wp-block-table is-style-stripes has-small-font-size\"><table class=\"has-fixed-layout\"><tbody><tr><td>Dra. Ana Fl\u00e1via Messa<\/td><\/tr><tr><td>Ms. Antonio Carlos Lovato<\/td><\/tr><tr><td>Dr. Antonio Arnaldo Godoy<\/td><\/tr><tr><td>Dr. Benedicto de Souza Mello Neto<\/td><\/tr><tr><td>Dr. Bianco Zalmora Garcia<\/td><\/tr><tr><td>Dra. Erika Juliana Dimitruk<\/td><\/tr><tr><td>Dr. Luiz Henrique Urquhart Cademartori<\/td><\/tr><tr><td>Dr. Carlos Renato Cunha<\/td><\/tr><tr><td>Ms. Temis Chenso da Silva Rabelo Pedroso<\/td><\/tr><tr><td>Dr. Eduardo Saldanha<\/td><\/tr><tr><td>Dr. Elve Miguel Cenci<\/td><\/tr><tr><td>Ms. Guilherme de Salles Gon\u00e7alves<\/td><\/tr><tr><td>Dra. Irene Patricia Nohara<\/td><\/tr><tr><td>Dr. Jo\u00e3o Luiz Martins Esteves<\/td><\/tr><tr><td>Dr. Jos\u00e9 Eduardo Faria<\/td><\/tr><tr><td>Ms. Klaus Eduardo Marques<\/td><\/tr><tr><td>Ms. Leandro Jos\u00e9 Casadio<\/td><\/tr><tr><td>Dr. Marcelo de Lima Castro Diniz<\/td><\/tr><tr><td>Dra. Karlin Olbertz Niebuhr<\/td><\/tr><tr><td>Dr. Marcos Antonio Striquer Soares<\/td><\/tr><tr><td>Dra. Marlene Kempfer<\/td><\/tr><tr><td>Dra. Patricia Ayub da Costa<\/td><\/tr><tr><td>Dr. Ren\u00ea Erick Sampar<\/td><\/tr><tr><td>Dra. Soraya Regina Gasparetto Lunardi<\/td><\/tr><tr><td>Dra. T\u00e2nia Lobo Muniz<\/td><\/tr><tr><td>Dr. Thiago dos Santos Acca<\/td><\/tr><tr><td>Ms. Thiago Degelo Vinha<\/td><\/tr><tr><td>Dr. Walter Claudius Rothenburg<\/td><\/tr><\/tbody><\/table><\/figure>\n","protected":false},"excerpt":{"rendered":"<p>Rela\u00e7\u00e3o de Professores do Curso de Direito do Estado Dra. Ana Fl\u00e1via Messa Ms. Antonio Carlos Lovato Dr. Antonio Arnaldo Godoy Dr. Benedicto de Souza Mello Neto Dr. Bianco Zalmora Garcia Dra. Erika Juliana Dimitruk Dr. Luiz Henrique Urquhart Cademartori Dr. Carlos Renato Cunha Ms. Temis Chenso da Silva Rabelo Pedroso Dr. Eduardo Saldanha Dr. [&hellip;]<\/p>\n","protected":false},"author":8,"featured_media":0,"parent":0,"menu_order":0,"comment_status":"closed","ping_status":"closed","template":"","meta":{"_acf_changed":false,"_themeisle_gutenberg_block_has_review":false,"footnotes":""},"class_list":["post-740","page","type-page","status-publish","hentry"],"acf":[],"_links":{"self":[{"href":"https:\/\/pos.uel.br\/estado\/wp-json\/wp\/v2\/pages\/740","targetHints":{"allow":["GET"]}}],"collection":[{"href":"https:\/\/pos.uel.br\/estado\/wp-json\/wp\/v2\/pages"}],"about":[{"href":"https:\/\/pos.uel.br\/estado\/wp-json\/wp\/v2\/types\/page"}],"author":[{"embeddable":true,"href":"https:\/\/pos.uel.br\/estado\/wp-json\/wp\/v2\/users\/8"}],"replies":[{"embeddable":true,"href":"https:\/\/pos.uel.br\/estado\/wp-json\/wp\/v2\/comments?post=740"}],"version-history":[{"count":8,"href":"https:\/\/pos.uel.br\/estado\/wp-json\/wp\/v2\/pages\/740\/revisions"}],"predecessor-version":[{"id":873,"href":"https:\/\/pos.uel.br\/estado\/wp-json\/wp\/v2\/pages\/740\/revisions\/873"}],"wp:attachment":[{"href":"https:\/\/pos.uel.br\/estado\/wp-json\/wp\/v2\/media?parent=740"}],"curies":[{"name":"wp","href":"https:\/\/api.w.org\/{rel}","templated":true}]}}