{"id":736,"date":"2025-05-05T16:44:49","date_gmt":"2025-05-05T19:44:49","guid":{"rendered":"https:\/\/pos.uel.br\/estado\/?page_id=736"},"modified":"2025-05-06T13:23:42","modified_gmt":"2025-05-06T16:23:42","slug":"estrutura-curricular","status":"publish","type":"page","link":"https:\/\/pos.uel.br\/estado\/estrutura-curricular\/","title":{"rendered":"Estrutura Curricular"},"content":{"rendered":"\n<p>O Curso ter\u00e1 a dura\u00e7\u00e3o de 420 (quatrocentas e vinte) horas, correspondentes a 28 (vinte e oito) cr\u00e9ditos, a serem desenvolvidos em 3 (tr\u00eas) per\u00edodos letivos.<\/p>\n\n\n\n<figure class=\"wp-block-table is-style-stripes has-small-font-size\"><table class=\"has-fixed-layout\"><tbody><tr><td>&nbsp;<\/td><td><strong>I \u2013 M\u00d3DULO PROPED\u00caUTICO (exigem-se 07 cr\u00e9ditos)<\/strong>&nbsp; &nbsp;<\/td><td>Cr\u00e9ditos<\/td><td>C.H.<\/td><\/tr><tr><td>2PUB460<\/td><td>Direito, Estado, Economia e Governan\u00e7a<\/td><td>02<\/td><td>30 h<\/td><\/tr><tr><td>2PUB461<\/td><td>Estado na Constitui\u00e7\u00e3o<\/td><td>04<\/td><td>60 h<\/td><\/tr><tr><td>2PUB181<\/td><td>T\u00f3picos Avan\u00e7ados de Direito do Estado I<\/td><td>01<\/td><td>15 h<\/td><\/tr><tr><td>&nbsp;<\/td><td>&nbsp;<\/td><td>&nbsp;<\/td><td>&nbsp;<\/td><\/tr><tr><td>&nbsp;<\/td><td><strong>II \u2013 M\u00d3DULO: Estado Contempor\u00e2neo, suas Rela\u00e7\u00f5es e Regula\u00e7\u00f5es (exigem-se 14 cr\u00e9ditos)<\/strong><\/td><td>Cr\u00e9ditos<\/td><td>C. H.<\/td><\/tr><tr><td>2PUB462<\/td><td>Desafios dos Direitos Fundamentais<\/td><td>02<\/td><td>30 h<\/td><\/tr><tr><td>2PUB463<\/td><td>Direito Constitucional Internacional<\/td><td>02<\/td><td>30 h<\/td><\/tr><tr><td>2PUB464<\/td><td>Regula\u00e7\u00e3o, Tecnologia e Inova\u00e7\u00e3o<\/td><td>02<\/td><td>30 h<\/td><\/tr><tr><td>2PUB465<\/td><td>Administra\u00e7\u00e3o P\u00fablica<\/td><td>04<\/td><td>60 h<\/td><\/tr><tr><td>2PUB466<\/td><td>Tributos e Esp\u00e9cies de Tributos<\/td><td>04<\/td><td>60 h<\/td><\/tr><tr><td>&nbsp;<\/td><td>&nbsp;<\/td><td>&nbsp;<\/td><td>&nbsp;<\/td><\/tr><tr><td>&nbsp;<\/td><td><strong>III \u2013 M\u00d3DULO: Estado, Processo e Solu\u00e7\u00e3o de Conflitos (exigem-se 07 cr\u00e9ditos)<\/strong>&nbsp;<\/td><td>Cr\u00e9ditos<\/td><td>C.H.<\/td><\/tr><tr><td>2PUB467<\/td><td>Direito Processual Constitucional<\/td><td>03<\/td><td>45 h<\/td><\/tr><tr><td>2PUB468<\/td><td>Processo Administrativo e Tribut\u00e1rio<\/td><td>02<\/td><td>30 h<\/td><\/tr><tr><td>2PUB469<\/td><td>Crimes Administrativos e Fiscais e Justi\u00e7a Acordada<\/td><td>02<\/td><td>30 h<\/td><\/tr><tr><td>&nbsp;<\/td><td>&nbsp;<\/td><td>&nbsp;<\/td><td>&nbsp;<\/td><\/tr><tr><td>&nbsp;<\/td><td><strong>IV -M\u00d3DULO: Optativas<\/strong>&nbsp; &nbsp;<\/td><td>Cr\u00e9ditos<\/td><td>C.H.<\/td><\/tr><tr><td>2PUB470<\/td><td>Pesquisa Jur\u00eddica<\/td><td>02<\/td><td>30 h<\/td><\/tr><tr><td>2PUB471<\/td><td>Did\u00e1tica do Ensino Superior<\/td><td>02<\/td><td>30 h<\/td><\/tr><tr><td>2PUB195<\/td><td>Monografia (opcional)<\/td><td>&nbsp;\u2013<\/td><td>\u2013<\/td><\/tr><\/tbody><\/table><\/figure>\n\n\n\n<p><strong>Situa\u00e7\u00e3o Institucional<\/strong><\/p>\n\n\n\n<p>Curso em conformidade com a Resolu\u00e7\u00e3o 01\/01 \u2013 CNE\/CFE, que autoriza a concess\u00e3o do t\u00edtulo de especialista.<\/p>\n\n\n\n<div class=\"wp-block-columns is-layout-flex wp-container-core-columns-is-layout-9d6595d7 wp-block-columns-is-layout-flex\">\n<div class=\"wp-block-column is-layout-flow wp-block-column-is-layout-flow\"><\/div>\n<\/div>\n","protected":false},"excerpt":{"rendered":"<p>O Curso ter\u00e1 a dura\u00e7\u00e3o de 420 (quatrocentas e vinte) horas, correspondentes a 28 (vinte e oito) cr\u00e9ditos, a serem desenvolvidos em 3 (tr\u00eas) per\u00edodos letivos. &nbsp; I \u2013 M\u00d3DULO PROPED\u00caUTICO (exigem-se 07 cr\u00e9ditos)&nbsp; &nbsp; Cr\u00e9ditos C.H. 2PUB460 Direito, Estado, Economia e Governan\u00e7a 02 30 h 2PUB461 Estado na Constitui\u00e7\u00e3o 04 60 h 2PUB181 T\u00f3picos [&hellip;]<\/p>\n","protected":false},"author":8,"featured_media":0,"parent":0,"menu_order":0,"comment_status":"closed","ping_status":"closed","template":"","meta":{"_acf_changed":false,"_themeisle_gutenberg_block_has_review":false,"footnotes":""},"class_list":["post-736","page","type-page","status-publish","hentry"],"acf":[],"_links":{"self":[{"href":"https:\/\/pos.uel.br\/estado\/wp-json\/wp\/v2\/pages\/736","targetHints":{"allow":["GET"]}}],"collection":[{"href":"https:\/\/pos.uel.br\/estado\/wp-json\/wp\/v2\/pages"}],"about":[{"href":"https:\/\/pos.uel.br\/estado\/wp-json\/wp\/v2\/types\/page"}],"author":[{"embeddable":true,"href":"https:\/\/pos.uel.br\/estado\/wp-json\/wp\/v2\/users\/8"}],"replies":[{"embeddable":true,"href":"https:\/\/pos.uel.br\/estado\/wp-json\/wp\/v2\/comments?post=736"}],"version-history":[{"count":5,"href":"https:\/\/pos.uel.br\/estado\/wp-json\/wp\/v2\/pages\/736\/revisions"}],"predecessor-version":[{"id":795,"href":"https:\/\/pos.uel.br\/estado\/wp-json\/wp\/v2\/pages\/736\/revisions\/795"}],"wp:attachment":[{"href":"https:\/\/pos.uel.br\/estado\/wp-json\/wp\/v2\/media?parent=736"}],"curies":[{"name":"wp","href":"https:\/\/api.w.org\/{rel}","templated":true}]}}