{"id":730,"date":"2025-05-05T16:38:10","date_gmt":"2025-05-05T19:38:10","guid":{"rendered":"https:\/\/pos.uel.br\/estado\/?page_id=730"},"modified":"2025-05-05T17:04:33","modified_gmt":"2025-05-05T20:04:33","slug":"localizacao","status":"publish","type":"page","link":"https:\/\/pos.uel.br\/estado\/localizacao\/","title":{"rendered":"Localiza\u00e7\u00e3o"},"content":{"rendered":"\n<p>Secretaria de P\u00f3s-Gradua\u00e7\u00e3o Lato Sensu no CESA \u2013 Centro de Estudos Sociais Aplicados:<\/p>\n\n\n\n<iframe src=\"https:\/\/www.google.com\/maps\/embed?pb=!1m18!1m12!1m3!1d3458.5789065250806!2d-51.20724272483404!3d-23.326335952999546!2m3!1f0!2f0!3f0!3m2!1i1024!2i768!4f13.1!3m3!1m2!1s0x94eb5c9e6edb06cb%3A0xad650f515f9a4cd2!2sCESA%20-%20Centro%20de%20Estudos%20Sociais%20Aplicados!5e1!3m2!1spt-BR!2sbr!4v1746475328506!5m2!1spt-BR!2sbr\" width=\"1000\" height=\"600\" style=\"border:0;\" allowfullscreen=\"\" loading=\"lazy\" referrerpolicy=\"no-referrer-when-downgrade\"><\/iframe>\n","protected":false},"excerpt":{"rendered":"<p>Secretaria de P\u00f3s-Gradua\u00e7\u00e3o Lato Sensu no CESA \u2013 Centro de Estudos Sociais Aplicados:<\/p>\n","protected":false},"author":8,"featured_media":0,"parent":0,"menu_order":0,"comment_status":"closed","ping_status":"closed","template":"","meta":{"_acf_changed":false,"_themeisle_gutenberg_block_has_review":false,"footnotes":""},"class_list":["post-730","page","type-page","status-publish","hentry"],"acf":[],"_links":{"self":[{"href":"https:\/\/pos.uel.br\/estado\/wp-json\/wp\/v2\/pages\/730","targetHints":{"allow":["GET"]}}],"collection":[{"href":"https:\/\/pos.uel.br\/estado\/wp-json\/wp\/v2\/pages"}],"about":[{"href":"https:\/\/pos.uel.br\/estado\/wp-json\/wp\/v2\/types\/page"}],"author":[{"embeddable":true,"href":"https:\/\/pos.uel.br\/estado\/wp-json\/wp\/v2\/users\/8"}],"replies":[{"embeddable":true,"href":"https:\/\/pos.uel.br\/estado\/wp-json\/wp\/v2\/comments?post=730"}],"version-history":[{"count":2,"href":"https:\/\/pos.uel.br\/estado\/wp-json\/wp\/v2\/pages\/730\/revisions"}],"predecessor-version":[{"id":757,"href":"https:\/\/pos.uel.br\/estado\/wp-json\/wp\/v2\/pages\/730\/revisions\/757"}],"wp:attachment":[{"href":"https:\/\/pos.uel.br\/estado\/wp-json\/wp\/v2\/media?parent=730"}],"curies":[{"name":"wp","href":"https:\/\/api.w.org\/{rel}","templated":true}]}}