{"id":685,"date":"2025-05-05T15:44:49","date_gmt":"2025-05-05T18:44:49","guid":{"rendered":"https:\/\/pos.uel.br\/estado\/?page_id=685"},"modified":"2025-10-02T15:43:17","modified_gmt":"2025-10-02T18:43:17","slug":"sobre-o-curso","status":"publish","type":"page","link":"https:\/\/pos.uel.br\/estado\/sobre-o-curso\/","title":{"rendered":"Sobre o curso"},"content":{"rendered":"\n<p><\/p>\n\n\n\n<p class=\"has-extra-1-color has-text-color has-link-color wp-elements-cf37786cf1b1cb9376e866dd15d830c5\"><strong>OBJETIVOS<\/strong><\/p>\n\n\n\n<p>Formar especialistas aptos a operarem na \u00e1rea do Direito do Estado, com especial forma\u00e7\u00e3o em Direito Administrativo, Constitucional e Tribut\u00e1rio.<br><br>Analisar&nbsp;os principais problemas e desafios que envolvem a rela\u00e7\u00e3o entre o Direito, o Estado, a Economia e a Governan\u00e7a, bem como a tecnologia, a inova\u00e7\u00e3o e a regula\u00e7\u00e3o do Estado.<br><br>Atualizar o profissional, pondo-o em dia com as novas solu\u00e7\u00f5es elaboradas pela Justi\u00e7a acordada, pela doutrina especializada e a mais recente jurisprud\u00eancia dos tribunais superiores.<br><br>Estimular a compreens\u00e3o do Direito segundo a \u00f3tica da multidisciplinaridade, calcada no di\u00e1logo dos princ\u00edpios constitucionais com as normas administrativas e de direito material e processual.<\/p>\n\n\n\n<hr class=\"wp-block-separator has-alpha-channel-opacity is-style-wide\" \/>\n\n\n\n<p class=\"has-extra-1-color has-text-color has-link-color wp-elements-80d447ffbd528b0be3110a4d73de2cc5\"><strong>P\u00daBLICO ALVO<\/strong><\/p>\n\n\n\n<p>Poder\u00e3o candidatar-se ao Curso graduados e graduandos em Direito e \u00e1reas afins, desde que comprovem a conclus\u00e3o da gradua\u00e7\u00e3o at\u00e9 a matr\u00edcula.<\/p>\n\n\n\n<hr class=\"wp-block-separator has-alpha-channel-opacity is-style-wide\" \/>\n\n\n\n<p class=\"has-extra-1-color has-text-color has-link-color wp-elements-682c1a2d5d8dccf8539e7148b46302b4\"><strong>N\u00daMERO DE VAGAS<\/strong><\/p>\n\n\n\n<p>M\u00ednimo:&nbsp; 38 (trinta e oito)<br>M\u00e1ximo: 120 (cento e vinte)<\/p>\n\n\n\n<hr class=\"wp-block-separator has-alpha-channel-opacity is-style-wide\" \/>\n\n\n\n<p class=\"has-extra-1-color has-text-color has-link-color wp-elements-1af04e81747cb1dae785b0fa125eb937\"><strong>INVESTIMENTO<\/strong><\/p>\n\n\n\n<p>18 parcelas de R$ 390,00 (a primeira parcela, no ato da matr\u00edcula).<\/p>\n\n\n\n<hr class=\"wp-block-separator has-alpha-channel-opacity is-style-wide\" \/>\n\n\n\n<p class=\"has-extra-1-color has-text-color has-link-color wp-elements-d292a982cd549e2b16bbb0d12506bdcc\"><strong>IN\u00cdCIO E T\u00c9RMINO DAS AULAS | CURSO<\/strong><\/p>\n\n\n\n<p>In\u00edcio das aulas: 21\/03\/2026<\/p>\n\n\n\n<p>T\u00e9rmino: julho de 2027<br>As aulas s\u00e3o ministradas aos s\u00e1bados de manh\u00e3 e \u00e0 tarde. Poder\u00e3o ser realizadas aulas na sexta-feira \u00e0 noite. Totalizando 28 (vinte e oito) finais de&nbsp;&nbsp;semana com aula.<\/p>\n\n\n\n<p><strong>Aten\u00e7\u00e3o:<\/strong>&nbsp;O curso ofertado \u00e9 na modalidade \u201c<em>Remoto S\u00edncrono<\/em>\u201c, autorizado pela Resolu\u00e7\u00e3o CEPE 13\/2021 da UEL. As aulas \u201c<em>online&nbsp;<\/em>ao vivo\u201d acontecer\u00e3o at\u00e9 o final do curso,&nbsp;de acordo com normativas da Universidade.&nbsp;<br><\/p>\n\n\n\n<hr class=\"wp-block-separator has-alpha-channel-opacity is-style-wide\" \/>\n\n\n\n<h5 class=\"wp-block-heading has-primary-accent-color has-text-color has-link-color wp-elements-cec12c0234445921f0ee3442a045a44d\">Turma com in\u00edcio em 2026<\/h5>\n\n\n\n<p>Remoto S\u00edncrono.<\/p>\n\n\n\n<hr class=\"wp-block-separator has-text-color has-secondary-accent-color has-alpha-channel-opacity has-secondary-accent-background-color has-background is-style-wide\" \/>\n\n\n\n<h5 class=\"wp-block-heading has-primary-accent-color has-text-color has-link-color wp-elements-26153a125e06ad00c06ba48520887ce6\">Inscri\u00e7\u00f5es online<\/h5>\n\n\n\n<p>Realize o upload da documenta\u00e7\u00e3o somente via sistema de Inscri\u00e7\u00e3o online \u2013 Acesse o Edital de Oferta no menu INSCRI\u00c7\u00d5ES.<\/p>\n\n\n\n<hr class=\"wp-block-separator has-text-color has-secondary-accent-color has-alpha-channel-opacity has-secondary-accent-background-color has-background is-style-wide\" \/>\n\n\n\n<div class=\"wp-block-columns is-layout-flex wp-container-core-columns-is-layout-9d6595d7 wp-block-columns-is-layout-flex\">\n<div class=\"wp-block-column is-layout-flow wp-block-column-is-layout-flow\"><\/div>\n<\/div>\n\n\n\n<p><\/p>\n","protected":false},"excerpt":{"rendered":"<p>OBJETIVOS Formar especialistas aptos a operarem na \u00e1rea do Direito do Estado, com especial forma\u00e7\u00e3o em Direito Administrativo, Constitucional e Tribut\u00e1rio. Analisar&nbsp;os principais problemas e desafios que envolvem a rela\u00e7\u00e3o entre o Direito, o Estado, a Economia e a Governan\u00e7a, bem como a tecnologia, a inova\u00e7\u00e3o e a regula\u00e7\u00e3o do Estado. Atualizar o profissional, pondo-o [&hellip;]<\/p>\n","protected":false},"author":8,"featured_media":0,"parent":0,"menu_order":0,"comment_status":"closed","ping_status":"closed","template":"","meta":{"_acf_changed":false,"_themeisle_gutenberg_block_has_review":false,"footnotes":""},"class_list":["post-685","page","type-page","status-publish","hentry"],"acf":[],"_links":{"self":[{"href":"https:\/\/pos.uel.br\/estado\/wp-json\/wp\/v2\/pages\/685","targetHints":{"allow":["GET"]}}],"collection":[{"href":"https:\/\/pos.uel.br\/estado\/wp-json\/wp\/v2\/pages"}],"about":[{"href":"https:\/\/pos.uel.br\/estado\/wp-json\/wp\/v2\/types\/page"}],"author":[{"embeddable":true,"href":"https:\/\/pos.uel.br\/estado\/wp-json\/wp\/v2\/users\/8"}],"replies":[{"embeddable":true,"href":"https:\/\/pos.uel.br\/estado\/wp-json\/wp\/v2\/comments?post=685"}],"version-history":[{"count":8,"href":"https:\/\/pos.uel.br\/estado\/wp-json\/wp\/v2\/pages\/685\/revisions"}],"predecessor-version":[{"id":856,"href":"https:\/\/pos.uel.br\/estado\/wp-json\/wp\/v2\/pages\/685\/revisions\/856"}],"wp:attachment":[{"href":"https:\/\/pos.uel.br\/estado\/wp-json\/wp\/v2\/media?parent=685"}],"curies":[{"name":"wp","href":"https:\/\/api.w.org\/{rel}","templated":true}]}}