{"id":57,"date":"2025-08-08T16:05:18","date_gmt":"2025-08-08T19:05:18","guid":{"rendered":"https:\/\/pos.uel.br\/ergonomia\/?page_id=57"},"modified":"2025-12-18T16:30:14","modified_gmt":"2025-12-18T19:30:14","slug":"inscricoes","status":"publish","type":"page","link":"https:\/\/pos.uel.br\/ergonomia\/inscricoes\/","title":{"rendered":"Inscri\u00e7\u00f5es"},"content":{"rendered":"\n<div id=\"wp-block-themeisle-blocks-accordion-fb33954d\" class=\"wp-block-themeisle-blocks-accordion exclusive\">\n<details class=\"wp-block-themeisle-blocks-accordion-item\"><summary class=\"wp-block-themeisle-blocks-accordion-item__title\"><div><strong>Processo 2026\/1, per\u00edodo de inscri\u00e7\u00e3o 05 de novembro de 2025 a 24 de<br>fevereiro de 2026<\/strong><\/div><\/summary><div class=\"wp-block-themeisle-blocks-accordion-item__content\">\n<p class=\"has-primary-accent-color has-text-color has-link-color wp-elements-92e4468d85067c95adc7ad531423c25b\"><strong><a href=\"https:\/\/sites.uel.br\/proppg\/inscricoes\/\">Inscreva-se aqui e confirme sua participa\u00e7\u00e3o!<\/a><\/strong><\/p>\n<\/div><\/details>\n<\/div>\n\n\n\n<p><a href=\"https:\/\/pos.uel.br\/ergonomia\/isencao\/\">Para isen\u00e7\u00e3o clique aqui.<\/a><\/p>\n\n\n\n<p><\/p>\n","protected":false},"excerpt":{"rendered":"<p>Para isen\u00e7\u00e3o clique aqui.<\/p>\n","protected":false},"author":6,"featured_media":0,"parent":0,"menu_order":0,"comment_status":"closed","ping_status":"closed","template":"","meta":{"_acf_changed":false,"_themeisle_gutenberg_block_has_review":false,"footnotes":""},"class_list":["post-57","page","type-page","status-publish","hentry"],"acf":[],"_links":{"self":[{"href":"https:\/\/pos.uel.br\/ergonomia\/wp-json\/wp\/v2\/pages\/57","targetHints":{"allow":["GET"]}}],"collection":[{"href":"https:\/\/pos.uel.br\/ergonomia\/wp-json\/wp\/v2\/pages"}],"about":[{"href":"https:\/\/pos.uel.br\/ergonomia\/wp-json\/wp\/v2\/types\/page"}],"author":[{"embeddable":true,"href":"https:\/\/pos.uel.br\/ergonomia\/wp-json\/wp\/v2\/users\/6"}],"replies":[{"embeddable":true,"href":"https:\/\/pos.uel.br\/ergonomia\/wp-json\/wp\/v2\/comments?post=57"}],"version-history":[{"count":11,"href":"https:\/\/pos.uel.br\/ergonomia\/wp-json\/wp\/v2\/pages\/57\/revisions"}],"predecessor-version":[{"id":159,"href":"https:\/\/pos.uel.br\/ergonomia\/wp-json\/wp\/v2\/pages\/57\/revisions\/159"}],"wp:attachment":[{"href":"https:\/\/pos.uel.br\/ergonomia\/wp-json\/wp\/v2\/media?parent=57"}],"curies":[{"name":"wp","href":"https:\/\/api.w.org\/{rel}","templated":true}]}}